{"id":8873,"date":"2023-02-20T11:55:32","date_gmt":"2023-02-20T09:55:32","guid":{"rendered":"https:\/\/www.polarmatic.com\/?page_id=8873"},"modified":"2024-04-22T14:50:33","modified_gmt":"2024-04-22T11:50:33","slug":"turbomatic-unite-denergie-thermique","status":"publish","type":"page","link":"https:\/\/www.polarmatic.com\/fr\/solutions\/solutions-de-chauffage-turbomatic\/turbomatic-unite-denergie-thermique\/","title":{"rendered":"TURBOMATIC Unit\u00e9 d\u2019\u00e9nergie thermique"},"content":{"rendered":"\n<div class=\"row\"  id=\"row-1560316883\">\n\n\n\t<div id=\"col-341506714\" class=\"col small-12 large-12\"  >\n\t\t\t\t<div class=\"col-inner\"  >\n\t\t\t\n\t\t\t\n\n\t\t<div class=\"pm-breadcrumbs\">\n\t\t\t\t\n\n<span><span><a href=\"https:\/\/www.polarmatic.com\/fr\/\">Home<\/a><\/span><\/span>\n\t\t<\/div>\n\t\n\n\t\t<\/div>\n\t\t\t\t\t<\/div>\n\n\t\n\n<\/div>\n<div class=\"row\"  id=\"row-747082886\">\n\n\n\t<div id=\"col-968080811\" class=\"col medium-6 small-12 large-6\"  >\n\t\t\t\t<div class=\"col-inner\"  >\n\t\t\t\n\t\t\t\n\n\t<div id=\"text-3943389836\" class=\"text\">\n\t\t\n\n<h1>TURBOMATIC Unit\u00e9 d\u2019\u00e9nergie thermique<\/h1>\n<p>Une TURBOMATIC Unit\u00e9 d\u2019\u00e9nergie thermique est une solution de chauffage qui chauffe les granulats, l&rsquo;eau et les locaux de la centrale \u00e0 b\u00e9ton.<\/p>\n<p>En fonction du type de production et des conditions climatiques, vous trouverez parmi ces configurations la solution id\u00e9ale pour chaque site de production de b\u00e9ton\u00a0:<\/p>\n<ul>\n<li>standardTURBOMATIC (STD)<\/li>\n<li>maxTURBOMATIC (MAX)<\/li>\n<li>ecoTURBOMATIC (ECO)<\/li>\n<li>microTURBOMATIC (MICRO)<\/li>\n<\/ul>\n<p>\u00a0<\/p>\n\t\t\n<style>\n#text-3943389836 {\n  line-height: 1.5;\n}\n<\/style>\n\t<\/div>\n\t\n\n\t\t<\/div>\n\t\t\t\t\t<\/div>\n\n\t\n\n\t<div id=\"col-2142567060\" class=\"col medium-6 small-12 large-6\"  >\n\t\t\t\t<div class=\"col-inner\"  >\n\t\t\t\n\t\t\t\n\n\n  \n    <div id=\"gallery-1254833880\" class=\"slider slider-auto-height row-collapse slider-nav-circle\" data-flickity-options='{&quot;imagesLoaded&quot;: true, &quot;dragThreshold&quot; : 5, &quot;cellAlign&quot;: &quot;left&quot;,&quot;wrapAround&quot;: true,&quot;prevNextButtons&quot;: true,&quot;percentPosition&quot;: true,&quot;pageDots&quot;: true, &quot;rightToLeft&quot;: false, &quot;autoPlay&quot; : 6000}'>\n\n  <div class=\"gallery-col col\" >\n          <div class=\"col-inner\">\n            <a class=\"image-lightbox lightbox-gallery\" href=\"https:\/\/www.polarmatic.com\/wp-content\/uploads\/2023\/03\/TURBOMATIC-STD-AT6-container-2.png\" title=\"standardTURBOMATIC\">            <div class=\"box has-hover gallery-box box-normal\">\n              <div class=\"box-image\" >\n                <img loading=\"lazy\" decoding=\"async\" width=\"1920\" height=\"1080\" src=\"https:\/\/www.polarmatic.com\/wp-content\/uploads\/2023\/03\/TURBOMATIC-STD-AT6-container-2.png\" class=\"attachment-2048x2048 size-2048x2048\" alt=\"standardTURBOMATIC\" ids=\"9293,9301,9283,9467\" style=\"normal\" lightbox_image_size=\"2048x2048\" type=\"slider-full\" slider_nav_style=\"circle\" slider_bullets=\"true\" auto_slide=\"6000\" image_size=\"2048x2048\" text_align=\"right\" text_padding=\"15px 30px 15px 30px\" srcset=\"https:\/\/www.polarmatic.com\/wp-content\/uploads\/2023\/03\/TURBOMATIC-STD-AT6-container-2.png 1920w, https:\/\/www.polarmatic.com\/wp-content\/uploads\/2023\/03\/TURBOMATIC-STD-AT6-container-2-300x169.png 300w, https:\/\/www.polarmatic.com\/wp-content\/uploads\/2023\/03\/TURBOMATIC-STD-AT6-container-2-1024x576.png 1024w, https:\/\/www.polarmatic.com\/wp-content\/uploads\/2023\/03\/TURBOMATIC-STD-AT6-container-2-768x432.png 768w, https:\/\/www.polarmatic.com\/wp-content\/uploads\/2023\/03\/TURBOMATIC-STD-AT6-container-2-1536x864.png 1536w\" sizes=\"auto, (max-width: 1920px) 100vw, 1920px\" \/>                                                              <\/div>\n              <div class=\"box-text text-right\" style=\"padding:15px 30px 15px 30px;\">\n                 <p>standardTURBOMATIC<\/p>\n              <\/div>\n            <\/div>\n            <\/a>          <\/div>\n         <\/div><div class=\"gallery-col col\" >\n          <div class=\"col-inner\">\n            <a class=\"image-lightbox lightbox-gallery\" href=\"https:\/\/www.polarmatic.com\/wp-content\/uploads\/2023\/03\/TURBOMATIC-MAX-A12-container-2.png\" title=\"maxTURBOMATIC\">            <div class=\"box has-hover gallery-box box-normal\">\n              <div class=\"box-image\" >\n                <img loading=\"lazy\" decoding=\"async\" width=\"1920\" height=\"1080\" src=\"https:\/\/www.polarmatic.com\/wp-content\/uploads\/2023\/03\/TURBOMATIC-MAX-A12-container-2.png\" class=\"attachment-2048x2048 size-2048x2048\" alt=\"TURBOMATIC MAX\" ids=\"9293,9301,9283,9467\" style=\"normal\" lightbox_image_size=\"2048x2048\" type=\"slider-full\" slider_nav_style=\"circle\" slider_bullets=\"true\" auto_slide=\"6000\" image_size=\"2048x2048\" text_align=\"right\" text_padding=\"15px 30px 15px 30px\" srcset=\"https:\/\/www.polarmatic.com\/wp-content\/uploads\/2023\/03\/TURBOMATIC-MAX-A12-container-2.png 1920w, https:\/\/www.polarmatic.com\/wp-content\/uploads\/2023\/03\/TURBOMATIC-MAX-A12-container-2-300x169.png 300w, https:\/\/www.polarmatic.com\/wp-content\/uploads\/2023\/03\/TURBOMATIC-MAX-A12-container-2-1024x576.png 1024w, https:\/\/www.polarmatic.com\/wp-content\/uploads\/2023\/03\/TURBOMATIC-MAX-A12-container-2-768x432.png 768w, https:\/\/www.polarmatic.com\/wp-content\/uploads\/2023\/03\/TURBOMATIC-MAX-A12-container-2-1536x864.png 1536w\" sizes=\"auto, (max-width: 1920px) 100vw, 1920px\" \/>                                                              <\/div>\n              <div class=\"box-text text-right\" style=\"padding:15px 30px 15px 30px;\">\n                 <p>maxTURBOMATIC<\/p>\n              <\/div>\n            <\/div>\n            <\/a>          <\/div>\n         <\/div><div class=\"gallery-col col\" >\n          <div class=\"col-inner\">\n            <a class=\"image-lightbox lightbox-gallery\" href=\"https:\/\/www.polarmatic.com\/wp-content\/uploads\/2023\/03\/TURBOMATIC-ECO-container-2-1.png\" title=\"ecoTURBOMATIC\">            <div class=\"box has-hover gallery-box box-normal\">\n              <div class=\"box-image\" >\n                <img loading=\"lazy\" decoding=\"async\" width=\"1920\" height=\"1080\" src=\"https:\/\/www.polarmatic.com\/wp-content\/uploads\/2023\/03\/TURBOMATIC-ECO-container-2-1.png\" class=\"attachment-2048x2048 size-2048x2048\" alt=\"ecoTURBOMATIC\" ids=\"9293,9301,9283,9467\" style=\"normal\" lightbox_image_size=\"2048x2048\" type=\"slider-full\" slider_nav_style=\"circle\" slider_bullets=\"true\" auto_slide=\"6000\" image_size=\"2048x2048\" text_align=\"right\" text_padding=\"15px 30px 15px 30px\" srcset=\"https:\/\/www.polarmatic.com\/wp-content\/uploads\/2023\/03\/TURBOMATIC-ECO-container-2-1.png 1920w, https:\/\/www.polarmatic.com\/wp-content\/uploads\/2023\/03\/TURBOMATIC-ECO-container-2-1-300x169.png 300w, https:\/\/www.polarmatic.com\/wp-content\/uploads\/2023\/03\/TURBOMATIC-ECO-container-2-1-1024x576.png 1024w, https:\/\/www.polarmatic.com\/wp-content\/uploads\/2023\/03\/TURBOMATIC-ECO-container-2-1-768x432.png 768w, https:\/\/www.polarmatic.com\/wp-content\/uploads\/2023\/03\/TURBOMATIC-ECO-container-2-1-1536x864.png 1536w\" sizes=\"auto, (max-width: 1920px) 100vw, 1920px\" \/>                                                              <\/div>\n              <div class=\"box-text text-right\" style=\"padding:15px 30px 15px 30px;\">\n                 <p>ecoTURBOMATIC<\/p>\n              <\/div>\n            <\/div>\n            <\/a>          <\/div>\n         <\/div><div class=\"gallery-col col\" >\n          <div class=\"col-inner\">\n            <a class=\"image-lightbox lightbox-gallery\" href=\"https:\/\/www.polarmatic.com\/wp-content\/uploads\/2023\/04\/kiilahormi-2048x1152.png\" title=\"Bouches d\u2019air chaud \">            <div class=\"box has-hover gallery-box box-normal\">\n              <div class=\"box-image\" >\n                <img loading=\"lazy\" decoding=\"async\" width=\"2048\" height=\"1152\" src=\"https:\/\/www.polarmatic.com\/wp-content\/uploads\/2023\/04\/kiilahormi-2048x1152.png\" class=\"attachment-2048x2048 size-2048x2048\" alt=\"Heating Register\" ids=\"9293,9301,9283,9467\" style=\"normal\" lightbox_image_size=\"2048x2048\" type=\"slider-full\" slider_nav_style=\"circle\" slider_bullets=\"true\" auto_slide=\"6000\" image_size=\"2048x2048\" text_align=\"right\" text_padding=\"15px 30px 15px 30px\" srcset=\"https:\/\/www.polarmatic.com\/wp-content\/uploads\/2023\/04\/kiilahormi-2048x1152.png 2048w, https:\/\/www.polarmatic.com\/wp-content\/uploads\/2023\/04\/kiilahormi-300x169.png 300w, https:\/\/www.polarmatic.com\/wp-content\/uploads\/2023\/04\/kiilahormi-1024x576.png 1024w, https:\/\/www.polarmatic.com\/wp-content\/uploads\/2023\/04\/kiilahormi-768x432.png 768w, https:\/\/www.polarmatic.com\/wp-content\/uploads\/2023\/04\/kiilahormi-1536x864.png 1536w\" sizes=\"auto, (max-width: 2048px) 100vw, 2048px\" \/>                                                              <\/div>\n              <div class=\"box-text text-right\" style=\"padding:15px 30px 15px 30px;\">\n                 <p>Bouches d\u2019air chaud <\/p>\n              <\/div>\n            <\/div>\n            <\/a>          <\/div>\n         <\/div><\/div>\n\n\n\t\t<\/div>\n\t\t\t\t\t<\/div>\n\n\t\n\n<\/div>\n<div class=\"is-divider divider clearfix\" style=\"max-width:100%;height:1px;\"><\/div>\n\n<div class=\"row\"  id=\"row-1969098888\">\n\n\n\t<div id=\"col-1928217638\" class=\"col medium-4 small-12 large-4\"  >\n\t\t\t\t<div class=\"col-inner\"  >\n\t\t\t\n\t\t\t\n\n\t<div class=\"img has-hover x md-x lg-x y md-y lg-y\" id=\"image_976020572\">\n\t\t\t\t\t\t\t\t<div class=\"img-inner dark\" >\n\t\t\t<img loading=\"lazy\" decoding=\"async\" width=\"1920\" height=\"1080\" src=\"https:\/\/www.polarmatic.com\/wp-content\/uploads\/2023\/03\/TURBOMATIC-STD-AT6-container-2.png\" class=\"attachment-2048x2048 size-2048x2048\" alt=\"TURBOMATIC STD AT6 container 2\" srcset=\"https:\/\/www.polarmatic.com\/wp-content\/uploads\/2023\/03\/TURBOMATIC-STD-AT6-container-2.png 1920w, https:\/\/www.polarmatic.com\/wp-content\/uploads\/2023\/03\/TURBOMATIC-STD-AT6-container-2-300x169.png 300w, https:\/\/www.polarmatic.com\/wp-content\/uploads\/2023\/03\/TURBOMATIC-STD-AT6-container-2-1024x576.png 1024w, https:\/\/www.polarmatic.com\/wp-content\/uploads\/2023\/03\/TURBOMATIC-STD-AT6-container-2-768x432.png 768w, https:\/\/www.polarmatic.com\/wp-content\/uploads\/2023\/03\/TURBOMATIC-STD-AT6-container-2-1536x864.png 1536w\" sizes=\"auto, (max-width: 1920px) 100vw, 1920px\" \/>\t\t\t\t\t\t\n\t\t\t\t\t<\/div>\n\t\t\t\t\t\t\t\t\n<style>\n#image_976020572 {\n  width: 80%;\n}\n<\/style>\n\t<\/div>\n\t\n\n\n\t\t<\/div>\n\t\t\t\t\t<\/div>\n\n\t\n\n\t<div id=\"col-867723857\" class=\"col medium-8 small-12 large-8\"  >\n\t\t\t\t<div class=\"col-inner\"  >\n\t\t\t\n\t\t\t\n\n\t<div id=\"text-1812482485\" class=\"text\">\n\t\t\n\n<h2><span lang=\"FR\">standardTURBOMATIC<\/span><\/h2>\n<p><span lang=\"FR\">Solution de chauffage adapt\u00e9e aux centrales \u00e0 b\u00e9ton pr\u00eat \u00e0 l&#8217;emploi expos\u00e9es \u00e0 des conditions climatiques de niveau mod\u00e9r\u00e9 \u00e0 \u00e9lev\u00e9 <\/span><span lang=\"FR\">et\/ou des applications n\u00e9cessitant une puissance de chauffage mod\u00e9r\u00e9e \u00e0 \u00e9lev\u00e9e.<\/span><\/p>\n\t\t\n<style>\n#text-1812482485 {\n  line-height: 1.5;\n}\n<\/style>\n\t<\/div>\n\t\n<a href=\"https:\/\/www.polarmatic.com\/fr\/solutions\/solutions-de-chauffage-turbomatic\/turbomatic-unite-denergie-thermique\/standardturbomatic-std\/\" class=\"button primary lowercase\" >\n\t\t<span>En savoir plus<\/span>\n\t<\/a>\n\n\n\n\t\t<\/div>\n\t\t\t\t\n<style>\n#col-867723857 > .col-inner {\n  padding: 0px 0px 0px 0px;\n  margin: 0px 0px 0px 0px;\n}\n<\/style>\n\t<\/div>\n\n\t\n\n\n<style>\n#row-1969098888 > .col > .col-inner {\n  padding: 30px 0px 0px 0px;\n}\n<\/style>\n<\/div>\n<div class=\"is-divider divider clearfix\" style=\"max-width:100%;height:1px;\"><\/div>\n\n<div class=\"row\"  id=\"row-1483101503\">\n\n\n\t<div id=\"col-337272571\" class=\"col medium-4 small-12 large-4\"  >\n\t\t\t\t<div class=\"col-inner\"  >\n\t\t\t\n\t\t\t\n\n\t<div class=\"img has-hover x md-x lg-x y md-y lg-y\" id=\"image_481131189\">\n\t\t\t\t\t\t\t\t<div class=\"img-inner dark\" >\n\t\t\t<img loading=\"lazy\" decoding=\"async\" width=\"1920\" height=\"1080\" src=\"https:\/\/www.polarmatic.com\/wp-content\/uploads\/2023\/03\/TURBOMATIC-MAX-A12-container-1.png\" class=\"attachment-2048x2048 size-2048x2048\" alt=\"TURBOMATIC MAX A12 container\" srcset=\"https:\/\/www.polarmatic.com\/wp-content\/uploads\/2023\/03\/TURBOMATIC-MAX-A12-container-1.png 1920w, https:\/\/www.polarmatic.com\/wp-content\/uploads\/2023\/03\/TURBOMATIC-MAX-A12-container-1-300x169.png 300w, https:\/\/www.polarmatic.com\/wp-content\/uploads\/2023\/03\/TURBOMATIC-MAX-A12-container-1-1024x576.png 1024w, https:\/\/www.polarmatic.com\/wp-content\/uploads\/2023\/03\/TURBOMATIC-MAX-A12-container-1-768x432.png 768w, https:\/\/www.polarmatic.com\/wp-content\/uploads\/2023\/03\/TURBOMATIC-MAX-A12-container-1-1536x864.png 1536w\" sizes=\"auto, (max-width: 1920px) 100vw, 1920px\" \/>\t\t\t\t\t\t\n\t\t\t\t\t<\/div>\n\t\t\t\t\t\t\t\t\n<style>\n#image_481131189 {\n  width: 80%;\n}\n<\/style>\n\t<\/div>\n\t\n\n\n\t\t<\/div>\n\t\t\t\t\t<\/div>\n\n\t\n\n\t<div id=\"col-498980037\" class=\"col medium-8 small-12 large-8\"  >\n\t\t\t\t<div class=\"col-inner\"  >\n\t\t\t\n\t\t\t\n\n\t<div id=\"text-387402640\" class=\"text\">\n\t\t\n\n<h2><span lang=\"FR\">maxTURBOMATIC<\/span><\/h2>\n<p><span lang=\"FR\">Chauffage pour les grandes centrales \u00e0 b\u00e9ton qui font face \u00e0 des conditions climatiques extr\u00eames et pour les applications n\u00e9cessitant une puissance \u00e9lev\u00e9e et un chauffage continu des granulats ou de l&rsquo;eau 24\/7.\u00a0<\/span><\/p>\n\t\t\n<style>\n#text-387402640 {\n  line-height: 1.5;\n}\n<\/style>\n\t<\/div>\n\t\n<a href=\"https:\/\/www.polarmatic.com\/fr\/solutions\/solutions-de-chauffage-turbomatic\/turbomatic-unite-denergie-thermique\/maxturbomatic-max\/\" class=\"button primary lowercase\" >\n\t\t<span>En savoir plus<\/span>\n\t<\/a>\n\n\n\n\t\t<\/div>\n\t\t\t\t\t<\/div>\n\n\t\n\n\n<style>\n#row-1483101503 > .col > .col-inner {\n  padding: 30px 0px 0px 0px;\n}\n<\/style>\n<\/div>\n<div class=\"is-divider divider clearfix\" style=\"max-width:100%;height:1px;\"><\/div>\n\n<div class=\"row\"  id=\"row-1081522847\">\n\n\n\t<div id=\"col-1399021109\" class=\"col medium-4 small-12 large-4\"  >\n\t\t\t\t<div class=\"col-inner\"  >\n\t\t\t\n\t\t\t\n\n\t<div class=\"img has-hover x md-x lg-x y md-y lg-y\" id=\"image_1080041853\">\n\t\t\t\t\t\t\t\t<div class=\"img-inner dark\" >\n\t\t\t<img loading=\"lazy\" decoding=\"async\" width=\"1920\" height=\"1080\" src=\"https:\/\/www.polarmatic.com\/wp-content\/uploads\/2023\/03\/TURBOMATIC-ECO-container-2-1.png\" class=\"attachment-2048x2048 size-2048x2048\" alt=\"ecoTURBOMATIC heating solution\" srcset=\"https:\/\/www.polarmatic.com\/wp-content\/uploads\/2023\/03\/TURBOMATIC-ECO-container-2-1.png 1920w, https:\/\/www.polarmatic.com\/wp-content\/uploads\/2023\/03\/TURBOMATIC-ECO-container-2-1-300x169.png 300w, https:\/\/www.polarmatic.com\/wp-content\/uploads\/2023\/03\/TURBOMATIC-ECO-container-2-1-1024x576.png 1024w, https:\/\/www.polarmatic.com\/wp-content\/uploads\/2023\/03\/TURBOMATIC-ECO-container-2-1-768x432.png 768w, https:\/\/www.polarmatic.com\/wp-content\/uploads\/2023\/03\/TURBOMATIC-ECO-container-2-1-1536x864.png 1536w\" sizes=\"auto, (max-width: 1920px) 100vw, 1920px\" \/>\t\t\t\t\t\t\n\t\t\t\t\t<\/div>\n\t\t\t\t\t\t\t\t\n<style>\n#image_1080041853 {\n  width: 80%;\n}\n<\/style>\n\t<\/div>\n\t\n\n\n\t\t<\/div>\n\t\t\t\t\t<\/div>\n\n\t\n\n\t<div id=\"col-58317329\" class=\"col medium-8 small-12 large-8\"  >\n\t\t\t\t<div class=\"col-inner\"  >\n\t\t\t\n\t\t\t\n\n\t<div id=\"text-1870387036\" class=\"text\">\n\t\t\n\n<h2>ecoTURBOMATIC<\/h2>\n<p>Solution de chauffage pour les centrales \u00e0 b\u00e9ton de dimension moyenne expos\u00e9es \u00e0 des conditions climatiques douces \u00e0 mod\u00e9r\u00e9es et\/ou des applications o\u00f9 le chauffage des agr\u00e9gats et de l&rsquo;eau n&rsquo;est qu&rsquo;occasionnellement n\u00e9cessaire.<\/p>\n\t\t\n<style>\n#text-1870387036 {\n  line-height: 1.5;\n}\n<\/style>\n\t<\/div>\n\t\n<a href=\"https:\/\/www.polarmatic.com\/fr\/solutions\/solutions-de-chauffage-turbomatic\/turbomatic-unite-denergie-thermique\/ecoturbomatic-eco\/\" class=\"button primary lowercase\" >\n\t\t<span>En savoir plus<\/span>\n\t<\/a>\n\n\n\n\t\t<\/div>\n\t\t\t\t\t<\/div>\n\n\t\n\n\n<style>\n#row-1081522847 > .col > .col-inner {\n  padding: 30px 0px 0px 0px;\n}\n<\/style>\n<\/div>\n<div class=\"is-divider divider clearfix\" style=\"max-width:100%;height:1px;\"><\/div>\n\n<div class=\"row\"  id=\"row-653093098\">\n\n\n\t<div id=\"col-1041293173\" class=\"col medium-4 small-12 large-4\"  >\n\t\t\t\t<div class=\"col-inner\"  >\n\t\t\t\n\t\t\t\n\n\t<div class=\"img has-hover x md-x lg-x y md-y lg-y\" id=\"image_1469100381\">\n\t\t\t\t\t\t\t\t<div class=\"img-inner dark\" >\n\t\t\t<img loading=\"lazy\" decoding=\"async\" width=\"1024\" height=\"768\" src=\"https:\/\/www.polarmatic.com\/wp-content\/uploads\/2023\/04\/MYY_Luukku-kiinni.png\" class=\"attachment-2048x2048 size-2048x2048\" alt=\"microTURBOMATIC\" srcset=\"https:\/\/www.polarmatic.com\/wp-content\/uploads\/2023\/04\/MYY_Luukku-kiinni.png 1024w, https:\/\/www.polarmatic.com\/wp-content\/uploads\/2023\/04\/MYY_Luukku-kiinni-300x225.png 300w, https:\/\/www.polarmatic.com\/wp-content\/uploads\/2023\/04\/MYY_Luukku-kiinni-768x576.png 768w\" sizes=\"auto, (max-width: 1024px) 100vw, 1024px\" \/>\t\t\t\t\t\t\n\t\t\t\t\t<\/div>\n\t\t\t\t\t\t\t\t\n<style>\n#image_1469100381 {\n  width: 80%;\n}\n<\/style>\n\t<\/div>\n\t\n\n\n\t\t<\/div>\n\t\t\t\t\t<\/div>\n\n\t\n\n\t<div id=\"col-577295923\" class=\"col medium-8 small-12 large-8\"  >\n\t\t\t\t<div class=\"col-inner\"  >\n\t\t\t\n\t\t\t\n\n\t<div id=\"text-2980716628\" class=\"text\">\n\t\t\n\n<h2><span lang=\"FR\">microTURBOMATIC<\/span><\/h2>\n<p><span lang=\"FR\">Solution de chauffage compacte et efficace pour b\u00e9tonni\u00e8res mobiles.<\/span><\/p>\n\t\t\n<style>\n#text-2980716628 {\n  line-height: 1.5;\n}\n<\/style>\n\t<\/div>\n\t\n<a href=\"https:\/\/www.polarmatic.com\/fr\/solutions\/solutions-de-chauffage-turbomatic\/turbomatic-unite-denergie-thermique\/microturbomatic-mic\/\" class=\"button primary lowercase\" >\n\t\t<span>En savoir plus<\/span>\n\t<\/a>\n\n\n\n\t\t<\/div>\n\t\t\t\t\t<\/div>\n\n\t\n\n\n<style>\n#row-653093098 > .col > .col-inner {\n  padding: 30px 0px 0px 0px;\n}\n<\/style>\n<\/div>\n\n","protected":false},"excerpt":{"rendered":"","protected":false},"author":5,"featured_media":0,"parent":8867,"menu_order":1,"comment_status":"closed","ping_status":"closed","template":"","meta":{"_acf_changed":false,"footnotes":""},"class_list":["post-8873","page","type-page","status-publish","hentry"],"acf":[],"_links":{"self":[{"href":"https:\/\/www.polarmatic.com\/fr\/wp-json\/wp\/v2\/pages\/8873","targetHints":{"allow":["GET"]}}],"collection":[{"href":"https:\/\/www.polarmatic.com\/fr\/wp-json\/wp\/v2\/pages"}],"about":[{"href":"https:\/\/www.polarmatic.com\/fr\/wp-json\/wp\/v2\/types\/page"}],"author":[{"embeddable":true,"href":"https:\/\/www.polarmatic.com\/fr\/wp-json\/wp\/v2\/users\/5"}],"replies":[{"embeddable":true,"href":"https:\/\/www.polarmatic.com\/fr\/wp-json\/wp\/v2\/comments?post=8873"}],"version-history":[{"count":8,"href":"https:\/\/www.polarmatic.com\/fr\/wp-json\/wp\/v2\/pages\/8873\/revisions"}],"predecessor-version":[{"id":10449,"href":"https:\/\/www.polarmatic.com\/fr\/wp-json\/wp\/v2\/pages\/8873\/revisions\/10449"}],"up":[{"embeddable":true,"href":"https:\/\/www.polarmatic.com\/fr\/wp-json\/wp\/v2\/pages\/8867"}],"wp:attachment":[{"href":"https:\/\/www.polarmatic.com\/fr\/wp-json\/wp\/v2\/media?parent=8873"}],"curies":[{"name":"wp","href":"https:\/\/api.w.org\/{rel}","templated":true}]}}