{"id":9673,"date":"2023-02-24T13:12:18","date_gmt":"2023-02-24T11:12:18","guid":{"rendered":"https:\/\/www.polarmatic.com\/?page_id=9673"},"modified":"2024-04-22T09:54:35","modified_gmt":"2024-04-22T06:54:35","slug":"standardturbomatic-std","status":"publish","type":"page","link":"https:\/\/www.polarmatic.com\/fr\/solutions\/solutions-de-chauffage-turbomatic\/turbomatic-unite-denergie-thermique\/standardturbomatic-std\/","title":{"rendered":"standardTURBOMATIC (STD)"},"content":{"rendered":"\n<div class=\"row\"  id=\"row-400790827\">\n\n\n\t<div id=\"col-796398709\" class=\"col small-12 large-12\"  >\n\t\t\t\t<div class=\"col-inner\"  >\n\t\t\t\n\t\t\t\n\n\t\t<div class=\"pm-breadcrumbs\">\n\t\t\t\t\n\n<span><span><a href=\"https:\/\/www.polarmatic.com\/fr\/\">Home<\/a><\/span><\/span>\n\t\t<\/div>\n\t\n\n\t\t<\/div>\n\t\t\t\t\t<\/div>\n\n\t\n\n<\/div>\n<div class=\"row\"  id=\"row-353552818\">\n\n\n\t<div id=\"col-945935576\" class=\"col medium-6 small-12 large-6\"  >\n\t\t\t\t<div class=\"col-inner\"  >\n\t\t\t\n\t\t\t\n\n\t<div id=\"text-437686810\" class=\"text\">\n\t\t\n\n<h1>standardTURBOMATIC (STD)<\/h1>\n<p>\u00a0<\/p>\n<p><span lang=\"FR\">La configuration TURBOMATIC STD est le plus souvent utilis\u00e9e pour r\u00e9pondre aux besoins de chauffage des conditions climatiques mod\u00e9r\u00e9es \u00e0 s\u00e9v\u00e8res et\/ou pour les applications ayant besoin d&rsquo;une puissance de chauffage mod\u00e9r\u00e9e \u00e0 \u00e9lev\u00e9e.<\/span><\/p>\n<h2><span style=\"color: #3a5dae; font-size: 75%;\">Applications typiques<\/span><\/h2>\n<ul>\n<li>Centrales \u00e0 b\u00e9ton pr\u00eat \u00e0 l&#8217;emploi expos\u00e9es \u00e0 des conditions climatiques mod\u00e9r\u00e9es et s\u00e9v\u00e8res<\/li>\n<\/ul>\n<h2><span style=\"font-size: 75%; color: #3a5dae;\">Fonctions principales<\/span><\/h2>\n<ul>\n<li>Chauffage des granulats avec TURBOgas\/steam.<\/li>\n<li>G\u00e9n\u00e9ration d\u2019eau de dosage chaude<\/li>\n<\/ul>\n<h2><span style=\"font-size: 75%; color: #3a5dae;\">Options de chauffage<\/span><\/h2>\n<ul>\n<li>Chauffage des installations de production de la centrale \u00e0 b\u00e9ton<\/li>\n<li>G\u00e9n\u00e9ration d&rsquo;eau chaude de lavage et utilis\u00e9e dans l&rsquo;usine<\/li>\n<li>Alimentation en eau chaude pour le remplissage du r\u00e9servoir d\u2019un camion-malaxeur<\/li>\n<li>Chauffage des autres locaux de l\u2019usine, tels que bureaux et laboratoires<\/li>\n<\/ul>\n\t\t\n<style>\n#text-437686810 {\n  line-height: 1.5;\n}\n<\/style>\n\t<\/div>\n\t\n\n\t\t<\/div>\n\t\t\t\t\t<\/div>\n\n\t\n\n\t<div id=\"col-1764048595\" class=\"col medium-6 small-12 large-6\"  >\n\t\t\t\t<div class=\"col-inner\"  >\n\t\t\t\n\t\t\t\n\n\n  \n    <div id=\"gallery-1700629205\" class=\"slider slider-auto-height row-collapse slider-nav-circle\" data-flickity-options='{&quot;imagesLoaded&quot;: true, &quot;dragThreshold&quot; : 5, &quot;cellAlign&quot;: &quot;left&quot;,&quot;wrapAround&quot;: true,&quot;prevNextButtons&quot;: true,&quot;percentPosition&quot;: true,&quot;pageDots&quot;: true, &quot;rightToLeft&quot;: false, &quot;autoPlay&quot; : 6000}'>\n\n  <div class=\"gallery-col col\" >\n          <div class=\"col-inner\">\n            <a class=\"image-lightbox lightbox-gallery\" href=\"https:\/\/www.polarmatic.com\/wp-content\/uploads\/2023\/03\/TURBOMATIC-STD-AT-container-2.png\" title=\"standardTURBOMATIC\">            <div class=\"box has-hover gallery-box box-normal\">\n              <div class=\"box-image\" >\n                <img loading=\"lazy\" decoding=\"async\" width=\"1920\" height=\"1080\" src=\"https:\/\/www.polarmatic.com\/wp-content\/uploads\/2023\/03\/TURBOMATIC-STD-AT-container-2.png\" class=\"attachment-2048x2048 size-2048x2048\" alt=\"TURBOMATIC STD AT container 2\" ids=\"9289,9293,9471,9469,9359\" style=\"normal\" lightbox_image_size=\"2048x2048\" type=\"slider-full\" slider_nav_style=\"circle\" slider_nav_color=\"light\" slider_bullets=\"true\" auto_slide=\"6000\" image_size=\"2048x2048\" text_align=\"right\" text_padding=\"15px 30px 15px 30px\" srcset=\"https:\/\/www.polarmatic.com\/wp-content\/uploads\/2023\/03\/TURBOMATIC-STD-AT-container-2.png 1920w, https:\/\/www.polarmatic.com\/wp-content\/uploads\/2023\/03\/TURBOMATIC-STD-AT-container-2-300x169.png 300w, https:\/\/www.polarmatic.com\/wp-content\/uploads\/2023\/03\/TURBOMATIC-STD-AT-container-2-1024x576.png 1024w, https:\/\/www.polarmatic.com\/wp-content\/uploads\/2023\/03\/TURBOMATIC-STD-AT-container-2-768x432.png 768w, https:\/\/www.polarmatic.com\/wp-content\/uploads\/2023\/03\/TURBOMATIC-STD-AT-container-2-1536x864.png 1536w\" sizes=\"auto, (max-width: 1920px) 100vw, 1920px\" \/>                                                              <\/div>\n              <div class=\"box-text text-right\" style=\"padding:15px 30px 15px 30px;\">\n                 <p>standardTURBOMATIC<\/p>\n              <\/div>\n            <\/div>\n            <\/a>          <\/div>\n         <\/div><div class=\"gallery-col col\" >\n          <div class=\"col-inner\">\n            <a class=\"image-lightbox lightbox-gallery\" href=\"https:\/\/www.polarmatic.com\/wp-content\/uploads\/2023\/03\/TURBOMATIC-STD-AT6-container-2.png\" title=\"standardTURBOMATIC\">            <div class=\"box has-hover gallery-box box-normal\">\n              <div class=\"box-image\" >\n                <img loading=\"lazy\" decoding=\"async\" width=\"1920\" height=\"1080\" src=\"https:\/\/www.polarmatic.com\/wp-content\/uploads\/2023\/03\/TURBOMATIC-STD-AT6-container-2.png\" class=\"attachment-2048x2048 size-2048x2048\" alt=\"standardTURBOMATIC\" ids=\"9289,9293,9471,9469,9359\" style=\"normal\" lightbox_image_size=\"2048x2048\" type=\"slider-full\" slider_nav_style=\"circle\" slider_nav_color=\"light\" slider_bullets=\"true\" auto_slide=\"6000\" image_size=\"2048x2048\" text_align=\"right\" text_padding=\"15px 30px 15px 30px\" srcset=\"https:\/\/www.polarmatic.com\/wp-content\/uploads\/2023\/03\/TURBOMATIC-STD-AT6-container-2.png 1920w, https:\/\/www.polarmatic.com\/wp-content\/uploads\/2023\/03\/TURBOMATIC-STD-AT6-container-2-300x169.png 300w, https:\/\/www.polarmatic.com\/wp-content\/uploads\/2023\/03\/TURBOMATIC-STD-AT6-container-2-1024x576.png 1024w, https:\/\/www.polarmatic.com\/wp-content\/uploads\/2023\/03\/TURBOMATIC-STD-AT6-container-2-768x432.png 768w, https:\/\/www.polarmatic.com\/wp-content\/uploads\/2023\/03\/TURBOMATIC-STD-AT6-container-2-1536x864.png 1536w\" sizes=\"auto, (max-width: 1920px) 100vw, 1920px\" \/>                                                              <\/div>\n              <div class=\"box-text text-right\" style=\"padding:15px 30px 15px 30px;\">\n                 <p>standardTURBOMATIC<\/p>\n              <\/div>\n            <\/div>\n            <\/a>          <\/div>\n         <\/div><div class=\"gallery-col col\" >\n          <div class=\"col-inner\">\n            <a class=\"image-lightbox lightbox-gallery\" href=\"https:\/\/www.polarmatic.com\/wp-content\/uploads\/2023\/04\/STD-halkileikkaus-2048x1152.png\" title=\"standardTURBOMATIC\">            <div class=\"box has-hover gallery-box box-normal\">\n              <div class=\"box-image\" >\n                <img loading=\"lazy\" decoding=\"async\" width=\"2048\" height=\"1152\" src=\"https:\/\/www.polarmatic.com\/wp-content\/uploads\/2023\/04\/STD-halkileikkaus-2048x1152.png\" class=\"attachment-2048x2048 size-2048x2048\" alt=\"standardTURBOMATIC\" ids=\"9289,9293,9471,9469,9359\" style=\"normal\" lightbox_image_size=\"2048x2048\" type=\"slider-full\" slider_nav_style=\"circle\" slider_nav_color=\"light\" slider_bullets=\"true\" auto_slide=\"6000\" image_size=\"2048x2048\" text_align=\"right\" text_padding=\"15px 30px 15px 30px\" srcset=\"https:\/\/www.polarmatic.com\/wp-content\/uploads\/2023\/04\/STD-halkileikkaus-2048x1152.png 2048w, https:\/\/www.polarmatic.com\/wp-content\/uploads\/2023\/04\/STD-halkileikkaus-300x169.png 300w, https:\/\/www.polarmatic.com\/wp-content\/uploads\/2023\/04\/STD-halkileikkaus-1024x576.png 1024w, https:\/\/www.polarmatic.com\/wp-content\/uploads\/2023\/04\/STD-halkileikkaus-768x432.png 768w, https:\/\/www.polarmatic.com\/wp-content\/uploads\/2023\/04\/STD-halkileikkaus-1536x864.png 1536w\" sizes=\"auto, (max-width: 2048px) 100vw, 2048px\" \/>                                                              <\/div>\n              <div class=\"box-text text-right\" style=\"padding:15px 30px 15px 30px;\">\n                 <p>standardTURBOMATIC<\/p>\n              <\/div>\n            <\/div>\n            <\/a>          <\/div>\n         <\/div><div class=\"gallery-col col\" >\n          <div class=\"col-inner\">\n            <a class=\"image-lightbox lightbox-gallery\" href=\"https:\/\/www.polarmatic.com\/wp-content\/uploads\/2023\/04\/STD-Kehikko-2048x1280.png\" title=\"standardTURBOMATIC \">            <div class=\"box has-hover gallery-box box-normal\">\n              <div class=\"box-image\" >\n                <img loading=\"lazy\" decoding=\"async\" width=\"2048\" height=\"1280\" src=\"https:\/\/www.polarmatic.com\/wp-content\/uploads\/2023\/04\/STD-Kehikko-2048x1280.png\" class=\"attachment-2048x2048 size-2048x2048\" alt=\"\" ids=\"9289,9293,9471,9469,9359\" style=\"normal\" lightbox_image_size=\"2048x2048\" type=\"slider-full\" slider_nav_style=\"circle\" slider_nav_color=\"light\" slider_bullets=\"true\" auto_slide=\"6000\" image_size=\"2048x2048\" text_align=\"right\" text_padding=\"15px 30px 15px 30px\" srcset=\"https:\/\/www.polarmatic.com\/wp-content\/uploads\/2023\/04\/STD-Kehikko-2048x1280.png 2048w, https:\/\/www.polarmatic.com\/wp-content\/uploads\/2023\/04\/STD-Kehikko-300x188.png 300w, https:\/\/www.polarmatic.com\/wp-content\/uploads\/2023\/04\/STD-Kehikko-1024x640.png 1024w, https:\/\/www.polarmatic.com\/wp-content\/uploads\/2023\/04\/STD-Kehikko-768x480.png 768w, https:\/\/www.polarmatic.com\/wp-content\/uploads\/2023\/04\/STD-Kehikko-1536x960.png 1536w\" sizes=\"auto, (max-width: 2048px) 100vw, 2048px\" \/>                                                              <\/div>\n              <div class=\"box-text text-right\" style=\"padding:15px 30px 15px 30px;\">\n                 <p>standardTURBOMATIC <\/p>\n              <\/div>\n            <\/div>\n            <\/a>          <\/div>\n         <\/div><div class=\"gallery-col col\" >\n          <div class=\"col-inner\">\n            <a class=\"image-lightbox lightbox-gallery\" href=\"https:\/\/www.polarmatic.com\/wp-content\/uploads\/2023\/03\/Heating-stdTURBOMATIC-EN.jpg\" title=\"standardTURBOMATIC\">            <div class=\"box has-hover gallery-box box-normal\">\n              <div class=\"box-image\" >\n                <img loading=\"lazy\" decoding=\"async\" width=\"1500\" height=\"1159\" src=\"https:\/\/www.polarmatic.com\/wp-content\/uploads\/2023\/03\/Heating-stdTURBOMATIC-EN.jpg\" class=\"attachment-2048x2048 size-2048x2048\" alt=\"\" ids=\"9289,9293,9471,9469,9359\" style=\"normal\" lightbox_image_size=\"2048x2048\" type=\"slider-full\" slider_nav_style=\"circle\" slider_nav_color=\"light\" slider_bullets=\"true\" auto_slide=\"6000\" image_size=\"2048x2048\" text_align=\"right\" text_padding=\"15px 30px 15px 30px\" srcset=\"https:\/\/www.polarmatic.com\/wp-content\/uploads\/2023\/03\/Heating-stdTURBOMATIC-EN.jpg 1500w, https:\/\/www.polarmatic.com\/wp-content\/uploads\/2023\/03\/Heating-stdTURBOMATIC-EN-300x232.jpg 300w, https:\/\/www.polarmatic.com\/wp-content\/uploads\/2023\/03\/Heating-stdTURBOMATIC-EN-1024x791.jpg 1024w, https:\/\/www.polarmatic.com\/wp-content\/uploads\/2023\/03\/Heating-stdTURBOMATIC-EN-768x593.jpg 768w\" sizes=\"auto, (max-width: 1500px) 100vw, 1500px\" \/>                                                              <\/div>\n              <div class=\"box-text text-right\" style=\"padding:15px 30px 15px 30px;\">\n                 <p>standardTURBOMATIC<\/p>\n              <\/div>\n            <\/div>\n            <\/a>          <\/div>\n         <\/div><\/div>\n\n\n\t\t<\/div>\n\t\t\t\t\t<\/div>\n\n\t\n\n<\/div>\n<div class=\"is-divider divider clearfix\" style=\"max-width:100%;height:1px;\"><\/div>\n\n<div class=\"row\"  id=\"row-63545904\">\n\n\n\t<div id=\"col-1955573011\" class=\"col small-12 large-12\"  >\n\t\t\t\t<div class=\"col-inner\"  >\n\t\t\t\n\t\t\t\n\n\t<div id=\"text-2831219034\" class=\"text\">\n\t\t\n\n<h2>Mod\u00e8les standardTURBOMATIC<\/h2>\n<p>\u00a0<\/p>\n\t\t\n<style>\n#text-2831219034 {\n  line-height: 1.5;\n}\n<\/style>\n\t<\/div>\n\t\n\t\t<div class=\"pm-product-specs\">\n\t\t\t\t\n\n\n<div id=\"tablepress-32-scroll-wrapper\" class=\"tablepress-scroll-wrapper\">\n<table id=\"tablepress-32\" class=\"tablepress tablepress-id-32 tablepress-responsive tbody-has-connected-cells\">\n<thead>\n<tr class=\"row-1\">\n\t<th class=\"column-1\"><strong>PME-STD 750<\/strong><\/th><th class=\"column-2\"><strong>PME-STD 1000<\/strong><\/th><th class=\"column-3\"><strong>PME-STD 1250<\/strong><\/th><th class=\"column-4\"><strong>PME-STD 1500<\/strong><\/th><th class=\"column-5\"><strong>PME-STD 2000<\/strong><\/th><th class=\"column-6\"><strong>PME-STD 2500<\/strong><\/th>\n<\/tr>\n<\/thead>\n<tbody class=\"row-striping row-hover\">\n<tr class=\"row-2\">\n\t<td colspan=\"6\" class=\"column-1\"><h3>Puissance<\/h3><\/td>\n<\/tr>\n<tr class=\"row-3\">\n\t<td class=\"column-1\"><strong>750 <span class=\"unit\">kW<\/span><\/strong><\/td><td class=\"column-2\"><strong>1000 <span class=\"unit\">kW<\/span><\/strong><\/td><td class=\"column-3\"><strong>1250 <span class=\"unit\">kW<\/span><\/strong><\/td><td class=\"column-4\"><strong>1500 <span class=\"unit\">kW<\/span><\/strong><\/td><td class=\"column-5\"><strong>2000 <span class=\"unit\">kW<\/span><\/strong><\/td><td class=\"column-6\"><strong>2500 <span class=\"unit\">kW<\/span><\/strong><\/td>\n<\/tr>\n<tr class=\"row-4\">\n\t<td class=\"column-1\">Agr\u00e9gats<br\/> 75...525 kW<br\/> <br\/> Eau<br\/> 225...675 kW<\/td><td class=\"column-2\">Agr\u00e9gats <br\/> 100...700 kW<br\/> <br\/> Eau<br\/> 300...900 kW<\/td><td class=\"column-3\">Agr\u00e9gats <br\/> 125...875 kW<br\/> <br\/> Eau<br\/> 375...1125 kW<\/td><td class=\"column-4\">Agr\u00e9gats <br\/> 150...1050 kW<br\/> <br\/> Eau<br\/> 450...1350 kW<\/td><td class=\"column-5\">Agr\u00e9gats <br\/> 200...1400 kW<br\/> <br\/> Eau<br\/> 600...1800 kW<\/td><td class=\"column-6\">Agr\u00e9gats <br\/> 250...1750 kW<br\/> <br\/> Eau<br\/> 750...2250 kW<\/td>\n<\/tr>\n<tr class=\"row-5\">\n\t<td colspan=\"6\" class=\"column-1\"><h3>Carburant<\/h3><\/td>\n<\/tr>\n<tr class=\"row-6\">\n\t<td colspan=\"6\" class=\"column-1\"><strong>Mazout, biogazole<\/strong><\/td>\n<\/tr>\n<tr class=\"row-7\">\n\t<td class=\"column-1\">75 <span class=\"unit\">l\/h<\/span><\/td><td class=\"column-2\">100 <span class=\"unit\">l\/h<\/span><\/td><td class=\"column-3\">125 <span class=\"unit\">l\/h<\/span><\/td><td class=\"column-4\">150 <span class=\"unit\">l\/h<\/span><\/td><td class=\"column-5\">200 <span class=\"unit\">l\/h<\/span><\/td><td class=\"column-6\">250 <span class=\"unit\">l\/h<\/span><\/td>\n<\/tr>\n<tr class=\"row-8\">\n\t<td colspan=\"6\" class=\"column-1\"><strong>Gaz naturel<\/strong><\/td>\n<\/tr>\n<tr class=\"row-9\">\n\t<td class=\"column-1\">75 <span class=\"unit\">m\u00b3n\/h<\/span><\/td><td class=\"column-2\">100 <span class=\"unit\">m\u00b3n\/h<\/span><\/td><td class=\"column-3\">125 <span class=\"unit\">m\u00b3n\/h<\/span><\/td><td class=\"column-4\">150 <span class=\"unit\">m\u00b3n\/h<\/span><\/td><td class=\"column-5\">200 <span class=\"unit\">m\u00b3n\/h<\/span><\/td><td class=\"column-6\">250 <span class=\"unit\">m\u00b3n\/h<\/span><\/td>\n<\/tr>\n<tr class=\"row-10\">\n\t<td colspan=\"6\" class=\"column-1\">Pression du gaz naturel min 0,8 bar (g)<\/td>\n<\/tr>\n<tr class=\"row-11\">\n\t<td colspan=\"6\" class=\"column-1\"><strong>Propane<\/strong><\/td>\n<\/tr>\n<tr class=\"row-12\">\n\t<td class=\"column-1\">30 <span class=\"unit\">m\u00b3n\/h<\/span><\/td><td class=\"column-2\">39 <span class=\"unit\">m\u00b3n\/h<\/span><\/td><td class=\"column-3\">50 <span class=\"unit\">m\u00b3n\/h<\/span><\/td><td class=\"column-4\">59 <span class=\"unit\">m\u00b3n\/h<\/span><\/td><td class=\"column-5\">78 <span class=\"unit\">m\u00b3n\/h<\/span><\/td><td class=\"column-6\">100 <span class=\"unit\">m\u00b3n\/h<\/span><\/td>\n<\/tr>\n<tr class=\"row-13\">\n\t<td colspan=\"6\" class=\"column-1\"><p><strong>Options<\/strong><\/p><ul><li>R\u00e9servoirs de mazout enti\u00e8rement int\u00e9gr\u00e9s situ\u00e9s \u00e0 l'int\u00e9rieur du TURBOconteneur (volume des r\u00e9servoirs de mazout 4 000 l \/ 20 ' conteneur ou 10 000 l \/ 40' conteneur) ; s\u00e9par\u00e9s par un mur coupe-feu et \u00e9quip\u00e9s de tous les accessoires de s\u00e9curit\u00e9, etc.<\/li><li>Br\u00fbleur Combi pour fonctionnement \u00e0 double carburant: mazout ou gaz naturel<\/li><li>Br\u00fbleur \u00e0 gaz pour le propane ou d'autres combustibles gazeux<\/li><\/ul><\/td>\n<\/tr>\n<tr class=\"row-14\">\n\t<td colspan=\"6\" class=\"column-1\"><strong>NOTE! La consommation r\u00e9elle de carburant est nettement inf\u00e9rieure \u00e0 la consommation nominale \u00e0 la charge maximum.<\/strong><\/td>\n<\/tr>\n<tr class=\"row-15\">\n\t<td colspan=\"6\" class=\"column-1\"><h3>Disposition<\/h3><\/td>\n<\/tr>\n<tr class=\"row-16\">\n\t<td colspan=\"6\" class=\"column-1\"><p><strong>TURBOconteneur<\/strong><\/p><ul><li>Isol\u00e9 thermiquement, pour usage ext\u00e9rieur<\/li><li>Porte lat\u00e9rale pour un acc\u00e8s facile<\/li><li>Conteneur standard 20\u2019 (long. 6050 x larg. 2438 x haut. 2592 mm) ou 40\u2019 (long. 12192 x larg. 2438 x haut. 2592 mm); conteneurs sp\u00e9ciaux selon les besoins du client<\/li><\/ul><p><strong>TURBOrack<\/strong><\/p><ul><li>Pour installation \u00e0 l'int\u00e9rieur<\/li><li>Dimensions du rack (long. 4170-5400 x larg. 2120 x haut. 2400 mm); \u00e9galement des dimensions de rack sp\u00e9ciales selon les exigences du<br \/>\nclient<\/li><\/ul><\/td>\n<\/tr>\n<\/tbody>\n<\/table>\n<\/div>\n<!-- #tablepress-32 from cache -->\n\t\t<\/div>\n\t\n\n\t\t<\/div>\n\t\t\t\t\t<\/div>\n\n\t\n\n<\/div>\n\n","protected":false},"excerpt":{"rendered":"","protected":false},"author":5,"featured_media":0,"parent":8873,"menu_order":1,"comment_status":"closed","ping_status":"closed","template":"","meta":{"_acf_changed":false,"footnotes":""},"class_list":["post-9673","page","type-page","status-publish","hentry"],"acf":[],"_links":{"self":[{"href":"https:\/\/www.polarmatic.com\/fr\/wp-json\/wp\/v2\/pages\/9673","targetHints":{"allow":["GET"]}}],"collection":[{"href":"https:\/\/www.polarmatic.com\/fr\/wp-json\/wp\/v2\/pages"}],"about":[{"href":"https:\/\/www.polarmatic.com\/fr\/wp-json\/wp\/v2\/types\/page"}],"author":[{"embeddable":true,"href":"https:\/\/www.polarmatic.com\/fr\/wp-json\/wp\/v2\/users\/5"}],"replies":[{"embeddable":true,"href":"https:\/\/www.polarmatic.com\/fr\/wp-json\/wp\/v2\/comments?post=9673"}],"version-history":[{"count":4,"href":"https:\/\/www.polarmatic.com\/fr\/wp-json\/wp\/v2\/pages\/9673\/revisions"}],"predecessor-version":[{"id":10165,"href":"https:\/\/www.polarmatic.com\/fr\/wp-json\/wp\/v2\/pages\/9673\/revisions\/10165"}],"up":[{"embeddable":true,"href":"https:\/\/www.polarmatic.com\/fr\/wp-json\/wp\/v2\/pages\/8873"}],"wp:attachment":[{"href":"https:\/\/www.polarmatic.com\/fr\/wp-json\/wp\/v2\/media?parent=9673"}],"curies":[{"name":"wp","href":"https:\/\/api.w.org\/{rel}","templated":true}]}}