{"id":9725,"date":"2023-02-28T16:00:45","date_gmt":"2023-02-28T14:00:45","guid":{"rendered":"https:\/\/www.polarmatic.com\/?page_id=9725"},"modified":"2024-04-22T10:00:42","modified_gmt":"2024-04-22T07:00:42","slug":"turbomatic-generateur-turbosteam","status":"publish","type":"page","link":"https:\/\/www.polarmatic.com\/fr\/solutions\/solutions-de-chauffage-turbomatic\/turbomatic-generateur-turbosteam\/","title":{"rendered":"TURBOMATIC G\u00e9n\u00e9rateur TURBOsteam"},"content":{"rendered":"\n<div class=\"row\"  id=\"row-196032448\">\n\n\n\t<div id=\"col-1857450630\" class=\"col small-12 large-12\"  >\n\t\t\t\t<div class=\"col-inner\"  >\n\t\t\t\n\t\t\t\n\n\t\t<div class=\"pm-breadcrumbs\">\n\t\t\t\t\n\n<span><span><a href=\"https:\/\/www.polarmatic.com\/fr\/\">Home<\/a><\/span><\/span>\n\t\t<\/div>\n\t\n\n\t\t<\/div>\n\t\t\t\t\t<\/div>\n\n\t\n\n<\/div>\n<div class=\"row\"  id=\"row-729381065\">\n\n\n\t<div id=\"col-1075386895\" class=\"col medium-6 small-12 large-6\"  >\n\t\t\t\t<div class=\"col-inner\"  >\n\t\t\t\n\t\t\t\n\n\t<div id=\"text-2458765169\" class=\"text\">\n\t\t\n\n<h1>TURBOMATIC G\u00e9n\u00e9rateur TURBOsteam (TSG)<\/h1>\n<p>\u00a0<\/p>\n<p>Le TURBOMATIC G\u00e9n\u00e9rateur TURBOsteam est une solution de chauffage pour les applications o\u00f9 seul le chauffage des granulats de b\u00e9ton est n\u00e9cessaire.\u00a0<\/p>\n<p>Notre g\u00e9n\u00e9rateur TURBOsteam est une solution \u00e9prouv\u00e9e dans les conditions climatiques extr\u00eames et les endroits o\u00f9 une puissance \u00e9lev\u00e9e ou un chauffage continu\u00a024\/7 des granulats de b\u00e9ton sont n\u00e9cessaires.\u00a0<\/p>\n<p>L&rsquo;utilisation de TURBOSteam comme solution de cure ne modifie pas l&rsquo;humidit\u00e9 des granulats.\u00a0<\/p>\n\t\t\n<style>\n#text-2458765169 {\n  line-height: 1.5;\n}\n<\/style>\n\t<\/div>\n\t\n\n\t\t<\/div>\n\t\t\t\t\t<\/div>\n\n\t\n\n\t<div id=\"col-1703858652\" class=\"col medium-6 small-12 large-6\"  >\n\t\t\t\t<div class=\"col-inner\"  >\n\t\t\t\n\t\t\t\n\n\n  \n    <div id=\"gallery-1260973971\" class=\"slider slider-auto-height row-collapse slider-nav-circle\" data-flickity-options='{&quot;imagesLoaded&quot;: true, &quot;dragThreshold&quot; : 5, &quot;cellAlign&quot;: &quot;left&quot;,&quot;wrapAround&quot;: true,&quot;prevNextButtons&quot;: true,&quot;percentPosition&quot;: true,&quot;pageDots&quot;: true, &quot;rightToLeft&quot;: false, &quot;autoPlay&quot; : 6000}'>\n\n  <div class=\"gallery-col col\" >\n          <div class=\"col-inner\">\n            <a class=\"image-lightbox lightbox-gallery\" href=\"https:\/\/www.polarmatic.com\/wp-content\/uploads\/2023\/03\/TURBOsteam_generator-01-studio-1024x537.jpg\" title=\"TURBOMATIC G\u00e9n\u00e9rateur TURBOsteam\">            <div class=\"box has-hover gallery-box box-normal\">\n              <div class=\"box-image\" >\n                <img loading=\"lazy\" decoding=\"async\" width=\"1500\" height=\"786\" src=\"https:\/\/www.polarmatic.com\/wp-content\/uploads\/2023\/03\/TURBOsteam_generator-01-studio.jpg\" class=\"attachment-2048x2048 size-2048x2048\" alt=\"\" ids=\"9309,9307,9363\" style=\"normal\" type=\"slider-full\" slider_nav_style=\"circle\" slider_bullets=\"true\" auto_slide=\"6000\" image_size=\"2048x2048\" text_align=\"right\" text_padding=\"15px 30px 15px 30px\" srcset=\"https:\/\/www.polarmatic.com\/wp-content\/uploads\/2023\/03\/TURBOsteam_generator-01-studio.jpg 1500w, https:\/\/www.polarmatic.com\/wp-content\/uploads\/2023\/03\/TURBOsteam_generator-01-studio-300x157.jpg 300w, https:\/\/www.polarmatic.com\/wp-content\/uploads\/2023\/03\/TURBOsteam_generator-01-studio-1024x537.jpg 1024w, https:\/\/www.polarmatic.com\/wp-content\/uploads\/2023\/03\/TURBOsteam_generator-01-studio-768x402.jpg 768w\" sizes=\"auto, (max-width: 1500px) 100vw, 1500px\" \/>                                                              <\/div>\n              <div class=\"box-text text-right\" style=\"padding:15px 30px 15px 30px;\">\n                 <p>TURBOMATIC G\u00e9n\u00e9rateur TURBOsteam<\/p>\n              <\/div>\n            <\/div>\n            <\/a>          <\/div>\n         <\/div><div class=\"gallery-col col\" >\n          <div class=\"col-inner\">\n            <a class=\"image-lightbox lightbox-gallery\" href=\"https:\/\/www.polarmatic.com\/wp-content\/uploads\/2023\/03\/TURBOMATIC-TSG-C6-open-1024x576.png\" title=\"TURBOMATIC G\u00e9n\u00e9rateur TURBOsteam \">            <div class=\"box has-hover gallery-box box-normal\">\n              <div class=\"box-image\" >\n                <img loading=\"lazy\" decoding=\"async\" width=\"1920\" height=\"1080\" src=\"https:\/\/www.polarmatic.com\/wp-content\/uploads\/2023\/03\/TURBOMATIC-TSG-C6-open.png\" class=\"attachment-2048x2048 size-2048x2048\" alt=\"\" ids=\"9309,9307,9363\" style=\"normal\" type=\"slider-full\" slider_nav_style=\"circle\" slider_bullets=\"true\" auto_slide=\"6000\" image_size=\"2048x2048\" text_align=\"right\" text_padding=\"15px 30px 15px 30px\" srcset=\"https:\/\/www.polarmatic.com\/wp-content\/uploads\/2023\/03\/TURBOMATIC-TSG-C6-open.png 1920w, https:\/\/www.polarmatic.com\/wp-content\/uploads\/2023\/03\/TURBOMATIC-TSG-C6-open-300x169.png 300w, https:\/\/www.polarmatic.com\/wp-content\/uploads\/2023\/03\/TURBOMATIC-TSG-C6-open-1024x576.png 1024w, https:\/\/www.polarmatic.com\/wp-content\/uploads\/2023\/03\/TURBOMATIC-TSG-C6-open-768x432.png 768w, https:\/\/www.polarmatic.com\/wp-content\/uploads\/2023\/03\/TURBOMATIC-TSG-C6-open-1536x864.png 1536w\" sizes=\"auto, (max-width: 1920px) 100vw, 1920px\" \/>                                                              <\/div>\n              <div class=\"box-text text-right\" style=\"padding:15px 30px 15px 30px;\">\n                 <p>TURBOMATIC G\u00e9n\u00e9rateur TURBOsteam <\/p>\n              <\/div>\n            <\/div>\n            <\/a>          <\/div>\n         <\/div><div class=\"gallery-col col\" >\n          <div class=\"col-inner\">\n            <a class=\"image-lightbox lightbox-gallery\" href=\"https:\/\/www.polarmatic.com\/wp-content\/uploads\/2023\/03\/Heating-TURBOsteam_generator-EN-1024x791.jpg\" title=\"TURBOMATIC G\u00e9n\u00e9rateur TURBOsteam\">            <div class=\"box has-hover gallery-box box-normal\">\n              <div class=\"box-image\" >\n                <img loading=\"lazy\" decoding=\"async\" width=\"1500\" height=\"1159\" src=\"https:\/\/www.polarmatic.com\/wp-content\/uploads\/2023\/03\/Heating-TURBOsteam_generator-EN.jpg\" class=\"attachment-2048x2048 size-2048x2048\" alt=\"\" ids=\"9309,9307,9363\" style=\"normal\" type=\"slider-full\" slider_nav_style=\"circle\" slider_bullets=\"true\" auto_slide=\"6000\" image_size=\"2048x2048\" text_align=\"right\" text_padding=\"15px 30px 15px 30px\" srcset=\"https:\/\/www.polarmatic.com\/wp-content\/uploads\/2023\/03\/Heating-TURBOsteam_generator-EN.jpg 1500w, https:\/\/www.polarmatic.com\/wp-content\/uploads\/2023\/03\/Heating-TURBOsteam_generator-EN-300x232.jpg 300w, https:\/\/www.polarmatic.com\/wp-content\/uploads\/2023\/03\/Heating-TURBOsteam_generator-EN-1024x791.jpg 1024w, https:\/\/www.polarmatic.com\/wp-content\/uploads\/2023\/03\/Heating-TURBOsteam_generator-EN-768x593.jpg 768w\" sizes=\"auto, (max-width: 1500px) 100vw, 1500px\" \/>                                                              <\/div>\n              <div class=\"box-text text-right\" style=\"padding:15px 30px 15px 30px;\">\n                 <p>TURBOMATIC G\u00e9n\u00e9rateur TURBOsteam<\/p>\n              <\/div>\n            <\/div>\n            <\/a>          <\/div>\n         <\/div><\/div>\n\n\n\t\t<\/div>\n\t\t\t\t\t<\/div>\n\n\t\n\n<\/div>\n<div class=\"is-divider divider clearfix\" style=\"max-width:100%;height:1px;\"><\/div>\n\n<div class=\"row\"  id=\"row-951376893\">\n\n\n\t<div id=\"col-1404215981\" class=\"col small-12 large-12\"  >\n\t\t\t\t<div class=\"col-inner\"  >\n\t\t\t\n\t\t\t\n\n\t<div id=\"text-3664774919\" class=\"text\">\n\t\t\n\n<h2>Mod\u00e8les TURBOsteam G\u00e9n\u00e9rateur<\/h2>\n\t\t\n<style>\n#text-3664774919 {\n  line-height: 1.5;\n}\n<\/style>\n\t<\/div>\n\t\n\t\t<div class=\"pm-product-specs\">\n\t\t\t\t\n\n\n<div id=\"tablepress-35-scroll-wrapper\" class=\"tablepress-scroll-wrapper\">\n<table id=\"tablepress-35\" class=\"tablepress tablepress-id-35 tablepress-responsive tbody-has-connected-cells\">\n<thead>\n<tr class=\"row-1\">\n\t<th class=\"column-1\"><strong>PME-TSG 300<\/strong><\/th><th class=\"column-2\"><strong>PME-TSG 500<\/strong><\/th><th class=\"column-3\"><strong>PME-TSG 750<\/strong><\/th><th class=\"column-4\"><strong>PME-TSG 1000<\/strong><\/th><th class=\"column-5\"><strong>PME TSG-1250<\/strong><\/th><th class=\"column-6\"><strong>PME TSG-1500<\/strong><\/th><th class=\"column-7\"><strong>PME TSG-2000<\/strong><\/th><th class=\"column-8\"><strong>PME-TSG 2500<\/strong><\/th>\n<\/tr>\n<\/thead>\n<tbody class=\"row-striping row-hover\">\n<tr class=\"row-2\">\n\t<td colspan=\"8\" class=\"column-1\"><h3>Puissance<\/h3><\/td>\n<\/tr>\n<tr class=\"row-3\">\n\t<td class=\"column-1\"><strong>300 <span class=\"unit\">kW<\/span><\/strong><\/td><td class=\"column-2\"><strong>500 <span class=\"unit\">kW<\/span><\/strong><\/td><td class=\"column-3\"><strong>750 <span class=\"unit\">kW<\/span><\/strong><\/td><td class=\"column-4\"><strong>1000 <span class=\"unit\">kW<\/span><\/strong><\/td><td class=\"column-5\"><strong>1250 <span class=\"unit\">kW<\/span><\/strong><\/td><td class=\"column-6\"><strong>1500 <span class=\"unit\">kW<\/span><\/strong><\/td><td class=\"column-7\"><strong>2000 <span class=\"unit\">kW<\/span><\/strong><\/td><td class=\"column-8\"><strong>2500 <span class=\"unit\">kW<\/span><\/strong><\/td>\n<\/tr>\n<tr class=\"row-4\">\n\t<td class=\"column-1\"><\/td><td class=\"column-2\"><\/td><td class=\"column-3\"><\/td><td class=\"column-4\"><\/td><td class=\"column-5\"><\/td><td class=\"column-6\"><\/td><td class=\"column-7\"><\/td><td class=\"column-8\"><\/td>\n<\/tr>\n<tr class=\"row-5\">\n\t<td colspan=\"8\" class=\"column-1\"><h3>Carburant<\/h3><\/td>\n<\/tr>\n<tr class=\"row-6\">\n\t<td colspan=\"8\" class=\"column-1\"><strong>Mazout, biogazole<\/strong><\/td>\n<\/tr>\n<tr class=\"row-7\">\n\t<td class=\"column-1\">30 <span class=\"unit\">l\/h<\/span><\/td><td class=\"column-2\">50 <span class=\"unit\">l\/h<\/span><\/td><td class=\"column-3\">75 <span class=\"unit\">l\/h<\/span><\/td><td class=\"column-4\">100 <span class=\"unit\">l\/h<\/span><\/td><td class=\"column-5\">125 <span class=\"unit\">l\/h<\/span><\/td><td class=\"column-6\">150 <span class=\"unit\">l\/h<\/span><\/td><td class=\"column-7\">200 <span class=\"unit\">l\/h<\/span><\/td><td class=\"column-8\">250 <span class=\"unit\">l\/h<\/span><\/td>\n<\/tr>\n<tr class=\"row-8\">\n\t<td colspan=\"8\" class=\"column-1\"><strong>Gaz naturel<\/strong><\/td>\n<\/tr>\n<tr class=\"row-9\">\n\t<td class=\"column-1\">30 <span class=\"unit\">m\u00b3n\/h<\/span><\/td><td class=\"column-2\">50 <span class=\"unit\">m\u00b3n\/h<\/span><\/td><td class=\"column-3\">75 <span class=\"unit\">m\u00b3n\/h<\/span><\/td><td class=\"column-4\">100 <span class=\"unit\">m\u00b3n\/h<\/span><\/td><td class=\"column-5\">125 <span class=\"unit\">m\u00b3n\/h<\/span><\/td><td class=\"column-6\">150 <span class=\"unit\">m\u00b3n\/h<\/span><\/td><td class=\"column-7\">200 <span class=\"unit\">m\u00b3n\/h<\/span><\/td><td class=\"column-8\">250 <span class=\"unit\">m\u00b3n\/h<\/span><\/td>\n<\/tr>\n<tr class=\"row-10\">\n\t<td colspan=\"8\" class=\"column-1\">Pression du gaz naturel min 0,8 bar (g)<\/td>\n<\/tr>\n<tr class=\"row-11\">\n\t<td colspan=\"8\" class=\"column-1\"><p><strong>Options<\/strong><\/p><ul><li>R\u00e9servoirs de mazout enti\u00e8rement int\u00e9gr\u00e9s situ\u00e9s \u00e0 l'int\u00e9rieur du TURBOconteneur s\u00e9par\u00e9s par un mur coupe-feu et \u00e9quip\u00e9s de tous les accessoires de s\u00e9curit\u00e9, etc.<\/li><li>Br\u00fbleur Combi pour fonctionnement \u00e0 double carburant: mazout ou gaz naturel<\/li><li>Br\u00fbleur \u00e0 gaz pour le propane ou d'autres combustibles gazeux<\/li><\/ul><\/td>\n<\/tr>\n<tr class=\"row-12\">\n\t<td colspan=\"8\" class=\"column-1\"><strong>NOTE! La consommation r\u00e9elle de carburant est nettement inf\u00e9rieure \u00e0 la consommation nominale \u00e0 la charge maximum.<\/strong><\/td>\n<\/tr>\n<tr class=\"row-13\">\n\t<td colspan=\"8\" class=\"column-1\"><h3>Disposition<\/h3><\/td>\n<\/tr>\n<tr class=\"row-14\">\n\t<td colspan=\"8\" class=\"column-1\"><p><strong>TURBOconteneur<\/strong><\/p><ul><li>Isol\u00e9 thermiquement, pour usage ext\u00e9rieur<\/li><li>Porte lat\u00e9rale pour un acc\u00e8s facile<\/li><li>Conteneurs standard 20\u2019 (long. 6050 x larg. 2438 x haut. 2592 mm); conteneurs sp\u00e9ciaux selon les besoins du client<\/li><\/ul><p><strong>TURBOrack<\/strong><\/p><ul><li>Pour installation \u00e0 l'int\u00e9rieur<\/li><li>Dimensions du rack (long. 5000 x larg. 2120 x haut. 2400 mm); \u00e9galement des dimensions de rack sp\u00e9ciales selon les exigences du client<\/ul><\/td>\n<\/tr>\n<\/tbody>\n<\/table>\n<\/div>\n<!-- #tablepress-35 from cache -->\n\t\t<\/div>\n\t\n\n\t\t<\/div>\n\t\t\t\t\t<\/div>\n\n\t\n\n<\/div>\n\n","protected":false},"excerpt":{"rendered":"","protected":false},"author":5,"featured_media":0,"parent":8867,"menu_order":2,"comment_status":"closed","ping_status":"closed","template":"","meta":{"_acf_changed":false,"footnotes":""},"class_list":["post-9725","page","type-page","status-publish","hentry"],"acf":[],"_links":{"self":[{"href":"https:\/\/www.polarmatic.com\/fr\/wp-json\/wp\/v2\/pages\/9725","targetHints":{"allow":["GET"]}}],"collection":[{"href":"https:\/\/www.polarmatic.com\/fr\/wp-json\/wp\/v2\/pages"}],"about":[{"href":"https:\/\/www.polarmatic.com\/fr\/wp-json\/wp\/v2\/types\/page"}],"author":[{"embeddable":true,"href":"https:\/\/www.polarmatic.com\/fr\/wp-json\/wp\/v2\/users\/5"}],"replies":[{"embeddable":true,"href":"https:\/\/www.polarmatic.com\/fr\/wp-json\/wp\/v2\/comments?post=9725"}],"version-history":[{"count":4,"href":"https:\/\/www.polarmatic.com\/fr\/wp-json\/wp\/v2\/pages\/9725\/revisions"}],"predecessor-version":[{"id":10175,"href":"https:\/\/www.polarmatic.com\/fr\/wp-json\/wp\/v2\/pages\/9725\/revisions\/10175"}],"up":[{"embeddable":true,"href":"https:\/\/www.polarmatic.com\/fr\/wp-json\/wp\/v2\/pages\/8867"}],"wp:attachment":[{"href":"https:\/\/www.polarmatic.com\/fr\/wp-json\/wp\/v2\/media?parent=9725"}],"curies":[{"name":"wp","href":"https:\/\/api.w.org\/{rel}","templated":true}]}}