{"id":9731,"date":"2023-02-20T12:02:03","date_gmt":"2023-02-20T10:02:03","guid":{"rendered":"https:\/\/www.polarmatic.com\/?page_id=9731"},"modified":"2024-04-22T10:01:08","modified_gmt":"2024-04-22T07:01:08","slug":"turbomatic-unite-deau-chaude","status":"publish","type":"page","link":"https:\/\/www.polarmatic.com\/fr\/solutions\/solutions-de-chauffage-turbomatic\/turbomatic-unite-deau-chaude\/","title":{"rendered":"TURBOMATIC Unit\u00e9 d\u2019eau chaude"},"content":{"rendered":"\n<div class=\"row\"  id=\"row-381911945\">\n\n\n\t<div id=\"col-1427086879\" class=\"col small-12 large-12\"  >\n\t\t\t\t<div class=\"col-inner\"  >\n\t\t\t\n\t\t\t\n\n\t\t<div class=\"pm-breadcrumbs\">\n\t\t\t\t\n\n<span><span><a href=\"https:\/\/www.polarmatic.com\/fr\/\">Home<\/a><\/span><\/span>\n\t\t<\/div>\n\t\n\n\t\t<\/div>\n\t\t\t\t\t<\/div>\n\n\t\n\n<\/div>\n<div class=\"row\"  id=\"row-1215581738\">\n\n\n\t<div id=\"col-620917983\" class=\"col medium-6 small-12 large-6\"  >\n\t\t\t\t<div class=\"col-inner\"  >\n\t\t\t\n\t\t\t\n\n\t<div id=\"text-3884863903\" class=\"text\">\n\t\t\n\n<h1>TURBOMATIC Unit\u00e9 d\u2019eau chaude (WAT)<\/h1>\n<p>TURBOMATIC Unit\u00e9 d\u2019eau chaude est une solution de chauffage pour la production et le stockage de l&rsquo;eau chaude dans les centrales \u00e0 b\u00e9ton exploit\u00e9es dans des conditions climatiques mod\u00e9r\u00e9es.<\/p>\n<p>Avec notre unit\u00e9 d\u2019eau chaude, les centrales \u00e0 b\u00e9ton sont capables de g\u00e9n\u00e9rer de l&rsquo;eau chaude pour le processus de production, y compris lavage des camions-malaxeurs et remplissage des r\u00e9servoirs, mais aussi chauffage des locaux et chauffage de l&rsquo;eau utilis\u00e9e dans l&rsquo;usine<\/p>\n<h2><span style=\"font-size: 80%; color: #3a5dae;\">Options de chauffage<\/span><\/h2>\n<ul>\n<li>Chauffage des installations de production de la centrale \u00e0 b\u00e9ton<\/li>\n<li>G\u00e9n\u00e9ration d\u2019eau chaude de lavage<\/li>\n<li>Alimentation en eau chaude pour le remplissage du r\u00e9servoir d\u2019un camion-malaxeur<\/li>\n<li>Production d&rsquo;eau chaude utilis\u00e9e dans l\u2019usine<\/li>\n<li>Chauffage d&rsquo;autres locaux de l\u2019usine, tels que bureaux et laboratoires<\/li>\n<li>Applications de cure \u00e0 l&rsquo;eau chaude<\/li>\n<\/ul>\n<h2>\u00a0<\/h2>\n\t\t\n<style>\n#text-3884863903 {\n  line-height: 1.5;\n}\n<\/style>\n\t<\/div>\n\t\n\n\t\t<\/div>\n\t\t\t\t\t<\/div>\n\n\t\n\n\t<div id=\"col-953547825\" class=\"col medium-6 small-12 large-6\"  >\n\t\t\t\t<div class=\"col-inner\"  >\n\t\t\t\n\t\t\t\n\n\n  \n    <div id=\"gallery-1171294174\" class=\"slider slider-auto-height row-collapse slider-nav-circle\" data-flickity-options='{&quot;imagesLoaded&quot;: true, &quot;dragThreshold&quot; : 5, &quot;cellAlign&quot;: &quot;left&quot;,&quot;wrapAround&quot;: true,&quot;prevNextButtons&quot;: true,&quot;percentPosition&quot;: true,&quot;pageDots&quot;: true, &quot;rightToLeft&quot;: false, &quot;autoPlay&quot; : 6000}'>\n\n  <div class=\"gallery-col col\" >\n          <div class=\"col-inner\">\n            <a class=\"image-lightbox lightbox-gallery\" href=\"https:\/\/www.polarmatic.com\/wp-content\/uploads\/2023\/03\/TURBOwarm_water_Unit-01-studio.jpg\" title=\"TURBOMATIC Unit\u00e9 d\u2019eau chaude\">            <div class=\"box has-hover gallery-box box-normal\">\n              <div class=\"box-image\" >\n                <img loading=\"lazy\" decoding=\"async\" width=\"1500\" height=\"734\" src=\"https:\/\/www.polarmatic.com\/wp-content\/uploads\/2023\/03\/TURBOwarm_water_Unit-01-studio.jpg\" class=\"attachment-2048x2048 size-2048x2048\" alt=\"\" ids=\"9311,9313,9315,9515\" style=\"normal\" lightbox_image_size=\"2048x2048\" type=\"slider-full\" slider_nav_style=\"circle\" slider_bullets=\"true\" auto_slide=\"6000\" image_size=\"2048x2048\" text_align=\"right\" text_padding=\"15px 30px 15px 30px\" srcset=\"https:\/\/www.polarmatic.com\/wp-content\/uploads\/2023\/03\/TURBOwarm_water_Unit-01-studio.jpg 1500w, https:\/\/www.polarmatic.com\/wp-content\/uploads\/2023\/03\/TURBOwarm_water_Unit-01-studio-300x147.jpg 300w, https:\/\/www.polarmatic.com\/wp-content\/uploads\/2023\/03\/TURBOwarm_water_Unit-01-studio-1024x501.jpg 1024w, https:\/\/www.polarmatic.com\/wp-content\/uploads\/2023\/03\/TURBOwarm_water_Unit-01-studio-768x376.jpg 768w\" sizes=\"auto, (max-width: 1500px) 100vw, 1500px\" \/>                                                              <\/div>\n              <div class=\"box-text text-right\" style=\"padding:15px 30px 15px 30px;\">\n                 <p>TURBOMATIC Unit\u00e9 d\u2019eau chaude<\/p>\n              <\/div>\n            <\/div>\n            <\/a>          <\/div>\n         <\/div><div class=\"gallery-col col\" >\n          <div class=\"col-inner\">\n            <a class=\"image-lightbox lightbox-gallery\" href=\"https:\/\/www.polarmatic.com\/wp-content\/uploads\/2023\/03\/TURBOMATIC-Warm-Water-Unit-C6.png\" title=\"TURBOMATIC Unit\u00e9 d\u2019eau chaude\">            <div class=\"box has-hover gallery-box box-normal\">\n              <div class=\"box-image\" >\n                <img loading=\"lazy\" decoding=\"async\" width=\"1920\" height=\"1080\" src=\"https:\/\/www.polarmatic.com\/wp-content\/uploads\/2023\/03\/TURBOMATIC-Warm-Water-Unit-C6.png\" class=\"attachment-2048x2048 size-2048x2048\" alt=\"\" ids=\"9311,9313,9315,9515\" style=\"normal\" lightbox_image_size=\"2048x2048\" type=\"slider-full\" slider_nav_style=\"circle\" slider_bullets=\"true\" auto_slide=\"6000\" image_size=\"2048x2048\" text_align=\"right\" text_padding=\"15px 30px 15px 30px\" srcset=\"https:\/\/www.polarmatic.com\/wp-content\/uploads\/2023\/03\/TURBOMATIC-Warm-Water-Unit-C6.png 1920w, https:\/\/www.polarmatic.com\/wp-content\/uploads\/2023\/03\/TURBOMATIC-Warm-Water-Unit-C6-300x169.png 300w, https:\/\/www.polarmatic.com\/wp-content\/uploads\/2023\/03\/TURBOMATIC-Warm-Water-Unit-C6-1024x576.png 1024w, https:\/\/www.polarmatic.com\/wp-content\/uploads\/2023\/03\/TURBOMATIC-Warm-Water-Unit-C6-768x432.png 768w, https:\/\/www.polarmatic.com\/wp-content\/uploads\/2023\/03\/TURBOMATIC-Warm-Water-Unit-C6-1536x864.png 1536w\" sizes=\"auto, (max-width: 1920px) 100vw, 1920px\" \/>                                                              <\/div>\n              <div class=\"box-text text-right\" style=\"padding:15px 30px 15px 30px;\">\n                 <p>TURBOMATIC Unit\u00e9 d\u2019eau chaude<\/p>\n              <\/div>\n            <\/div>\n            <\/a>          <\/div>\n         <\/div><div class=\"gallery-col col\" >\n          <div class=\"col-inner\">\n            <a class=\"image-lightbox lightbox-gallery\" href=\"https:\/\/www.polarmatic.com\/wp-content\/uploads\/2023\/03\/TURBOMATIC-Warm-Water-Unit-open.png\" title=\"TURBOMATIC Unit\u00e9 d\u2019eau chaude\">            <div class=\"box has-hover gallery-box box-normal\">\n              <div class=\"box-image\" >\n                <img loading=\"lazy\" decoding=\"async\" width=\"1920\" height=\"1080\" src=\"https:\/\/www.polarmatic.com\/wp-content\/uploads\/2023\/03\/TURBOMATIC-Warm-Water-Unit-open.png\" class=\"attachment-2048x2048 size-2048x2048\" alt=\"\" ids=\"9311,9313,9315,9515\" style=\"normal\" lightbox_image_size=\"2048x2048\" type=\"slider-full\" slider_nav_style=\"circle\" slider_bullets=\"true\" auto_slide=\"6000\" image_size=\"2048x2048\" text_align=\"right\" text_padding=\"15px 30px 15px 30px\" srcset=\"https:\/\/www.polarmatic.com\/wp-content\/uploads\/2023\/03\/TURBOMATIC-Warm-Water-Unit-open.png 1920w, https:\/\/www.polarmatic.com\/wp-content\/uploads\/2023\/03\/TURBOMATIC-Warm-Water-Unit-open-300x169.png 300w, https:\/\/www.polarmatic.com\/wp-content\/uploads\/2023\/03\/TURBOMATIC-Warm-Water-Unit-open-1024x576.png 1024w, https:\/\/www.polarmatic.com\/wp-content\/uploads\/2023\/03\/TURBOMATIC-Warm-Water-Unit-open-768x432.png 768w, https:\/\/www.polarmatic.com\/wp-content\/uploads\/2023\/03\/TURBOMATIC-Warm-Water-Unit-open-1536x864.png 1536w\" sizes=\"auto, (max-width: 1920px) 100vw, 1920px\" \/>                                                              <\/div>\n              <div class=\"box-text text-right\" style=\"padding:15px 30px 15px 30px;\">\n                 <p>TURBOMATIC Unit\u00e9 d\u2019eau chaude<\/p>\n              <\/div>\n            <\/div>\n            <\/a>          <\/div>\n         <\/div><div class=\"gallery-col col\" >\n          <div class=\"col-inner\">\n            <a class=\"image-lightbox lightbox-gallery\" href=\"https:\/\/www.polarmatic.com\/wp-content\/uploads\/2023\/04\/EN-WAT-3.jpg\" title=\"TURBOMATIC Unit\u00e9 d\u2019eau chaude\">            <div class=\"box has-hover gallery-box box-normal\">\n              <div class=\"box-image\" >\n                <img loading=\"lazy\" decoding=\"async\" width=\"960\" height=\"720\" src=\"https:\/\/www.polarmatic.com\/wp-content\/uploads\/2023\/04\/EN-WAT-3.jpg\" class=\"attachment-2048x2048 size-2048x2048\" alt=\"\" ids=\"9311,9313,9315,9515\" style=\"normal\" lightbox_image_size=\"2048x2048\" type=\"slider-full\" slider_nav_style=\"circle\" slider_bullets=\"true\" auto_slide=\"6000\" image_size=\"2048x2048\" text_align=\"right\" text_padding=\"15px 30px 15px 30px\" srcset=\"https:\/\/www.polarmatic.com\/wp-content\/uploads\/2023\/04\/EN-WAT-3.jpg 960w, https:\/\/www.polarmatic.com\/wp-content\/uploads\/2023\/04\/EN-WAT-3-300x225.jpg 300w, https:\/\/www.polarmatic.com\/wp-content\/uploads\/2023\/04\/EN-WAT-3-768x576.jpg 768w\" sizes=\"auto, (max-width: 960px) 100vw, 960px\" \/>                                                              <\/div>\n              <div class=\"box-text text-right\" style=\"padding:15px 30px 15px 30px;\">\n                 <p>TURBOMATIC Unit\u00e9 d\u2019eau chaude<\/p>\n              <\/div>\n            <\/div>\n            <\/a>          <\/div>\n         <\/div><\/div>\n\n\n\t\t<\/div>\n\t\t\t\t\t<\/div>\n\n\t\n\n<\/div>\n<div class=\"is-divider divider clearfix\" style=\"max-width:100%;height:1px;\"><\/div>\n\n<div class=\"row\"  id=\"row-2017416089\">\n\n\n\t<div id=\"col-1610064000\" class=\"col small-12 large-12\"  >\n\t\t\t\t<div class=\"col-inner\"  >\n\t\t\t\n\t\t\t\n\n\t<div id=\"text-249563306\" class=\"text\">\n\t\t\n\n<h2>Mod\u00e8les TURBOMATIC Unit\u00e9 d\u2019eau chaude<\/h2>\n\t\t\n<style>\n#text-249563306 {\n  line-height: 1.5;\n}\n<\/style>\n\t<\/div>\n\t\n\t\t<div class=\"pm-product-specs\">\n\t\t\t\t\n\n\n<div id=\"tablepress-36-scroll-wrapper\" class=\"tablepress-scroll-wrapper\">\n<table id=\"tablepress-36\" class=\"tablepress tablepress-id-36 tablepress-responsive tbody-has-connected-cells\">\n<thead>\n<tr class=\"row-1\">\n\t<th class=\"column-1\"><strong>PME-WAT 300<\/strong><\/th><th class=\"column-2\"><strong>PME-WAT 500<\/strong><\/th><th class=\"column-3\"><strong>PME-WAT 750<\/strong><\/th><th class=\"column-4\"><strong>PME-WAT 1000<\/strong><\/th><th class=\"column-5\"><strong>PME-WAT 1250<\/strong><\/th><th class=\"column-6\"><strong>PME-WAT 1500<\/strong><\/th><th class=\"column-7\"><strong>PME-WAT 2000<\/strong><\/th>\n<\/tr>\n<\/thead>\n<tbody class=\"row-striping row-hover\">\n<tr class=\"row-2\">\n\t<td colspan=\"7\" class=\"column-1\"><h3>Puissance<\/h3><\/td>\n<\/tr>\n<tr class=\"row-3\">\n\t<td class=\"column-1\"><strong>300 <span class=\"unit\">kW<\/span><\/strong><\/td><td class=\"column-2\"><strong>500 <span class=\"unit\">kW<\/span><\/strong><\/td><td class=\"column-3\"><strong>750 <span class=\"unit\">kW<\/span><\/strong><\/td><td class=\"column-4\"><strong>1000 <span class=\"unit\">kW<\/span><\/strong><\/td><td class=\"column-5\"><strong>1250 <span class=\"unit\">kW<\/span><\/strong><\/td><td class=\"column-6\"><strong>1500 <span class=\"unit\">kW<\/span><\/strong><\/td><td class=\"column-7\"><strong>2000 <span class=\"unit\">kW<\/span><\/strong><\/td>\n<\/tr>\n<tr class=\"row-4\">\n\t<td class=\"column-1\"><\/td><td class=\"column-2\"><\/td><td class=\"column-3\"><\/td><td class=\"column-4\"><\/td><td class=\"column-5\"><\/td><td class=\"column-6\"><\/td><td class=\"column-7\"><\/td>\n<\/tr>\n<tr class=\"row-5\">\n\t<td colspan=\"7\" class=\"column-1\"><h3>Carburant<\/h3><\/td>\n<\/tr>\n<tr class=\"row-6\">\n\t<td colspan=\"7\" class=\"column-1\"><strong>Mazout, biogazole<\/strong><\/td>\n<\/tr>\n<tr class=\"row-7\">\n\t<td class=\"column-1\">30 <span class=\"unit\">l\/h<\/span><\/td><td class=\"column-2\">50 <span class=\"unit\">l\/h<\/span><\/td><td class=\"column-3\">75 <span class=\"unit\">l\/h<\/span><\/td><td class=\"column-4\">100 <span class=\"unit\">l\/h<\/span><\/td><td class=\"column-5\">125 <span class=\"unit\">l\/h<\/span><\/td><td class=\"column-6\">150 <span class=\"unit\">l\/h<\/span><\/td><td class=\"column-7\">200 <span class=\"unit\">l\/h<\/span><\/td>\n<\/tr>\n<tr class=\"row-8\">\n\t<td colspan=\"7\" class=\"column-1\"><strong>Gaz naturel<\/strong><\/td>\n<\/tr>\n<tr class=\"row-9\">\n\t<td class=\"column-1\">30 <span class=\"unit\">m\u00b3n\/h<\/span><\/td><td class=\"column-2\">50 <span class=\"unit\">m\u00b3n\/h<\/span><\/td><td class=\"column-3\">75 <span class=\"unit\">m\u00b3n\/h<\/span><\/td><td class=\"column-4\">100 <span class=\"unit\">m\u00b3n\/h<\/span><\/td><td class=\"column-5\">125 <span class=\"unit\">m\u00b3n\/h<\/span><\/td><td class=\"column-6\">150 <span class=\"unit\">m\u00b3n\/h<\/span><\/td><td class=\"column-7\">200 <span class=\"unit\">m\u00b3n\/h<\/span><\/td>\n<\/tr>\n<tr class=\"row-10\">\n\t<td colspan=\"7\" class=\"column-1\">Pression du gaz naturel min 0,8 bar (g)<\/td>\n<\/tr>\n<tr class=\"row-11\">\n\t<td colspan=\"7\" class=\"column-1\"><p><strong>Options<\/strong><\/p><ul><li>R\u00e9servoirs de mazout enti\u00e8rement int\u00e9gr\u00e9s situ\u00e9s \u00e0 l'int\u00e9rieur du TURBOconteneur s\u00e9par\u00e9s par un mur coupe-feu et \u00e9quip\u00e9s de tous les accessoires de s\u00e9curit\u00e9, etc.<\/li><li>Br\u00fbleur Combi pour fonctionnement \u00e0 double carburant: mazout ou gaz naturel<\/li><li>Br\u00fbleur \u00e0 gaz pour le propane ou d'autres combustibles gazeux<\/li><\/ul><\/td>\n<\/tr>\n<tr class=\"row-12\">\n\t<td colspan=\"7\" class=\"column-1\"><strong>NOTE! La consommation r\u00e9elle de carburant est nettement inf\u00e9rieure \u00e0 la consommation nominale \u00e0 la charge maximum.<\/strong><\/td>\n<\/tr>\n<tr class=\"row-13\">\n\t<td colspan=\"7\" class=\"column-1\"><h3>Disposition<\/h3><\/td>\n<\/tr>\n<tr class=\"row-14\">\n\t<td colspan=\"7\" class=\"column-1\"><p><strong>TURBOcontainer<\/strong><\/p><ul><li>Conteneur standard 20\u2019 (long. 6050 x larg. 2438 x haut. 2592 mm) ou 40\u2019; conteneurs sp\u00e9ciaux selon les besoins du client<\/li><li>Option: Isol\u00e9 thermiquement, pour usage ext\u00e9rieur <\/li><li>Option: Porte lat\u00e9rale pour un acc\u00e8s facile<\/li><\/ul><p>\u00a0<\/p><p><strong>TURBOrack<\/strong><\/p><ul><li>Pour installation \u00e0 l'int\u00e9rieur<\/li><li>Dimensions du rack (long. 4170-5400 x larg. 2120 x haut. 2400 mm); \u00e9galement des dimensions de rack sp\u00e9ciales selon les exigences du<br \/>\nclient<\/li><\/ul><\/td>\n<\/tr>\n<\/tbody>\n<\/table>\n<\/div>\n<!-- #tablepress-36 from cache -->\n\t\t<\/div>\n\t\n\n\t\t<\/div>\n\t\t\t\t\t<\/div>\n\n\t\n\n<\/div>\n\n","protected":false},"excerpt":{"rendered":"","protected":false},"author":5,"featured_media":0,"parent":8867,"menu_order":3,"comment_status":"closed","ping_status":"closed","template":"","meta":{"_acf_changed":false,"footnotes":""},"class_list":["post-9731","page","type-page","status-publish","hentry"],"acf":[],"_links":{"self":[{"href":"https:\/\/www.polarmatic.com\/fr\/wp-json\/wp\/v2\/pages\/9731","targetHints":{"allow":["GET"]}}],"collection":[{"href":"https:\/\/www.polarmatic.com\/fr\/wp-json\/wp\/v2\/pages"}],"about":[{"href":"https:\/\/www.polarmatic.com\/fr\/wp-json\/wp\/v2\/types\/page"}],"author":[{"embeddable":true,"href":"https:\/\/www.polarmatic.com\/fr\/wp-json\/wp\/v2\/users\/5"}],"replies":[{"embeddable":true,"href":"https:\/\/www.polarmatic.com\/fr\/wp-json\/wp\/v2\/comments?post=9731"}],"version-history":[{"count":4,"href":"https:\/\/www.polarmatic.com\/fr\/wp-json\/wp\/v2\/pages\/9731\/revisions"}],"predecessor-version":[{"id":10181,"href":"https:\/\/www.polarmatic.com\/fr\/wp-json\/wp\/v2\/pages\/9731\/revisions\/10181"}],"up":[{"embeddable":true,"href":"https:\/\/www.polarmatic.com\/fr\/wp-json\/wp\/v2\/pages\/8867"}],"wp:attachment":[{"href":"https:\/\/www.polarmatic.com\/fr\/wp-json\/wp\/v2\/media?parent=9731"}],"curies":[{"name":"wp","href":"https:\/\/api.w.org\/{rel}","templated":true}]}}