{"id":9743,"date":"2023-02-28T11:54:41","date_gmt":"2023-02-28T09:54:41","guid":{"rendered":"https:\/\/www.polarmatic.com\/?page_id=9743"},"modified":"2024-04-22T14:53:00","modified_gmt":"2024-04-22T11:53:00","slug":"solution-combinee-de-chauffage-et-de-refroidissement","status":"publish","type":"page","link":"https:\/\/www.polarmatic.com\/fr\/solutions\/solutions-de-chauffage-turbomatic\/solution-combinee-de-chauffage-et-de-refroidissement\/","title":{"rendered":"Solution combin\u00e9e de chauffage et de refroidissement"},"content":{"rendered":"\n<div class=\"row\"  id=\"row-681789637\">\n\n\n\t<div id=\"col-410190074\" class=\"col small-12 large-12\"  >\n\t\t\t\t<div class=\"col-inner\"  >\n\t\t\t\n\t\t\t\n\n\t\t<div class=\"pm-breadcrumbs\">\n\t\t\t\t\n\n<span><span><a href=\"https:\/\/www.polarmatic.com\/fr\/\">Home<\/a><\/span><\/span>\n\t\t<\/div>\n\t\n\n\t\t<\/div>\n\t\t\t\t\t<\/div>\n\n\t\n\n<\/div>\n<div class=\"row\"  id=\"row-1440711379\">\n\n\n\t<div id=\"col-1724697619\" class=\"col medium-6 small-12 large-6\"  >\n\t\t\t\t<div class=\"col-inner\"  >\n\t\t\t\n\t\t\t\n\n\t<div id=\"text-636065097\" class=\"text\">\n\t\t\n\n<h1>Solution combin\u00e9e de chauffage et de refroidissement<\/h1>\n<p>Il est possible de combiner les unit\u00e9s d\u2019\u00e9nergie thermique TURBOMATIC avec une solution combin\u00e9e de chauffage et de refroidissement enti\u00e8rement int\u00e9gr\u00e9e pour les sites de production de b\u00e9ton.<\/p>\n<p>Les unit\u00e9s COOLMATIC fournissent une solution de refroidissement totale comprenant tous les \u00e9quipements n\u00e9cessaires \u00e0 la production, au stockage et au dosage de l&rsquo;eau froide et pour refroidir les granulats de b\u00e9ton quand cela est n\u00e9cessaire. Chaque solution de chauffage et de refroidissement est con\u00e7ue individuellement en fonction des besoins du client.\u00a0<\/p>\n<p>Quand on combine une unit\u00e9 d\u2019\u00e9nergie thermique TURBOMATIC avec une unit\u00e9 de refroidissement COOLMATIC pour former une solution combin\u00e9e de chauffage et de refroidissement, le r\u00e9servoir d&rsquo;eau chaude de l\u2019unit\u00e9 TURBOMATIC est utilis\u00e9 pour stocker l&rsquo;eau froide, et le m\u00eame \u00e9quipement de dosage d&rsquo;eau utilis\u00e9 pour le fonctionnement pendant la saison froide pour fournir de l&rsquo;eau de dosage chaude \u00e0 la bascule \u00e0 eau ou au compteur d&rsquo;eau est utilis\u00e9 pour fournir de l&rsquo;eau froide pendant les mois les plus chauds.\u00a0<\/p>\n\t\t\n<style>\n#text-636065097 {\n  line-height: 1.5;\n}\n<\/style>\n\t<\/div>\n\t\n<a href=\"https:\/\/www.polarmatic.com\/fr\/solutions\/solutions-de-chauffage-turbomatic\/\" class=\"button primary lowercase\" style=\"padding:0px 58px 0px 17px;\">\n\t\t<span>Solutions de chauffage TURBOMATIC<\/span>\n\t<\/a>\n\n\n<a href=\"https:\/\/www.polarmatic.com\/fr\/solutions\/solutions-de-refroidissement-coolmatic\/\" class=\"button primary lowercase\" >\n\t\t<span>Solutions de refroidissement COOLMATIC<\/span>\n\t<\/a>\n\n\n\n\t\t<\/div>\n\t\t\t\t\t<\/div>\n\n\t\n\n\t<div id=\"col-1800520195\" class=\"col medium-6 small-12 large-6\"  >\n\t\t\t\t<div class=\"col-inner\"  >\n\t\t\t\n\t\t\t\n\n\n  \n    <div id=\"gallery-1598667835\" class=\"slider slider-auto-height row-collapse slider-nav-circle\" data-flickity-options='{&quot;imagesLoaded&quot;: true, &quot;dragThreshold&quot; : 5, &quot;cellAlign&quot;: &quot;left&quot;,&quot;wrapAround&quot;: true,&quot;prevNextButtons&quot;: true,&quot;percentPosition&quot;: true,&quot;pageDots&quot;: true, &quot;rightToLeft&quot;: false, &quot;autoPlay&quot; : 6000}'>\n\n  <div class=\"gallery-col col\" >\n          <div class=\"col-inner\">\n            <a class=\"image-lightbox lightbox-gallery\" href=\"https:\/\/www.polarmatic.com\/wp-content\/uploads\/2023\/04\/Coolmatic-tehdas-01-2048x2048.jpg\" title=\"Solution combin\u00e9e de chauffage et de refroidissement\">            <div class=\"box has-hover gallery-box box-normal\">\n              <div class=\"box-image image-cover\" style=\"padding-top:56.25%;\">\n                <img loading=\"lazy\" decoding=\"async\" width=\"2048\" height=\"2048\" src=\"https:\/\/www.polarmatic.com\/wp-content\/uploads\/2023\/04\/Coolmatic-tehdas-01-2048x2048.jpg\" class=\"attachment-2048x2048 size-2048x2048\" alt=\"\" ids=\"9433,9463,9465\" style=\"normal\" lightbox_image_size=\"2048x2048\" type=\"slider-full\" slider_nav_style=\"circle\" slider_bullets=\"true\" auto_slide=\"6000\" image_height=\"56.25%\" image_size=\"2048x2048\" text_align=\"right\" srcset=\"https:\/\/www.polarmatic.com\/wp-content\/uploads\/2023\/04\/Coolmatic-tehdas-01-2048x2048.jpg 2048w, https:\/\/www.polarmatic.com\/wp-content\/uploads\/2023\/04\/Coolmatic-tehdas-01-300x300.jpg 300w, https:\/\/www.polarmatic.com\/wp-content\/uploads\/2023\/04\/Coolmatic-tehdas-01-1024x1024.jpg 1024w, https:\/\/www.polarmatic.com\/wp-content\/uploads\/2023\/04\/Coolmatic-tehdas-01-150x150.jpg 150w, https:\/\/www.polarmatic.com\/wp-content\/uploads\/2023\/04\/Coolmatic-tehdas-01-768x768.jpg 768w, https:\/\/www.polarmatic.com\/wp-content\/uploads\/2023\/04\/Coolmatic-tehdas-01-1536x1536.jpg 1536w\" sizes=\"auto, (max-width: 2048px) 100vw, 2048px\" \/>                                                              <\/div>\n              <div class=\"box-text text-right\" >\n                 <p>Solution combin\u00e9e de chauffage et de refroidissement<\/p>\n              <\/div>\n            <\/div>\n            <\/a>          <\/div>\n         <\/div><div class=\"gallery-col col\" >\n          <div class=\"col-inner\">\n            <a class=\"image-lightbox lightbox-gallery\" href=\"https:\/\/www.polarmatic.com\/wp-content\/uploads\/2023\/04\/PME-STD-Chiller-2048x1536.png\" title=\"COOLMATIC Refroidissement de l\u2019eau froide\">            <div class=\"box has-hover gallery-box box-normal\">\n              <div class=\"box-image image-cover\" style=\"padding-top:56.25%;\">\n                <img loading=\"lazy\" decoding=\"async\" width=\"2048\" height=\"1536\" src=\"https:\/\/www.polarmatic.com\/wp-content\/uploads\/2023\/04\/PME-STD-Chiller-2048x1536.png\" class=\"attachment-2048x2048 size-2048x2048\" alt=\"COOLMATIC Cold Water Cooling\" ids=\"9433,9463,9465\" style=\"normal\" lightbox_image_size=\"2048x2048\" type=\"slider-full\" slider_nav_style=\"circle\" slider_bullets=\"true\" auto_slide=\"6000\" image_height=\"56.25%\" image_size=\"2048x2048\" text_align=\"right\" srcset=\"https:\/\/www.polarmatic.com\/wp-content\/uploads\/2023\/04\/PME-STD-Chiller-2048x1536.png 2048w, https:\/\/www.polarmatic.com\/wp-content\/uploads\/2023\/04\/PME-STD-Chiller-300x225.png 300w, https:\/\/www.polarmatic.com\/wp-content\/uploads\/2023\/04\/PME-STD-Chiller-1024x768.png 1024w, https:\/\/www.polarmatic.com\/wp-content\/uploads\/2023\/04\/PME-STD-Chiller-768x576.png 768w, https:\/\/www.polarmatic.com\/wp-content\/uploads\/2023\/04\/PME-STD-Chiller-1536x1152.png 1536w\" sizes=\"auto, (max-width: 2048px) 100vw, 2048px\" \/>                                                              <\/div>\n              <div class=\"box-text text-right\" >\n                 <p>COOLMATIC Refroidissement de l\u2019eau froide<\/p>\n              <\/div>\n            <\/div>\n            <\/a>          <\/div>\n         <\/div><div class=\"gallery-col col\" >\n          <div class=\"col-inner\">\n            <a class=\"image-lightbox lightbox-gallery\" href=\"https:\/\/www.polarmatic.com\/wp-content\/uploads\/2023\/04\/CHILLER-Kontti-02-2048x1381.png\" title=\"Solution combin\u00e9e de chauffage et de refroidissement\">            <div class=\"box has-hover gallery-box box-normal\">\n              <div class=\"box-image image-cover\" style=\"padding-top:56.25%;\">\n                <img loading=\"lazy\" decoding=\"async\" width=\"2048\" height=\"1381\" src=\"https:\/\/www.polarmatic.com\/wp-content\/uploads\/2023\/04\/CHILLER-Kontti-02-2048x1381.png\" class=\"attachment-2048x2048 size-2048x2048\" alt=\"Combined Heating and Cooling unit by Polarmatic\" ids=\"9433,9463,9465\" style=\"normal\" lightbox_image_size=\"2048x2048\" type=\"slider-full\" slider_nav_style=\"circle\" slider_bullets=\"true\" auto_slide=\"6000\" image_height=\"56.25%\" image_size=\"2048x2048\" text_align=\"right\" srcset=\"https:\/\/www.polarmatic.com\/wp-content\/uploads\/2023\/04\/CHILLER-Kontti-02-2048x1381.png 2048w, https:\/\/www.polarmatic.com\/wp-content\/uploads\/2023\/04\/CHILLER-Kontti-02-300x202.png 300w, https:\/\/www.polarmatic.com\/wp-content\/uploads\/2023\/04\/CHILLER-Kontti-02-1024x691.png 1024w, https:\/\/www.polarmatic.com\/wp-content\/uploads\/2023\/04\/CHILLER-Kontti-02-768x518.png 768w, https:\/\/www.polarmatic.com\/wp-content\/uploads\/2023\/04\/CHILLER-Kontti-02-1536x1036.png 1536w\" sizes=\"auto, (max-width: 2048px) 100vw, 2048px\" \/>                                                              <\/div>\n              <div class=\"box-text text-right\" >\n                 <p>Solution combin\u00e9e de chauffage et de refroidissement<\/p>\n              <\/div>\n            <\/div>\n            <\/a>          <\/div>\n         <\/div><\/div>\n\n\n\t\t<\/div>\n\t\t\t\t\t<\/div>\n\n\t\n\n<\/div>\n\n","protected":false},"excerpt":{"rendered":"","protected":false},"author":5,"featured_media":0,"parent":8867,"menu_order":4,"comment_status":"closed","ping_status":"closed","template":"","meta":{"_acf_changed":false,"footnotes":""},"class_list":["post-9743","page","type-page","status-publish","hentry"],"acf":[],"_links":{"self":[{"href":"https:\/\/www.polarmatic.com\/fr\/wp-json\/wp\/v2\/pages\/9743","targetHints":{"allow":["GET"]}}],"collection":[{"href":"https:\/\/www.polarmatic.com\/fr\/wp-json\/wp\/v2\/pages"}],"about":[{"href":"https:\/\/www.polarmatic.com\/fr\/wp-json\/wp\/v2\/types\/page"}],"author":[{"embeddable":true,"href":"https:\/\/www.polarmatic.com\/fr\/wp-json\/wp\/v2\/users\/5"}],"replies":[{"embeddable":true,"href":"https:\/\/www.polarmatic.com\/fr\/wp-json\/wp\/v2\/comments?post=9743"}],"version-history":[{"count":4,"href":"https:\/\/www.polarmatic.com\/fr\/wp-json\/wp\/v2\/pages\/9743\/revisions"}],"predecessor-version":[{"id":10451,"href":"https:\/\/www.polarmatic.com\/fr\/wp-json\/wp\/v2\/pages\/9743\/revisions\/10451"}],"up":[{"embeddable":true,"href":"https:\/\/www.polarmatic.com\/fr\/wp-json\/wp\/v2\/pages\/8867"}],"wp:attachment":[{"href":"https:\/\/www.polarmatic.com\/fr\/wp-json\/wp\/v2\/media?parent=9743"}],"curies":[{"name":"wp","href":"https:\/\/api.w.org\/{rel}","templated":true}]}}