{"id":9749,"date":"2023-03-14T13:31:17","date_gmt":"2023-03-14T11:31:17","guid":{"rendered":"https:\/\/www.polarmatic.com\/?page_id=9749"},"modified":"2024-04-22T10:01:43","modified_gmt":"2024-04-22T07:01:43","slug":"modules-complementaires-et-accessoires","status":"publish","type":"page","link":"https:\/\/www.polarmatic.com\/fr\/solutions\/solutions-de-chauffage-turbomatic\/modules-complementaires-et-accessoires\/","title":{"rendered":"Modules compl\u00e9mentaires et accessoires"},"content":{"rendered":"\n<div class=\"row\"  id=\"row-957309451\">\n\n\n\t<div id=\"col-65539744\" class=\"col small-12 large-12\"  >\n\t\t\t\t<div class=\"col-inner\"  >\n\t\t\t\n\t\t\t\n\n\t\t<div class=\"pm-breadcrumbs\">\n\t\t\t\t\n\n<span><span><a href=\"https:\/\/www.polarmatic.com\/fr\/\">Home<\/a><\/span><\/span>\n\t\t<\/div>\n\t\n\n\t\t<\/div>\n\t\t\t\t\t<\/div>\n\n\t\n\n<\/div>\n<div class=\"row\"  id=\"row-1988626792\">\n\n\n\t<div id=\"col-272140053\" class=\"col medium-6 small-12 large-6\"  >\n\t\t\t\t<div class=\"col-inner\"  >\n\t\t\t\n\t\t\t\n\n\t<div id=\"text-625382119\" class=\"text\">\n\t\t\n\n<h1><span lang=\"FR\">Modules compl\u00e9mentaires et accessoires<\/span><\/h1>\n<p><span lang=\"FR\">Augmentez la productivit\u00e9 de votre production de b\u00e9ton et \u00e9largissez la convivialit\u00e9 de vos syst\u00e8mes Polarmatic avec les modules compl\u00e9mentaires et accessoires Polarmatic.<\/span><\/p>\n\t\t\n<style>\n#text-625382119 {\n  line-height: 1.5;\n  text-align: left;\n}\n<\/style>\n\t<\/div>\n\t\n\n\t\t<\/div>\n\t\t\t\t\n<style>\n#col-272140053 > .col-inner {\n  padding: 30px 0px 0px 0px;\n}\n<\/style>\n\t<\/div>\n\n\t\n\n\t<div id=\"col-201295760\" class=\"col medium-6 small-12 large-6\"  >\n\t\t\t\t<div class=\"col-inner\"  >\n\t\t\t\n\t\t\t\n\n\n  \n    <div id=\"gallery-1308456854\" class=\"slider slider-auto-height row-collapse slider-nav-outside slider-nav-circle\" data-flickity-options='{&quot;imagesLoaded&quot;: true, &quot;dragThreshold&quot; : 5, &quot;cellAlign&quot;: &quot;left&quot;,&quot;wrapAround&quot;: true,&quot;prevNextButtons&quot;: true,&quot;percentPosition&quot;: true,&quot;pageDots&quot;: true, &quot;rightToLeft&quot;: false, &quot;autoPlay&quot; : 6000}'>\n\n  <div class=\"gallery-col col\" >\n          <div class=\"col-inner\">\n            <a class=\"image-lightbox lightbox-gallery\" href=\"https:\/\/www.polarmatic.com\/wp-content\/uploads\/2023\/03\/iStock-1196104239-Information-Solutions-Image-for-Tempmatic-2048x1365.jpg\" title=\"TEMPMATIC Syst\u00e8mes de mesure de la temp\u00e9rature\">            <div class=\"box has-hover gallery-box box-normal\">\n              <div class=\"box-image image-cover\" style=\"padding-top:50%;\">\n                <img loading=\"lazy\" decoding=\"async\" width=\"2048\" height=\"1365\" src=\"https:\/\/www.polarmatic.com\/wp-content\/uploads\/2023\/03\/iStock-1196104239-Information-Solutions-Image-for-Tempmatic-2048x1365.jpg\" class=\"attachment-2048x2048 size-2048x2048\" alt=\"\" ids=\"9331,9427,9429,9431,9423,9421,9419\" style=\"normal\" lightbox_image_size=\"2048x2048\" type=\"slider-full\" slider_nav_style=\"circle\" slider_nav_position=\"outside\" slider_bullets=\"true\" auto_slide=\"6000\" image_height=\"50%\" image_size=\"2048x2048\" text_align=\"right\" text_padding=\"0px 0px 0px 0px\" srcset=\"https:\/\/www.polarmatic.com\/wp-content\/uploads\/2023\/03\/iStock-1196104239-Information-Solutions-Image-for-Tempmatic-2048x1365.jpg 2048w, https:\/\/www.polarmatic.com\/wp-content\/uploads\/2023\/03\/iStock-1196104239-Information-Solutions-Image-for-Tempmatic-300x200.jpg 300w, https:\/\/www.polarmatic.com\/wp-content\/uploads\/2023\/03\/iStock-1196104239-Information-Solutions-Image-for-Tempmatic-1024x683.jpg 1024w, https:\/\/www.polarmatic.com\/wp-content\/uploads\/2023\/03\/iStock-1196104239-Information-Solutions-Image-for-Tempmatic-768x512.jpg 768w, https:\/\/www.polarmatic.com\/wp-content\/uploads\/2023\/03\/iStock-1196104239-Information-Solutions-Image-for-Tempmatic-1536x1024.jpg 1536w\" sizes=\"auto, (max-width: 2048px) 100vw, 2048px\" \/>                                                              <\/div>\n              <div class=\"box-text text-right\" style=\"padding:0px 0px 0px 0px;\">\n                 <p>TEMPMATIC Syst\u00e8mes de mesure de la temp\u00e9rature<\/p>\n              <\/div>\n            <\/div>\n            <\/a>          <\/div>\n         <\/div><div class=\"gallery-col col\" >\n          <div class=\"col-inner\">\n            <a class=\"image-lightbox lightbox-gallery\" href=\"https:\/\/www.polarmatic.com\/wp-content\/uploads\/2023\/04\/Oil_tank_accessories-01.jpg\" title=\"Accessoires pour r\u00e9servoirs d\u2019huile\">            <div class=\"box has-hover gallery-box box-normal\">\n              <div class=\"box-image image-cover\" style=\"padding-top:50%;\">\n                <img loading=\"lazy\" decoding=\"async\" width=\"320\" height=\"230\" src=\"https:\/\/www.polarmatic.com\/wp-content\/uploads\/2023\/04\/Oil_tank_accessories-01.jpg\" class=\"attachment-2048x2048 size-2048x2048\" alt=\"Polarmatic oil tank accessories.\" ids=\"9331,9427,9429,9431,9423,9421,9419\" style=\"normal\" lightbox_image_size=\"2048x2048\" type=\"slider-full\" slider_nav_style=\"circle\" slider_nav_position=\"outside\" slider_bullets=\"true\" auto_slide=\"6000\" image_height=\"50%\" image_size=\"2048x2048\" text_align=\"right\" text_padding=\"0px 0px 0px 0px\" srcset=\"https:\/\/www.polarmatic.com\/wp-content\/uploads\/2023\/04\/Oil_tank_accessories-01.jpg 320w, https:\/\/www.polarmatic.com\/wp-content\/uploads\/2023\/04\/Oil_tank_accessories-01-300x216.jpg 300w\" sizes=\"auto, (max-width: 320px) 100vw, 320px\" \/>                                                              <\/div>\n              <div class=\"box-text text-right\" style=\"padding:0px 0px 0px 0px;\">\n                 <p>Accessoires pour r\u00e9servoirs d\u2019huile<\/p>\n              <\/div>\n            <\/div>\n            <\/a>          <\/div>\n         <\/div><div class=\"gallery-col col\" >\n          <div class=\"col-inner\">\n            <a class=\"image-lightbox lightbox-gallery\" href=\"https:\/\/www.polarmatic.com\/wp-content\/uploads\/2023\/04\/GSM_alarm.jpg\" title=\"Alarme sur t\u00e9l\u00e9phone portable\">            <div class=\"box has-hover gallery-box box-normal\">\n              <div class=\"box-image image-cover\" style=\"padding-top:50%;\">\n                <img loading=\"lazy\" decoding=\"async\" width=\"320\" height=\"230\" src=\"https:\/\/www.polarmatic.com\/wp-content\/uploads\/2023\/04\/GSM_alarm.jpg\" class=\"attachment-2048x2048 size-2048x2048\" alt=\"Polarmatic mobile phone alarm for TURBOMATIC system.\" ids=\"9331,9427,9429,9431,9423,9421,9419\" style=\"normal\" lightbox_image_size=\"2048x2048\" type=\"slider-full\" slider_nav_style=\"circle\" slider_nav_position=\"outside\" slider_bullets=\"true\" auto_slide=\"6000\" image_height=\"50%\" image_size=\"2048x2048\" text_align=\"right\" text_padding=\"0px 0px 0px 0px\" srcset=\"https:\/\/www.polarmatic.com\/wp-content\/uploads\/2023\/04\/GSM_alarm.jpg 320w, https:\/\/www.polarmatic.com\/wp-content\/uploads\/2023\/04\/GSM_alarm-300x216.jpg 300w\" sizes=\"auto, (max-width: 320px) 100vw, 320px\" \/>                                                              <\/div>\n              <div class=\"box-text text-right\" style=\"padding:0px 0px 0px 0px;\">\n                 <p>Alarme sur t\u00e9l\u00e9phone portable<\/p>\n              <\/div>\n            <\/div>\n            <\/a>          <\/div>\n         <\/div><div class=\"gallery-col col\" >\n          <div class=\"col-inner\">\n            <a class=\"image-lightbox lightbox-gallery\" href=\"https:\/\/www.polarmatic.com\/wp-content\/uploads\/2023\/04\/Cold_Water_Container.jpg\" title=\" Conteneur d\u2019eau froide\">            <div class=\"box has-hover gallery-box box-normal\">\n              <div class=\"box-image image-cover\" style=\"padding-top:50%;\">\n                <img loading=\"lazy\" decoding=\"async\" width=\"320\" height=\"230\" src=\"https:\/\/www.polarmatic.com\/wp-content\/uploads\/2023\/04\/Cold_Water_Container.jpg\" class=\"attachment-2048x2048 size-2048x2048\" alt=\"Polarmatic Cold Water Container\" ids=\"9331,9427,9429,9431,9423,9421,9419\" style=\"normal\" lightbox_image_size=\"2048x2048\" type=\"slider-full\" slider_nav_style=\"circle\" slider_nav_position=\"outside\" slider_bullets=\"true\" auto_slide=\"6000\" image_height=\"50%\" image_size=\"2048x2048\" text_align=\"right\" text_padding=\"0px 0px 0px 0px\" srcset=\"https:\/\/www.polarmatic.com\/wp-content\/uploads\/2023\/04\/Cold_Water_Container.jpg 320w, https:\/\/www.polarmatic.com\/wp-content\/uploads\/2023\/04\/Cold_Water_Container-300x216.jpg 300w\" sizes=\"auto, (max-width: 320px) 100vw, 320px\" \/>                                                              <\/div>\n              <div class=\"box-text text-right\" style=\"padding:0px 0px 0px 0px;\">\n                 <p> Conteneur d\u2019eau froide<\/p>\n              <\/div>\n            <\/div>\n            <\/a>          <\/div>\n         <\/div><div class=\"gallery-col col\" >\n          <div class=\"col-inner\">\n            <a class=\"image-lightbox lightbox-gallery\" href=\"https:\/\/www.polarmatic.com\/wp-content\/uploads\/2023\/04\/remote-access.jpg\" title=\"Acc\u00e8s \u00e0 distance\">            <div class=\"box has-hover gallery-box box-normal\">\n              <div class=\"box-image image-cover\" style=\"padding-top:50%;\">\n                <img loading=\"lazy\" decoding=\"async\" width=\"340\" height=\"230\" src=\"https:\/\/www.polarmatic.com\/wp-content\/uploads\/2023\/04\/remote-access.jpg\" class=\"attachment-2048x2048 size-2048x2048\" alt=\"TURBOMATIC heating system can be accessed remotely in case of a malfunction.\" ids=\"9331,9427,9429,9431,9423,9421,9419\" style=\"normal\" lightbox_image_size=\"2048x2048\" type=\"slider-full\" slider_nav_style=\"circle\" slider_nav_position=\"outside\" slider_bullets=\"true\" auto_slide=\"6000\" image_height=\"50%\" image_size=\"2048x2048\" text_align=\"right\" text_padding=\"0px 0px 0px 0px\" srcset=\"https:\/\/www.polarmatic.com\/wp-content\/uploads\/2023\/04\/remote-access.jpg 340w, https:\/\/www.polarmatic.com\/wp-content\/uploads\/2023\/04\/remote-access-300x203.jpg 300w\" sizes=\"auto, (max-width: 340px) 100vw, 340px\" \/>                                                              <\/div>\n              <div class=\"box-text text-right\" style=\"padding:0px 0px 0px 0px;\">\n                 <p>Acc\u00e8s \u00e0 distance<\/p>\n              <\/div>\n            <\/div>\n            <\/a>          <\/div>\n         <\/div><div class=\"gallery-col col\" >\n          <div class=\"col-inner\">\n            <a class=\"image-lightbox lightbox-gallery\" href=\"https:\/\/www.polarmatic.com\/wp-content\/uploads\/2023\/04\/water-equipment.jpg\" title=\" \u00c9quipement d\u2019eau\">            <div class=\"box has-hover gallery-box box-normal\">\n              <div class=\"box-image image-cover\" style=\"padding-top:50%;\">\n                <img loading=\"lazy\" decoding=\"async\" width=\"340\" height=\"230\" src=\"https:\/\/www.polarmatic.com\/wp-content\/uploads\/2023\/04\/water-equipment.jpg\" class=\"attachment-2048x2048 size-2048x2048\" alt=\"Water Equipment\" ids=\"9331,9427,9429,9431,9423,9421,9419\" style=\"normal\" lightbox_image_size=\"2048x2048\" type=\"slider-full\" slider_nav_style=\"circle\" slider_nav_position=\"outside\" slider_bullets=\"true\" auto_slide=\"6000\" image_height=\"50%\" image_size=\"2048x2048\" text_align=\"right\" text_padding=\"0px 0px 0px 0px\" srcset=\"https:\/\/www.polarmatic.com\/wp-content\/uploads\/2023\/04\/water-equipment.jpg 340w, https:\/\/www.polarmatic.com\/wp-content\/uploads\/2023\/04\/water-equipment-300x203.jpg 300w\" sizes=\"auto, (max-width: 340px) 100vw, 340px\" \/>                                                              <\/div>\n              <div class=\"box-text text-right\" style=\"padding:0px 0px 0px 0px;\">\n                 <p> \u00c9quipement d\u2019eau<\/p>\n              <\/div>\n            <\/div>\n            <\/a>          <\/div>\n         <\/div><div class=\"gallery-col col\" >\n          <div class=\"col-inner\">\n            <a class=\"image-lightbox lightbox-gallery\" href=\"https:\/\/www.polarmatic.com\/wp-content\/uploads\/2023\/04\/Water_treatment_equipment.jpg\" title=\"\u00c9quipement de traitement de l\u2019eau\">            <div class=\"box has-hover gallery-box box-normal\">\n              <div class=\"box-image image-cover\" style=\"padding-top:50%;\">\n                <img loading=\"lazy\" decoding=\"async\" width=\"320\" height=\"230\" src=\"https:\/\/www.polarmatic.com\/wp-content\/uploads\/2023\/04\/Water_treatment_equipment.jpg\" class=\"attachment-2048x2048 size-2048x2048\" alt=\"Water Treatment Equipment\" ids=\"9331,9427,9429,9431,9423,9421,9419\" style=\"normal\" lightbox_image_size=\"2048x2048\" type=\"slider-full\" slider_nav_style=\"circle\" slider_nav_position=\"outside\" slider_bullets=\"true\" auto_slide=\"6000\" image_height=\"50%\" image_size=\"2048x2048\" text_align=\"right\" text_padding=\"0px 0px 0px 0px\" srcset=\"https:\/\/www.polarmatic.com\/wp-content\/uploads\/2023\/04\/Water_treatment_equipment.jpg 320w, https:\/\/www.polarmatic.com\/wp-content\/uploads\/2023\/04\/Water_treatment_equipment-300x216.jpg 300w\" sizes=\"auto, (max-width: 320px) 100vw, 320px\" \/>                                                              <\/div>\n              <div class=\"box-text text-right\" style=\"padding:0px 0px 0px 0px;\">\n                 <p>\u00c9quipement de traitement de l\u2019eau<\/p>\n              <\/div>\n            <\/div>\n            <\/a>          <\/div>\n         <\/div><\/div>\n\n\n\t\t<\/div>\n\t\t\t\t\t<\/div>\n\n\t\n\n<\/div>\n<div class=\"is-divider divider clearfix\" style=\"max-width:100%;height:1px;\"><\/div>\n\n<div class=\"row align-middle\"  id=\"row-1442334002\">\n\n\n\t<div id=\"col-685898885\" class=\"col medium-6 small-12 large-6\"  >\n\t\t\t\t<div class=\"col-inner\"  >\n\t\t\t\n\t\t\t\n\n\t<div class=\"img has-hover x md-x lg-x y md-y lg-y\" id=\"image_1249320338\">\n\t\t\t\t\t\t\t\t<div class=\"img-inner image-cover dark\" style=\"padding-top:56.25%;\">\n\t\t\t<img loading=\"lazy\" decoding=\"async\" width=\"2048\" height=\"1280\" src=\"https:\/\/www.polarmatic.com\/wp-content\/uploads\/2023\/04\/Oljysailiokontti-2048x1280.png\" class=\"attachment-2048x2048 size-2048x2048\" alt=\"Polarmatic TURBO Fuel Oil Container\" srcset=\"https:\/\/www.polarmatic.com\/wp-content\/uploads\/2023\/04\/Oljysailiokontti-2048x1280.png 2048w, https:\/\/www.polarmatic.com\/wp-content\/uploads\/2023\/04\/Oljysailiokontti-300x188.png 300w, https:\/\/www.polarmatic.com\/wp-content\/uploads\/2023\/04\/Oljysailiokontti-1024x640.png 1024w, https:\/\/www.polarmatic.com\/wp-content\/uploads\/2023\/04\/Oljysailiokontti-768x480.png 768w, https:\/\/www.polarmatic.com\/wp-content\/uploads\/2023\/04\/Oljysailiokontti-1536x960.png 1536w\" sizes=\"auto, (max-width: 2048px) 100vw, 2048px\" \/>\t\t\t\t\t\t\n\t\t\t\t\t<\/div>\n\t\t\t\t\t\t\t\t\n<style>\n#image_1249320338 {\n  width: 70%;\n}\n<\/style>\n\t<\/div>\n\t\n\n\n\t\t<\/div>\n\t\t\t\t\n<style>\n#col-685898885 > .col-inner {\n  padding: 30px 0px 0px 0px;\n}\n<\/style>\n\t<\/div>\n\n\t\n\n\t<div id=\"col-719051078\" class=\"col medium-6 small-12 large-6\"  >\n\t\t\t\t<div class=\"col-inner\"  >\n\t\t\t\n\t\t\t\n\n\t<div id=\"text-2440642662\" class=\"text\">\n\t\t\n\n<h2><span lang=\"FR\">Modules compl\u00e9mentaires pour syst\u00e8mes Polarmatic<\/span><\/h2>\n<p>\u00a0<\/p>\n\t\t\n<style>\n#text-2440642662 {\n  line-height: 1.5;\n}\n<\/style>\n\t<\/div>\n\t\n<a href=\"https:\/\/www.polarmatic.com\/fr\/?page_id=9757&#038;preview=true\" class=\"button primary lowercase\" >\n\t\t<span>En savoir plus<\/span>\n\t<\/a>\n\n\n\n\t\t<\/div>\n\t\t\t\t\t<\/div>\n\n\t\n\n<\/div>\n<div class=\"is-divider divider clearfix\" style=\"max-width:100%;height:1px;\"><\/div>\n\n<div class=\"row align-middle\"  id=\"row-1802316141\">\n\n\n\t<div id=\"col-1977747137\" class=\"col medium-6 small-12 large-6 small-col-first\"  >\n\t\t\t\t<div class=\"col-inner\"  >\n\t\t\t\n\t\t\t\n\n\t<div class=\"img has-hover x md-x lg-x y md-y lg-y\" id=\"image_516287165\">\n\t\t\t\t\t\t\t\t<div class=\"img-inner image-cover dark\" style=\"padding-top:56.25%;\">\n\t\t\t<img loading=\"lazy\" decoding=\"async\" width=\"1020\" height=\"680\" src=\"https:\/\/www.polarmatic.com\/wp-content\/uploads\/2023\/03\/iStock-1196104239-Information-Solutions-Image-for-Tempmatic-1024x683.jpg\" class=\"attachment-large size-large\" alt=\"TEMPMATIC temperature measurement solutions for concrete mixers\" srcset=\"https:\/\/www.polarmatic.com\/wp-content\/uploads\/2023\/03\/iStock-1196104239-Information-Solutions-Image-for-Tempmatic-1024x683.jpg 1024w, https:\/\/www.polarmatic.com\/wp-content\/uploads\/2023\/03\/iStock-1196104239-Information-Solutions-Image-for-Tempmatic-300x200.jpg 300w, https:\/\/www.polarmatic.com\/wp-content\/uploads\/2023\/03\/iStock-1196104239-Information-Solutions-Image-for-Tempmatic-768x512.jpg 768w, https:\/\/www.polarmatic.com\/wp-content\/uploads\/2023\/03\/iStock-1196104239-Information-Solutions-Image-for-Tempmatic-1536x1024.jpg 1536w, https:\/\/www.polarmatic.com\/wp-content\/uploads\/2023\/03\/iStock-1196104239-Information-Solutions-Image-for-Tempmatic-2048x1365.jpg 2048w\" sizes=\"auto, (max-width: 1020px) 100vw, 1020px\" \/>\t\t\t\t\t\t\n\t\t\t\t\t<\/div>\n\t\t\t\t\t\t\t\t\n<style>\n#image_516287165 {\n  width: 70%;\n}\n<\/style>\n\t<\/div>\n\t\n\n\n\t\t<\/div>\n\t\t\t\t\t<\/div>\n\n\t\n\n\t<div id=\"col-469990201\" class=\"col medium-6 small-12 large-6\"  >\n\t\t\t\t<div class=\"col-inner\"  >\n\t\t\t\n\t\t\t\n\n\t<div id=\"text-1328700261\" class=\"text\">\n\t\t\n\n<h2><span lang=\"FR\">Accessoires pour syst\u00e8mes Polarmatic<\/span><\/h2>\n<p>\u00a0<\/p>\n\t\t\n<style>\n#text-1328700261 {\n  line-height: 1.5;\n}\n<\/style>\n\t<\/div>\n\t\n<a href=\"https:\/\/www.polarmatic.com\/fr\/?page_id=9763&#038;preview=true\" class=\"button primary lowercase\" >\n\t\t<span>En savoir plus<\/span>\n\t<\/a>\n\n\n\n\t\t<\/div>\n\t\t\t\t\t<\/div>\n\n\t\n\n\n<style>\n#row-1802316141 > .col > .col-inner {\n  padding: 30px 0px 0px 0px;\n}\n<\/style>\n<\/div>\n\n","protected":false},"excerpt":{"rendered":"","protected":false},"author":5,"featured_media":0,"parent":8867,"menu_order":5,"comment_status":"closed","ping_status":"closed","template":"","meta":{"_acf_changed":false,"footnotes":""},"class_list":["post-9749","page","type-page","status-publish","hentry"],"acf":[],"_links":{"self":[{"href":"https:\/\/www.polarmatic.com\/fr\/wp-json\/wp\/v2\/pages\/9749","targetHints":{"allow":["GET"]}}],"collection":[{"href":"https:\/\/www.polarmatic.com\/fr\/wp-json\/wp\/v2\/pages"}],"about":[{"href":"https:\/\/www.polarmatic.com\/fr\/wp-json\/wp\/v2\/types\/page"}],"author":[{"embeddable":true,"href":"https:\/\/www.polarmatic.com\/fr\/wp-json\/wp\/v2\/users\/5"}],"replies":[{"embeddable":true,"href":"https:\/\/www.polarmatic.com\/fr\/wp-json\/wp\/v2\/comments?post=9749"}],"version-history":[{"count":5,"href":"https:\/\/www.polarmatic.com\/fr\/wp-json\/wp\/v2\/pages\/9749\/revisions"}],"predecessor-version":[{"id":10117,"href":"https:\/\/www.polarmatic.com\/fr\/wp-json\/wp\/v2\/pages\/9749\/revisions\/10117"}],"up":[{"embeddable":true,"href":"https:\/\/www.polarmatic.com\/fr\/wp-json\/wp\/v2\/pages\/8867"}],"wp:attachment":[{"href":"https:\/\/www.polarmatic.com\/fr\/wp-json\/wp\/v2\/media?parent=9749"}],"curies":[{"name":"wp","href":"https:\/\/api.w.org\/{rel}","templated":true}]}}