{"id":9757,"date":"2023-03-22T14:38:14","date_gmt":"2023-03-22T12:38:14","guid":{"rendered":"https:\/\/www.polarmatic.com\/?page_id=9757"},"modified":"2024-04-22T10:02:06","modified_gmt":"2024-04-22T07:02:06","slug":"modules-complementaires-pour-systemes-polarmatic","status":"publish","type":"page","link":"https:\/\/www.polarmatic.com\/fr\/solutions\/solutions-de-chauffage-turbomatic\/modules-complementaires-et-accessoires\/modules-complementaires-pour-systemes-polarmatic\/","title":{"rendered":"Modules compl\u00e9mentaires pour syst\u00e8mes Polarmatic"},"content":{"rendered":"\n<div class=\"row\"  id=\"row-1031805259\">\n\n\n\t<div id=\"col-1261627137\" class=\"col small-12 large-12\"  >\n\t\t\t\t<div class=\"col-inner\"  >\n\t\t\t\n\t\t\t\n\n\t\t<div class=\"pm-breadcrumbs\">\n\t\t\t\t\n\n<span><span><a href=\"https:\/\/www.polarmatic.com\/fr\/\">Home<\/a><\/span><\/span>\n\t\t<\/div>\n\t\n\n\t\t<\/div>\n\t\t\t\t\t<\/div>\n\n\t\n\n<\/div>\n<div class=\"row\"  id=\"row-1316194950\">\n\n\n\t<div id=\"col-1313328850\" class=\"col small-12 large-12\"  >\n\t\t\t\t<div class=\"col-inner\"  >\n\t\t\t\n\t\t\t\n\n\t<div id=\"text-942702206\" class=\"text\">\n\t\t\n\n<h1><span lang=\"FR\">Modules compl\u00e9mentaires pour syst\u00e8mes Polarmatic<\/span><\/h1>\n\t\t\n<style>\n#text-942702206 {\n  line-height: 1.5;\n  color: rgb(255,255,255);\n}\n#text-942702206 > * {\n  color: rgb(255,255,255);\n}\n<\/style>\n\t<\/div>\n\t\n\n\t\t<\/div>\n\t\t\t\t\t<\/div>\n\n\t\n\n\n<style>\n#row-1316194950 > .col > .col-inner {\n  padding: 30px 0px 30px 30px;\n  background-color: #82ab4e;\n}\n<\/style>\n<\/div>\n<div class=\"row\"  id=\"row-1934952894\">\n\n\n\t<div id=\"col-798247337\" class=\"col medium-4 small-12 large-4\"  >\n\t\t\t\t<div class=\"col-inner\"  >\n\t\t\t\n\t\t\t\n\n\t<div class=\"img has-hover x md-x lg-x y md-y lg-y\" id=\"image_1913963893\">\n\t\t\t\t\t\t\t\t<div class=\"img-inner dark\" >\n\t\t\t<img loading=\"lazy\" decoding=\"async\" width=\"2048\" height=\"1280\" src=\"https:\/\/www.polarmatic.com\/wp-content\/uploads\/2023\/04\/Oljysailiokontti-2048x1280.png\" class=\"attachment-2048x2048 size-2048x2048\" alt=\"Polarmatic TURBO Fuel Oil Container\" srcset=\"https:\/\/www.polarmatic.com\/wp-content\/uploads\/2023\/04\/Oljysailiokontti-2048x1280.png 2048w, https:\/\/www.polarmatic.com\/wp-content\/uploads\/2023\/04\/Oljysailiokontti-300x188.png 300w, https:\/\/www.polarmatic.com\/wp-content\/uploads\/2023\/04\/Oljysailiokontti-1024x640.png 1024w, https:\/\/www.polarmatic.com\/wp-content\/uploads\/2023\/04\/Oljysailiokontti-768x480.png 768w, https:\/\/www.polarmatic.com\/wp-content\/uploads\/2023\/04\/Oljysailiokontti-1536x960.png 1536w\" sizes=\"auto, (max-width: 2048px) 100vw, 2048px\" \/>\t\t\t\t\t\t\n\t\t\t\t\t<\/div>\n\t\t\t\t\t\t\t\t\n<style>\n#image_1913963893 {\n  width: 100%;\n}\n<\/style>\n\t<\/div>\n\t\n\n\t<div class=\"img has-hover x md-x lg-x y md-y lg-y\" id=\"image_1058159336\">\n\t\t\t\t\t\t\t\t<div class=\"img-inner dark\" >\n\t\t\t\t\t\t\t\t\t\n\t\t\t\t\t<\/div>\n\t\t\t\t\t\t\t\t\n<style>\n#image_1058159336 {\n  width: 80%;\n}\n<\/style>\n\t<\/div>\n\t\n\n\n\t\t<\/div>\n\t\t\t\t\t<\/div>\n\n\t\n\n\t<div id=\"col-1896414589\" class=\"col medium-8 small-12 large-8\"  >\n\t\t\t\t<div class=\"col-inner\"  >\n\t\t\t\n\t\t\t\n\n\t<div id=\"text-3496556194\" class=\"text\">\n\t\t\n\n<h2><span lang=\"FR\">TURBOfuel \u2013 conteneur de mazout<\/span><\/h2>\n<ul>\n<li>Construit en conteneur de 6\u00a0m (20&prime;)<\/li>\n<li>Taille de r\u00e9servoir de mazout de 8 \u00e0 14 m\u00b3 (2\u2009100 \u2013 3\u2009700 gallons)<\/li>\n<\/ul>\n<p>\u00a0<\/p>\n<h3><span style=\"color: #3a5dae; font-size: 100%;\">\u00c9quipement standard<\/span><\/h3>\n<ul>\n<li>Syst\u00e8me d&rsquo;alimentation en fioul TURBOMATIC et pompe de transfert de mazout<\/li>\n<li>Bo\u00eetier \u00e9lectrique principal<\/li>\n<li>Raccord permettant un ravitaillement facile<\/li>\n<\/ul>\n<p>\u00a0<\/p>\n<h3><span style=\"color: #3a5dae; font-size: 100%;\">\u00c9quipement en option<\/span><\/h3>\n<ul>\n<li>Pompe d\u2019armoire de ravitaillement\u00a060 \u00e0 100\u00a0l\/min (16 \u2013 26 GPM) avec buse et compteur automatiques<\/li>\n<li>D\u00e9vidoir<\/li>\n<li>Pr\u00e9chauffeur de mazout<\/li>\n<li>Syst\u00e8me de remplissage par aspiration<\/li>\n<li>Passerelles sur le dessus des r\u00e9servoirs de carburant<\/li>\n<li>Isolation thermique<\/li>\n<li>Zone de stockage (pour les mod\u00e8les\u00a08 \u00e0 12\u00a0m\u00b3)<\/li>\n<\/ul>\n<p>\u00a0<\/p>\n<h3><span style=\"color: #3a5dae;\">Compatible avec<\/span><\/h3>\n<ul>\n<li><a href=\"https:\/\/www.polarmatic.com\/fr\/?page_id=8867&amp;preview=true\">Solutions de chauffage TURBOMATIC<\/a><\/li>\n<li><a href=\"https:\/\/www.polarmatic.com\/fr\/?page_id=9835&amp;preview=true\">Solutions de cure CUREMATIC<\/a><\/li>\n<\/ul>\n\t\t\n<style>\n#text-3496556194 {\n  line-height: 1.5;\n}\n<\/style>\n\t<\/div>\n\t\n\n\t\t<\/div>\n\t\t\t\t\t<\/div>\n\n\t\n\n\n<style>\n#row-1934952894 > .col > .col-inner {\n  padding: 30px 0px 0px 0px;\n}\n<\/style>\n<\/div>\n<div class=\"is-divider divider clearfix\" style=\"max-width:100%;height:1px;\"><\/div>\n\n<div class=\"row\"  id=\"row-1572717229\">\n\n\n\t<div id=\"col-1539237146\" class=\"col medium-4 small-12 large-4\"  >\n\t\t\t\t<div class=\"col-inner\"  >\n\t\t\t\n\t\t\t\n\n\t<div class=\"img has-hover x md-x lg-x y md-y lg-y\" id=\"image_1100229565\">\n\t\t\t\t\t\t\t\t<div class=\"img-inner dark\" >\n\t\t\t<img loading=\"lazy\" decoding=\"async\" width=\"320\" height=\"230\" src=\"https:\/\/www.polarmatic.com\/wp-content\/uploads\/2023\/04\/Cold_Water_Container.jpg\" class=\"attachment-2048x2048 size-2048x2048\" alt=\"Polarmatic Cold Water Container\" srcset=\"https:\/\/www.polarmatic.com\/wp-content\/uploads\/2023\/04\/Cold_Water_Container.jpg 320w, https:\/\/www.polarmatic.com\/wp-content\/uploads\/2023\/04\/Cold_Water_Container-300x216.jpg 300w\" sizes=\"auto, (max-width: 320px) 100vw, 320px\" \/>\t\t\t\t\t\t\n\t\t\t\t\t<\/div>\n\t\t\t\t\t\t\t\t\n<style>\n#image_1100229565 {\n  width: 80%;\n}\n<\/style>\n\t<\/div>\n\t\n\n\n\t\t<\/div>\n\t\t\t\t\t<\/div>\n\n\t\n\n\t<div id=\"col-1582976891\" class=\"col medium-8 small-12 large-8\"  >\n\t\t\t\t<div class=\"col-inner\"  >\n\t\t\t\n\t\t\t\n\n\t<div id=\"text-2506254502\" class=\"text\">\n\t\t\n\n<h2>Conteneur d\u2019eau froide<\/h2>\n<ul>\n<li>Construit en conteneur de 6\u00a0m (20&prime;)<\/li>\n<li>Taille de r\u00e9servoir de mazout de 20\u00a0m\u00b3 (5.300 gallons)<\/li>\n<\/ul>\n<p>\u00a0<\/p>\n<h3><span style=\"color: #3a5dae; font-size: 100%;\">\u00c9quipement standard<\/span><\/h3>\n<ul>\n<li>Syst\u00e8me d&rsquo;alimentation en eau \u00e9quip\u00e9 de jauges de niveau<\/li>\n<li>Bo\u00eetier \u00e9lectrique principal<\/li>\n<li>Raccords de remplissage du r\u00e9servoir<\/li>\n<\/ul>\n<p>\u00a0<\/p>\n<h3><span style=\"font-size: 100%; color: #3a5dae;\">\u00c9quipement en option<\/span><\/h3>\n<ul>\n<li>Pompe d\u2019eau de dosage<\/li>\n<li>Pompe de circulation<\/li>\n<li>Pompe de remplissage pour TURBOMATIC\/COOLMATIC<\/li>\n<li>Pompe d\u2019eau de lavage<\/li>\n<li>D\u00e9vidoir<\/li>\n<li>Isolation thermique<\/li>\n<\/ul>\n<p><strong>Remarque<\/strong>\u00a0: autres configurations, p.\u00a0ex. conteneur pour adjuvants sur demande<\/p>\n<h3>\u00a0<\/h3>\n<h3><span style=\"color: #3a5dae; font-size: 100%;\">Compatible avec<\/span><\/h3>\n<ul>\n<li><a href=\"https:\/\/www.polarmatic.com\/fr\/?page_id=8867&amp;preview=true\">Solutions de chauffage TURBOMATIC<\/a><\/li>\n<li><a href=\"https:\/\/www.polarmatic.com\/fr\/?page_id=9771&amp;preview=true\">Solutions de refroidissement COOLMATIC<\/a><\/li>\n<li><a href=\"https:\/\/www.polarmatic.com\/fr\/?page_id=9835&amp;preview=true\">Solutions de cure CUREMATIC<\/a><\/li>\n<\/ul>\n\t\t\n<style>\n#text-2506254502 {\n  line-height: 1.5;\n}\n<\/style>\n\t<\/div>\n\t\n\n\t\t<\/div>\n\t\t\t\t\t<\/div>\n\n\t\n\n\n<style>\n#row-1572717229 > .col > .col-inner {\n  padding: 30px 0px 0px 0px;\n}\n<\/style>\n<\/div>\n\n","protected":false},"excerpt":{"rendered":"","protected":false},"author":5,"featured_media":0,"parent":9749,"menu_order":1,"comment_status":"closed","ping_status":"closed","template":"","meta":{"_acf_changed":false,"footnotes":""},"class_list":["post-9757","page","type-page","status-publish","hentry"],"acf":[],"_links":{"self":[{"href":"https:\/\/www.polarmatic.com\/fr\/wp-json\/wp\/v2\/pages\/9757","targetHints":{"allow":["GET"]}}],"collection":[{"href":"https:\/\/www.polarmatic.com\/fr\/wp-json\/wp\/v2\/pages"}],"about":[{"href":"https:\/\/www.polarmatic.com\/fr\/wp-json\/wp\/v2\/types\/page"}],"author":[{"embeddable":true,"href":"https:\/\/www.polarmatic.com\/fr\/wp-json\/wp\/v2\/users\/5"}],"replies":[{"embeddable":true,"href":"https:\/\/www.polarmatic.com\/fr\/wp-json\/wp\/v2\/comments?post=9757"}],"version-history":[{"count":4,"href":"https:\/\/www.polarmatic.com\/fr\/wp-json\/wp\/v2\/pages\/9757\/revisions"}],"predecessor-version":[{"id":10121,"href":"https:\/\/www.polarmatic.com\/fr\/wp-json\/wp\/v2\/pages\/9757\/revisions\/10121"}],"up":[{"embeddable":true,"href":"https:\/\/www.polarmatic.com\/fr\/wp-json\/wp\/v2\/pages\/9749"}],"wp:attachment":[{"href":"https:\/\/www.polarmatic.com\/fr\/wp-json\/wp\/v2\/media?parent=9757"}],"curies":[{"name":"wp","href":"https:\/\/api.w.org\/{rel}","templated":true}]}}