{"id":9763,"date":"2023-03-22T11:08:10","date_gmt":"2023-03-22T09:08:10","guid":{"rendered":"https:\/\/www.polarmatic.com\/?page_id=9763"},"modified":"2024-04-22T10:02:24","modified_gmt":"2024-04-22T07:02:24","slug":"accessoires-pour-systemes-polarmatic","status":"publish","type":"page","link":"https:\/\/www.polarmatic.com\/fr\/solutions\/solutions-de-chauffage-turbomatic\/modules-complementaires-et-accessoires\/accessoires-pour-systemes-polarmatic\/","title":{"rendered":"Accessoires pour syst\u00e8mes Polarmatic"},"content":{"rendered":"\n<div class=\"row\"  id=\"row-1633828293\">\n\n\n\t<div id=\"col-279976346\" class=\"col small-12 large-12\"  >\n\t\t\t\t<div class=\"col-inner\"  >\n\t\t\t\n\t\t\t\n\n\t\t<div class=\"pm-breadcrumbs\">\n\t\t\t\t\n\n<span><span><a href=\"https:\/\/www.polarmatic.com\/fr\/\">Home<\/a><\/span><\/span>\n\t\t<\/div>\n\t\n\n\t\t<\/div>\n\t\t\t\t\t<\/div>\n\n\t\n\n<\/div>\n<div class=\"row\"  id=\"row-982195215\">\n\n\n\t<div id=\"col-1608969924\" class=\"col small-12 large-12\"  >\n\t\t\t\t<div class=\"col-inner text-left\" style=\"background-color:rgb(130, 171, 78);\" >\n\t\t\t\n\t\t\t\n\n\t<div id=\"text-2955475376\" class=\"text\">\n\t\t\n\n<h1><span lang=\"FR\">Accessoires pour syst\u00e8mes Polarmatic<\/span><\/h1>\n\t\t\n<style>\n#text-2955475376 {\n  line-height: 1.5;\n  text-align: left;\n  color: rgb(254, 254, 254);\n}\n#text-2955475376 > * {\n  color: rgb(254, 254, 254);\n}\n<\/style>\n\t<\/div>\n\t\n\n\t\t<\/div>\n\t\t\t\t\t<\/div>\n\n\t\n\n\n<style>\n#row-982195215 > .col > .col-inner {\n  padding: 30px 0px 30px 30px;\n}\n<\/style>\n<\/div>\n<div class=\"row\"  id=\"row-319263406\">\n\n\n\t<div id=\"col-779420783\" class=\"col medium-4 small-12 large-4\"  >\n\t\t\t\t<div class=\"col-inner\"  >\n\t\t\t\n\t\t\t\n\n\t<div class=\"img has-hover x md-x lg-x y md-y lg-y\" id=\"image_699667985\">\n\t\t\t\t\t\t\t\t<div class=\"img-inner dark\" >\n\t\t\t<img loading=\"lazy\" decoding=\"async\" width=\"2048\" height=\"1365\" src=\"https:\/\/www.polarmatic.com\/wp-content\/uploads\/2023\/03\/iStock-1196104239-Information-Solutions-Image-for-Tempmatic-2048x1365.jpg\" class=\"attachment-2048x2048 size-2048x2048\" alt=\"TEMPMATIC temperature measurement solutions for concrete mixers\" srcset=\"https:\/\/www.polarmatic.com\/wp-content\/uploads\/2023\/03\/iStock-1196104239-Information-Solutions-Image-for-Tempmatic-2048x1365.jpg 2048w, https:\/\/www.polarmatic.com\/wp-content\/uploads\/2023\/03\/iStock-1196104239-Information-Solutions-Image-for-Tempmatic-300x200.jpg 300w, https:\/\/www.polarmatic.com\/wp-content\/uploads\/2023\/03\/iStock-1196104239-Information-Solutions-Image-for-Tempmatic-1024x683.jpg 1024w, https:\/\/www.polarmatic.com\/wp-content\/uploads\/2023\/03\/iStock-1196104239-Information-Solutions-Image-for-Tempmatic-768x512.jpg 768w, https:\/\/www.polarmatic.com\/wp-content\/uploads\/2023\/03\/iStock-1196104239-Information-Solutions-Image-for-Tempmatic-1536x1024.jpg 1536w\" sizes=\"auto, (max-width: 2048px) 100vw, 2048px\" \/>\t\t\t\t\t\t\n\t\t\t\t\t<\/div>\n\t\t\t\t\t\t\t\t\n<style>\n#image_699667985 {\n  width: 80%;\n}\n<\/style>\n\t<\/div>\n\t\n\n\n\t\t<\/div>\n\t\t\t\t\t<\/div>\n\n\t\n\n\t<div id=\"col-35874918\" class=\"col medium-8 small-12 large-8\"  >\n\t\t\t\t<div class=\"col-inner\"  >\n\t\t\t\n\t\t\t\n\n\t<div id=\"text-2710572618\" class=\"text\">\n\t\t\n\n<h2>TEMPMATIC<\/h2>\n<p>Syst\u00e8mes de mesure de la temp\u00e9rature uniques qui mesurent de mani\u00e8re fiable la temp\u00e9rature des granulats, du b\u00e9ton et des produits en b\u00e9ton.<\/p>\n<p>TEMPMATIC aidera les \u00e9quipes de production \u00e0 mieux contr\u00f4ler les processus de production et \u00e0 am\u00e9liorer la qualit\u00e9 du produit, mais aussi \u00e0 r\u00e9aliser des \u00e9conomies de co\u00fbts.<\/p>\n<h3><span style=\"font-size: 100%; color: #3a5dae;\">Tempmatic\/PMC-37\/P-B<\/span><\/h3>\n<p>Pour mesurer la temp\u00e9rature du b\u00e9ton dans les malaxeurs \u00e0 double arbre ou de type b\u00e9tonni\u00e8re.<\/p>\n<h3><span style=\"color: #3a5dae; font-size: 100%;\">Tempmatic\/PMC-37\/N-M<\/span><\/h3>\n<p>Pour mesurer la temp\u00e9rature du b\u00e9ton dans les malaxeurs \u00e0 chute libre.<\/p>\n<h3><span style=\"color: #3a5dae; font-size: 100%;\">Tempmatic\/PMC-37\/OPA<\/span><\/h3>\n<p>Pour surveiller la temp\u00e9rature des hourdis pendant le processus de cure.<\/p>\n<h3><span style=\"font-size: 100%; color: #3a5dae;\">Tempmatic\/PMC-37\/AS<\/span><\/h3>\n<p>Pour surveiller les temp\u00e9ratures des granulats dans les bacs.<\/p>\n<p>\u00a0<\/p>\n<h3><span style=\"font-size: 100%; color: #3a5dae;\">Compatible avec<\/span><\/h3>\n<ul>\n<li><a href=\"https:\/\/www.polarmatic.com\/fr\/?page_id=8867&amp;preview=true\">Solutions de chauffage TURBOMATIC<\/a><\/li>\n<li><a href=\"https:\/\/www.polarmatic.com\/fr\/?page_id=9771&amp;preview=true\">Solutions de refroidissement COOLMATIC<\/a><\/li>\n<li><a href=\"https:\/\/www.polarmatic.com\/fr\/?page_id=9835&amp;preview=true\">Solutions de cure CUREMATIC<\/a><\/li>\n<\/ul>\n\t\t\n<style>\n#text-2710572618 {\n  line-height: 1.5;\n}\n<\/style>\n\t<\/div>\n\t\n\n\t\t<\/div>\n\t\t\t\t\t<\/div>\n\n\t\n\n\n<style>\n#row-319263406 > .col > .col-inner {\n  padding: 30px 0px 0px 0px;\n}\n<\/style>\n<\/div>\n<div class=\"is-divider divider clearfix\" style=\"max-width:100%;height:1px;\"><\/div>\n\n<div class=\"row\"  id=\"row-1963522137\">\n\n\n\t<div id=\"col-719856252\" class=\"col medium-4 small-12 large-4\"  >\n\t\t\t\t<div class=\"col-inner\"  >\n\t\t\t\n\t\t\t\n\n\t<div class=\"img has-hover x md-x lg-x y md-y lg-y\" id=\"image_858915947\">\n\t\t\t\t\t\t\t\t<div class=\"img-inner dark\" >\n\t\t\t<img loading=\"lazy\" decoding=\"async\" width=\"619\" height=\"416\" src=\"https:\/\/www.polarmatic.com\/wp-content\/uploads\/2023\/04\/Sensomatic-gas-detector-fixed-modell.png\" class=\"attachment-2048x2048 size-2048x2048\" alt=\"Sensomatic gas detector fixed model\" srcset=\"https:\/\/www.polarmatic.com\/wp-content\/uploads\/2023\/04\/Sensomatic-gas-detector-fixed-modell.png 619w, https:\/\/www.polarmatic.com\/wp-content\/uploads\/2023\/04\/Sensomatic-gas-detector-fixed-modell-300x202.png 300w\" sizes=\"auto, (max-width: 619px) 100vw, 619px\" \/>\t\t\t\t\t\t\n\t\t\t\t\t<\/div>\n\t\t\t\t\t\t\t\t\n<style>\n#image_858915947 {\n  width: 80%;\n}\n<\/style>\n\t<\/div>\n\t\n\n\n\t\t<\/div>\n\t\t\t\t\t<\/div>\n\n\t\n\n\t<div id=\"col-1327766995\" class=\"col medium-8 small-12 large-8\"  >\n\t\t\t\t<div class=\"col-inner\"  >\n\t\t\t\n\t\t\t\n\n\t<div id=\"text-64647350\" class=\"text\">\n\t\t\n\n<h2>SENSOMATIC<\/h2>\n<h3><span style=\"color: #3a5dae; font-size: 100%;\">Syst\u00e8me de d\u00e9tection des gaz\u00a0PMC-2106<\/span><\/h3>\n<p>Syst\u00e8me de surveillance des gaz pour les espaces int\u00e9rieurs des centrales \u00e0 b\u00e9ton.<\/p>\n<p>Syst\u00e8me de mesure\u00a0:<\/p>\n<ul>\n<li style=\"list-style-type: none;\">\n<ul>\n<li>le PMC-2106 est un syst\u00e8me de d\u00e9tection des gaz qui peut surveiller de mani\u00e8re fiable les niveaux de monoxyde de carbone (CO) et d&rsquo;oxyg\u00e8ne (O2) dans les installations d\u2019une centrale \u00e0 b\u00e9ton.<\/li>\n<li>Une LED locale indique leur \u00e9tat et le syst\u00e8me est facile \u00e0 installer et entretenir.<\/li>\n<li>Le syst\u00e8me de d\u00e9tection est enti\u00e8rement int\u00e9gr\u00e9 dans le syst\u00e8me de contr\u00f4le TURBOMATIC<\/li>\n<\/ul>\n<\/li>\n<\/ul>\n<h3>\u00a0<\/h3>\n<h3><span style=\"color: #3a5dae; font-size: 100%;\">Compatible avec<\/span><\/h3>\n<ul>\n<li><a href=\"https:\/\/www.polarmatic.com\/fr\/?page_id=8867&amp;preview=true\">Solutions de chauffage TURBOMATIC<\/a><\/li>\n<li><a href=\"https:\/\/www.polarmatic.com\/fr\/?page_id=9835&amp;preview=true\">Solutions de cure CUREMATIC<\/a><\/li>\n<\/ul>\n\t\t\n<style>\n#text-64647350 {\n  line-height: 1.5;\n}\n<\/style>\n\t<\/div>\n\t\n\n\t\t<\/div>\n\t\t\t\t\t<\/div>\n\n\t\n\n\n<style>\n#row-1963522137 > .col > .col-inner {\n  padding: 30px 0px 0px 0px;\n}\n<\/style>\n<\/div>\n<div class=\"is-divider divider clearfix\" style=\"max-width:100%;height:1px;\"><\/div>\n\n<div class=\"row\"  id=\"row-699280060\">\n\n\n\t<div id=\"col-1012283977\" class=\"col medium-4 small-12 large-4\"  >\n\t\t\t\t<div class=\"col-inner\"  >\n\t\t\t\n\t\t\t\n\n\t<div class=\"img has-hover x md-x lg-x y md-y lg-y\" id=\"image_2121176475\">\n\t\t\t\t\t\t\t\t<div class=\"img-inner dark\" >\n\t\t\t<img loading=\"lazy\" decoding=\"async\" width=\"320\" height=\"230\" src=\"https:\/\/www.polarmatic.com\/wp-content\/uploads\/2023\/04\/Water_treatment_equipment.jpg\" class=\"attachment-2048x2048 size-2048x2048\" alt=\"Water Treatment Equipment\" srcset=\"https:\/\/www.polarmatic.com\/wp-content\/uploads\/2023\/04\/Water_treatment_equipment.jpg 320w, https:\/\/www.polarmatic.com\/wp-content\/uploads\/2023\/04\/Water_treatment_equipment-300x216.jpg 300w\" sizes=\"auto, (max-width: 320px) 100vw, 320px\" \/>\t\t\t\t\t\t\n\t\t\t\t\t<\/div>\n\t\t\t\t\t\t\t\t\n<style>\n#image_2121176475 {\n  width: 80%;\n}\n<\/style>\n\t<\/div>\n\t\n\n\n\t\t<\/div>\n\t\t\t\t\t<\/div>\n\n\t\n\n\t<div id=\"col-168934888\" class=\"col medium-8 small-12 large-8\"  >\n\t\t\t\t<div class=\"col-inner\"  >\n\t\t\t\n\t\t\t\n\n\t<div id=\"text-4115727079\" class=\"text\">\n\t\t\n\n<h2>\u00c9quipement de traitement de l&rsquo;eau<\/h2>\n<p>Les syst\u00e8mes Polarmatic sont con\u00e7us pour \u00eatre utilis\u00e9s avec une eau de qualit\u00e9 normale. Dans les cas o\u00f9 l&rsquo;eau sera utilis\u00e9e dans des endroits avec des propri\u00e9t\u00e9s exceptionnelles, par exemple une duret\u00e9 importante, un syst\u00e8me de traitement de l&rsquo;eau est recommand\u00e9.<\/p>\n<p>Les syst\u00e8mes de traitement de l\u2019eau Polarmatic sont toujours adapt\u00e9s aux exigences et aux besoins sp\u00e9cifiques de l\u2019usine de production de b\u00e9ton.<\/p>\n<h3><span style=\"font-size: 100%; color: #3a5dae;\">Caract\u00e9ristiques<\/span><\/h3>\n<ul>\n<li>Dimensionnement pour une consommation de 3, 6 ou 9\u00a0m\u00b3\/h, autres dimensions sur demande<\/li>\n<li>3 types d&rsquo;\u00e9quipements\u00a0:\n<ul>\n<li>Adoucisseur d&rsquo;eau<\/li>\n<li>\u00c9limination du fer et du mangan\u00e8se plus augmentation du pH<\/li>\n<li>\u00c9limination du permanganate de potassium, de toute couleur, des mauvaises odeurs et du go\u00fbt<\/li>\n<\/ul>\n<\/li>\n<\/ul>\n<h3><span style=\"font-size: 100%; color: #3a5dae;\">Compatible avec<\/span><\/h3>\n<ul>\n<li><a href=\"https:\/\/www.polarmatic.com\/fr\/?page_id=8867&amp;preview=true\">Solutions de chauffage TURBOMATIC<\/a><\/li>\n<li><a href=\"https:\/\/www.polarmatic.com\/fr\/?page_id=9771&amp;preview=true\">Solutions de refroidissement COOLMATIC<\/a><\/li>\n<li><a href=\"https:\/\/www.polarmatic.com\/fr\/?page_id=9835&amp;preview=true\">Solutions de cure CUREMATIC<\/a><\/li>\n<\/ul>\n\t\t\n<style>\n#text-4115727079 {\n  line-height: 1.5;\n}\n<\/style>\n\t<\/div>\n\t\n\n\t\t<\/div>\n\t\t\t\t\t<\/div>\n\n\t\n\n\n<style>\n#row-699280060 > .col > .col-inner {\n  padding: 30px 0px 0px 0px;\n}\n<\/style>\n<\/div>\n<div class=\"is-divider divider clearfix\" style=\"max-width:100%;height:1px;\"><\/div>\n\n<div class=\"row\"  id=\"row-81287148\">\n\n\n\t<div id=\"col-214605914\" class=\"col medium-4 small-12 large-4\"  >\n\t\t\t\t<div class=\"col-inner\"  >\n\t\t\t\n\t\t\t\n\n\t<div class=\"img has-hover x md-x lg-x y md-y lg-y\" id=\"image_1034062182\">\n\t\t\t\t\t\t\t\t<div class=\"img-inner dark\" >\n\t\t\t<img loading=\"lazy\" decoding=\"async\" width=\"340\" height=\"230\" src=\"https:\/\/www.polarmatic.com\/wp-content\/uploads\/2023\/04\/water-equipment.jpg\" class=\"attachment-2048x2048 size-2048x2048\" alt=\"Water Equipment\" srcset=\"https:\/\/www.polarmatic.com\/wp-content\/uploads\/2023\/04\/water-equipment.jpg 340w, https:\/\/www.polarmatic.com\/wp-content\/uploads\/2023\/04\/water-equipment-300x203.jpg 300w\" sizes=\"auto, (max-width: 340px) 100vw, 340px\" \/>\t\t\t\t\t\t\n\t\t\t\t\t<\/div>\n\t\t\t\t\t\t\t\t\n<style>\n#image_1034062182 {\n  width: 80%;\n}\n<\/style>\n\t<\/div>\n\t\n\n\n\t\t<\/div>\n\t\t\t\t\t<\/div>\n\n\t\n\n\t<div id=\"col-38129208\" class=\"col medium-8 small-12 large-8\"  >\n\t\t\t\t<div class=\"col-inner\"  >\n\t\t\t\n\t\t\t\n\n\t<div id=\"text-3068535172\" class=\"text\">\n\t\t\n\n<h2>\u00c9quipement d&rsquo;eau<\/h2>\n<h3><span style=\"font-size: 100%; color: #3a5dae;\">Robinet d\u2019eau de dosage<\/span><\/h3>\n<ul>\n<li>Robinet \u00e0 papillon, \u00e0 si\u00e8ge souple<\/li>\n<li>Tailles disponibles : DN65\u202680 (2\u00bd\u00a0\u00bb\u20263&Prime;)<\/li>\n<\/ul>\n<h3><span style=\"font-size: 100%; color: #3a5dae;\">Capteur de temp\u00e9rature pour bascule d\u2019eau<\/span><\/h3>\n<ul>\n<li>Capteur\u00a0Pt100<\/li>\n<li>Int\u00e9gration dans le syst\u00e8me de contr\u00f4le de la centrale de b\u00e9ton<\/li>\n<\/ul>\n<h3><span style=\"font-size: 100%; color: #3a5dae;\">Ensemble d\u00e9vidoir tuyau d\u2019eau<\/span><\/h3>\n<ul>\n<li>Longueur de tuyau 30\u00a0m<\/li>\n<li>Rappel \u00e0 ressort automatique<\/li>\n<li>Avec guide de tuyau et bouchon de tuyau<\/li>\n<li>Le conteneur peut \u00eatre fourni avec une ouverture pour tuyau s\u00e9par\u00e9e<\/li>\n<\/ul>\n<p>\u00a0<\/p>\n<h3><span style=\"font-size: 100%; color: #3a5dae;\">Compatible avec<\/span><\/h3>\n<ul>\n<li><a href=\"https:\/\/www.polarmatic.com\/fr\/?page_id=8867&amp;preview=true\">Solutions de chauffage TURBOMATIC<\/a><\/li>\n<li><a href=\"https:\/\/www.polarmatic.com\/fr\/?page_id=9771&amp;preview=true\">Solutions de refroidissement COOLMATIC<\/a><\/li>\n<li><a href=\"https:\/\/www.polarmatic.com\/fr\/?page_id=9835&amp;preview=true\">Solutions de cure CUREMATIC<\/a><\/li>\n<\/ul>\n\t\t\n<style>\n#text-3068535172 {\n  line-height: 1.5;\n}\n<\/style>\n\t<\/div>\n\t\n\n\t\t<\/div>\n\t\t\t\t\t<\/div>\n\n\t\n\n\n<style>\n#row-81287148 > .col > .col-inner {\n  padding: 30px 0px 0px 0px;\n}\n<\/style>\n<\/div>\n<div class=\"is-divider divider clearfix\" style=\"max-width:100%;height:1px;\"><\/div>\n\n<div class=\"row\"  id=\"row-1241617175\">\n\n\n\t<div id=\"col-137036129\" class=\"col medium-4 small-12 large-4\"  >\n\t\t\t\t<div class=\"col-inner\"  >\n\t\t\t\n\t\t\t\n\n\t<div class=\"img has-hover x md-x lg-x y md-y lg-y\" id=\"image_2060373549\">\n\t\t\t\t\t\t\t\t<div class=\"img-inner dark\" >\n\t\t\t<img loading=\"lazy\" decoding=\"async\" width=\"320\" height=\"230\" src=\"https:\/\/www.polarmatic.com\/wp-content\/uploads\/2023\/04\/Oil_tank_accessories-01.jpg\" class=\"attachment-2048x2048 size-2048x2048\" alt=\"Polarmatic oil tank accessories.\" srcset=\"https:\/\/www.polarmatic.com\/wp-content\/uploads\/2023\/04\/Oil_tank_accessories-01.jpg 320w, https:\/\/www.polarmatic.com\/wp-content\/uploads\/2023\/04\/Oil_tank_accessories-01-300x216.jpg 300w\" sizes=\"auto, (max-width: 320px) 100vw, 320px\" \/>\t\t\t\t\t\t\n\t\t\t\t\t<\/div>\n\t\t\t\t\t\t\t\t\n<style>\n#image_2060373549 {\n  width: 80%;\n}\n<\/style>\n\t<\/div>\n\t\n\n\n\t\t<\/div>\n\t\t\t\t\t<\/div>\n\n\t\n\n\t<div id=\"col-492781894\" class=\"col medium-8 small-12 large-8\"  >\n\t\t\t\t<div class=\"col-inner\"  >\n\t\t\t\n\t\t\t\n\n\t<div id=\"text-1362114055\" class=\"text\">\n\t\t\n\n<h2>Accessoires pour r\u00e9servoirs d&rsquo;huile<\/h2>\n<h3><span style=\"font-size: 100%; color: #3a5dae;\">Mesure ultrasonique du niveau de r\u00e9servoir d&rsquo;huile<\/span><\/h3>\n<ul>\n<li>La plage de mesure est r\u00e9gl\u00e9e en usine<\/li>\n<li>Sortie\u00a04&#8230;20\u00a0mA<\/li>\n<li>Enti\u00e8rement int\u00e9gr\u00e9e aux commandes et au logiciel de l&rsquo;unit\u00e9 de chauffage<\/li>\n<\/ul>\n<h3><span style=\"font-size: 100%; color: #3a5dae;\">Station de remplissage d&rsquo;huile\/essence<\/span><\/h3>\n<ul>\n<li>Moteur de pompe 0,37\u00a0kW<\/li>\n<li>D\u00e9bit max 60\u00a0l\/min<\/li>\n<li>Tuyau 4\u00a0m, \u00d8 19\u00a0mm<\/li>\n<li>Filtre int\u00e9gr\u00e9<\/li>\n<li>Pistolet \u00e0 essence automatique<\/li>\n<li>Mesure m\u00e9canique du d\u00e9bit<\/li>\n<li>Bo\u00eetier verrouillable 51 (l) x 55 (H) x 32 (P) mm<\/li>\n<\/ul>\n<p>\u00a0<\/p>\n<h3><span style=\"font-size: 100%; color: #3a5dae;\">Compatible avec<\/span><\/h3>\n<ul>\n<li><a href=\"https:\/\/www.polarmatic.com\/fr\/?page_id=8867&amp;preview=true\">Solutions de chauffage TURBOMATIC<\/a><\/li>\n<li><a href=\"https:\/\/www.polarmatic.com\/fr\/?page_id=9835&amp;preview=true\">Solutions de cure CUREMATIC<\/a><\/li>\n<\/ul>\n\t\t\n<style>\n#text-1362114055 {\n  line-height: 1.5;\n}\n<\/style>\n\t<\/div>\n\t\n\n\t\t<\/div>\n\t\t\t\t\t<\/div>\n\n\t\n\n\n<style>\n#row-1241617175 > .col > .col-inner {\n  padding: 30px 0px 0px 0px;\n}\n<\/style>\n<\/div>\n\t<div id=\"gap-1345199231\" class=\"gap-element clearfix\" style=\"display:block; height:auto;\">\n\t\t\n<style>\n#gap-1345199231 {\n  padding-top: 80px;\n}\n<\/style>\n\t<\/div>\n\t\n\n<div class=\"row\"  id=\"row-424207388\">\n\n\n\t<div id=\"col-148461398\" class=\"col small-12 large-12\"  >\n\t\t\t\t<div class=\"col-inner text-left\" style=\"background-color:rgb(130, 171, 78);\" >\n\t\t\t\n\t\t\t\n\n\t<div id=\"text-4212802497\" class=\"text\">\n\t\t\n\n<h2><span lang=\"FR\">Accessoires de gestion de l&rsquo;information<\/span><\/h2>\n\t\t\n<style>\n#text-4212802497 {\n  line-height: 1.5;\n  text-align: left;\n  color: rgb(254, 254, 254);\n}\n#text-4212802497 > * {\n  color: rgb(254, 254, 254);\n}\n<\/style>\n\t<\/div>\n\t\n\n\t\t<\/div>\n\t\t\t\t\t<\/div>\n\n\t\n\n\n<style>\n#row-424207388 > .col > .col-inner {\n  padding: 30px 0px 30px 30px;\n}\n<\/style>\n<\/div>\n<div class=\"row\"  id=\"row-1872680889\">\n\n\n\t<div id=\"col-1328253578\" class=\"col medium-4 small-12 large-4\"  >\n\t\t\t\t<div class=\"col-inner\"  >\n\t\t\t\n\t\t\t\n\n\t<div class=\"img has-hover x md-x lg-x y md-y lg-y\" id=\"image_25782377\">\n\t\t\t\t\t\t\t\t<div class=\"img-inner dark\" >\n\t\t\t<img loading=\"lazy\" decoding=\"async\" width=\"320\" height=\"230\" src=\"https:\/\/www.polarmatic.com\/wp-content\/uploads\/2023\/04\/GSM_alarm.jpg\" class=\"attachment-2048x2048 size-2048x2048\" alt=\"Polarmatic mobile phone alarm for TURBOMATIC system.\" srcset=\"https:\/\/www.polarmatic.com\/wp-content\/uploads\/2023\/04\/GSM_alarm.jpg 320w, https:\/\/www.polarmatic.com\/wp-content\/uploads\/2023\/04\/GSM_alarm-300x216.jpg 300w\" sizes=\"auto, (max-width: 320px) 100vw, 320px\" \/>\t\t\t\t\t\t\n\t\t\t\t\t<\/div>\n\t\t\t\t\t\t\t\t\n<style>\n#image_25782377 {\n  width: 80%;\n}\n<\/style>\n\t<\/div>\n\t\n\n\n\t\t<\/div>\n\t\t\t\t\t<\/div>\n\n\t\n\n\t<div id=\"col-1607495479\" class=\"col medium-8 small-12 large-8\"  >\n\t\t\t\t<div class=\"col-inner\"  >\n\t\t\t\n\t\t\t\n\n\t<div id=\"text-3983524502\" class=\"text\">\n\t\t\n\n<h2>Alarme sur t\u00e9l\u00e9phone portable<\/h2>\n<ul>\n<li>Transmission des alarmes via un r\u00e9seau mobile vers des num\u00e9ros de t\u00e9l\u00e9phone pr\u00e9d\u00e9finis<\/li>\n<li>Module quadribande 2G\/4G.<\/li>\n<li>Enti\u00e8rement int\u00e9gr\u00e9 aux commandes et au logiciel du syst\u00e8me de contr\u00f4le<\/li>\n<\/ul>\n<p>\u00a0<\/p>\n<h3><span style=\"font-size: 100%; color: #3a5dae;\">Compatible avec<\/span><\/h3>\n<ul>\n<li><a href=\"https:\/\/www.polarmatic.com\/fr\/?page_id=8867&amp;preview=true\">Solutions de chauffage TURBOMATIC<\/a><\/li>\n<li><a href=\"https:\/\/www.polarmatic.com\/fr\/?page_id=9771&amp;preview=true\">Solutions de refroidissement COOLMATIC<\/a><\/li>\n<li><a href=\"https:\/\/www.polarmatic.com\/fr\/?page_id=9835&amp;preview=true\">Solutions de cure CUREMATIC<\/a><\/li>\n<\/ul>\n\t\t\n<style>\n#text-3983524502 {\n  line-height: 1.5;\n}\n<\/style>\n\t<\/div>\n\t\n\n\t\t<\/div>\n\t\t\t\t\t<\/div>\n\n\t\n\n\n<style>\n#row-1872680889 > .col > .col-inner {\n  padding: 30px 0px 0px 0px;\n}\n<\/style>\n<\/div>\n<div class=\"is-divider divider clearfix\" style=\"max-width:100%;height:1px;\"><\/div>\n\n<div class=\"row\"  id=\"row-688529564\">\n\n\n\t<div id=\"col-482004061\" class=\"col medium-4 small-12 large-4\"  >\n\t\t\t\t<div class=\"col-inner\"  >\n\t\t\t\n\t\t\t\n\n\t<div class=\"img has-hover x md-x lg-x y md-y lg-y\" id=\"image_183597955\">\n\t\t\t\t\t\t\t\t<div class=\"img-inner dark\" >\n\t\t\t<img loading=\"lazy\" decoding=\"async\" width=\"340\" height=\"230\" src=\"https:\/\/www.polarmatic.com\/wp-content\/uploads\/2023\/04\/remote-access.jpg\" class=\"attachment-2048x2048 size-2048x2048\" alt=\"TURBOMATIC heating system can be accessed remotely in case of a malfunction.\" srcset=\"https:\/\/www.polarmatic.com\/wp-content\/uploads\/2023\/04\/remote-access.jpg 340w, https:\/\/www.polarmatic.com\/wp-content\/uploads\/2023\/04\/remote-access-300x203.jpg 300w\" sizes=\"auto, (max-width: 340px) 100vw, 340px\" \/>\t\t\t\t\t\t\n\t\t\t\t\t<\/div>\n\t\t\t\t\t\t\t\t\n<style>\n#image_183597955 {\n  width: 80%;\n}\n<\/style>\n\t<\/div>\n\t\n\n\n\t\t<\/div>\n\t\t\t\t\t<\/div>\n\n\t\n\n\t<div id=\"col-591069169\" class=\"col medium-8 small-12 large-8\"  >\n\t\t\t\t<div class=\"col-inner\"  >\n\t\t\t\n\t\t\t\n\n\t<div id=\"text-2593538977\" class=\"text\">\n\t\t\n\n<h2>Acc\u00e8s \u00e0 distance<\/h2>\n<ul>\n<li>Solution offrant un acc\u00e8s \u00e0 distance au syst\u00e8me via une connexion r\u00e9seau\/Internet<\/li>\n<li>Planification des commandes et contr\u00f4le de la centrale \u00e0 b\u00e9ton partir d&rsquo;un emplacement<\/li>\n<li>D\u00e9marrage et arr\u00eat du chauffage ou du refroidissement lorsque la centrale est inoccup\u00e9e<\/li>\n<li>Contr\u00f4le et surveillance du processus de cure et consultation des rapports des op\u00e9rations centrales<\/li>\n<li>Solution id\u00e9ale pour le d\u00e9pannage<\/li>\n<\/ul>\n<p>\u00a0<\/p>\n<h3><span style=\"font-size: 100%; color: #3a5dae;\">Compatible avec<\/span><\/h3>\n<ul>\n<li><a href=\"https:\/\/www.polarmatic.com\/fr\/?page_id=8867&amp;preview=true\">Solutions de chauffage TURBOMATIC<\/a><\/li>\n<li><a href=\"https:\/\/www.polarmatic.com\/fr\/?page_id=9771&amp;preview=true\">Solutions de refroidissement COOLMATIC<\/a><\/li>\n<li><a href=\"https:\/\/www.polarmatic.com\/fr\/?page_id=9835&amp;preview=true\">Solutions de cure CUREMATIC<\/a><\/li>\n<\/ul>\n\t\t\n<style>\n#text-2593538977 {\n  line-height: 1.5;\n}\n<\/style>\n\t<\/div>\n\t\n\n\t\t<\/div>\n\t\t\t\t\t<\/div>\n\n\t\n\n\n<style>\n#row-688529564 > .col > .col-inner {\n  padding: 30px 0px 0px 0px;\n}\n<\/style>\n<\/div>\n<div class=\"is-divider divider clearfix\" style=\"max-width:100%;height:1px;\"><\/div>\n\n<div class=\"row\"  id=\"row-396955399\">\n\n\n\t<div id=\"col-1971433196\" class=\"col medium-4 small-12 large-4\"  >\n\t\t\t\t<div class=\"col-inner\"  >\n\t\t\t\n\t\t\t\n\n\t<div class=\"img has-hover x md-x lg-x y md-y lg-y\" id=\"image_301580305\">\n\t\t\t\t\t\t\t\t<div class=\"img-inner dark\" >\n\t\t\t<img loading=\"lazy\" decoding=\"async\" width=\"340\" height=\"230\" src=\"https:\/\/www.polarmatic.com\/wp-content\/uploads\/2023\/04\/TURBOoptimizer.jpg\" class=\"attachment-2048x2048 size-2048x2048\" alt=\"\" srcset=\"https:\/\/www.polarmatic.com\/wp-content\/uploads\/2023\/04\/TURBOoptimizer.jpg 340w, https:\/\/www.polarmatic.com\/wp-content\/uploads\/2023\/04\/TURBOoptimizer-300x203.jpg 300w\" sizes=\"auto, (max-width: 340px) 100vw, 340px\" \/>\t\t\t\t\t\t\n\t\t\t\t\t<\/div>\n\t\t\t\t\t\t\t\t\n<style>\n#image_301580305 {\n  width: 80%;\n}\n<\/style>\n\t<\/div>\n\t\n\n\n\t\t<\/div>\n\t\t\t\t\t<\/div>\n\n\t\n\n\t<div id=\"col-1230245075\" class=\"col medium-8 small-12 large-8\"  >\n\t\t\t\t<div class=\"col-inner\"  >\n\t\t\t\n\t\t\t\n\n\t<div id=\"text-3880262731\" class=\"text\">\n\t\t\n\n<h2>TURBO optimizer<\/h2>\n<p>Avec TURBO Optimizer, les op\u00e9rateurs de centrales peuvent facilement surveiller le fonctionnement et les performances du syst\u00e8me de chauffage avec des rapports clairs et faciles \u00e0 lire.<\/p>\n<p>TURBO Optimizer fournit des informations pr\u00e9cises sur la consommation d&rsquo;\u00e9nergie ; carburant, \u00e9nergie thermique et \u00e9lectricit\u00e9. Le TURBOMATIC PC ou un autre PC distant fourniront l\u2019interface utilisateur et les rapports peuvent \u00eatre convertis dans Excel.<\/p>\n<p>\u00a0<\/p>\n<h3><span style=\"font-size: 100%; color: #3a5dae;\">Avantages<\/span><\/h3>\n<p>Augmentation et collecte syst\u00e9matique des informations fournissant une base pour l&rsquo;am\u00e9lioration des processus, des op\u00e9rations et des performances de l\u2019usine dans toutes les conditions, avec des \u00e9conomies remarquables \u00e0 la cl\u00e9.<\/p>\n<p>\u00a0<\/p>\n<h3><span style=\"font-size: 100%; color: #3a5dae;\">Compatible avec<\/span><\/h3>\n<ul>\n<li><a href=\"https:\/\/www.polarmatic.com\/fr\/?page_id=8867&amp;preview=true\">Solutions de chauffage TURBOMATIC<\/a><\/li>\n<li><a href=\"https:\/\/www.polarmatic.com\/fr\/?page_id=9771&amp;preview=true\">Solutions de refroidissement COOLMATIC<\/a><\/li>\n<li><a href=\"https:\/\/www.polarmatic.com\/fr\/?page_id=9835&amp;preview=true\">Solutions de cure CUREMATIC<\/a><\/li>\n<\/ul>\n\t\t\n<style>\n#text-3880262731 {\n  line-height: 1.5;\n}\n<\/style>\n\t<\/div>\n\t\n\n\t\t<\/div>\n\t\t\t\t\t<\/div>\n\n\t\n\n\n<style>\n#row-396955399 > .col > .col-inner {\n  padding: 30px 0px 0px 0px;\n}\n<\/style>\n<\/div>\n\n","protected":false},"excerpt":{"rendered":"","protected":false},"author":5,"featured_media":0,"parent":9749,"menu_order":2,"comment_status":"closed","ping_status":"closed","template":"","meta":{"_acf_changed":false,"footnotes":""},"class_list":["post-9763","page","type-page","status-publish","hentry"],"acf":[],"_links":{"self":[{"href":"https:\/\/www.polarmatic.com\/fr\/wp-json\/wp\/v2\/pages\/9763","targetHints":{"allow":["GET"]}}],"collection":[{"href":"https:\/\/www.polarmatic.com\/fr\/wp-json\/wp\/v2\/pages"}],"about":[{"href":"https:\/\/www.polarmatic.com\/fr\/wp-json\/wp\/v2\/types\/page"}],"author":[{"embeddable":true,"href":"https:\/\/www.polarmatic.com\/fr\/wp-json\/wp\/v2\/users\/5"}],"replies":[{"embeddable":true,"href":"https:\/\/www.polarmatic.com\/fr\/wp-json\/wp\/v2\/comments?post=9763"}],"version-history":[{"count":4,"href":"https:\/\/www.polarmatic.com\/fr\/wp-json\/wp\/v2\/pages\/9763\/revisions"}],"predecessor-version":[{"id":10123,"href":"https:\/\/www.polarmatic.com\/fr\/wp-json\/wp\/v2\/pages\/9763\/revisions\/10123"}],"up":[{"embeddable":true,"href":"https:\/\/www.polarmatic.com\/fr\/wp-json\/wp\/v2\/pages\/9749"}],"wp:attachment":[{"href":"https:\/\/www.polarmatic.com\/fr\/wp-json\/wp\/v2\/media?parent=9763"}],"curies":[{"name":"wp","href":"https:\/\/api.w.org\/{rel}","templated":true}]}}