{"id":9771,"date":"2023-02-20T12:13:44","date_gmt":"2023-02-20T10:13:44","guid":{"rendered":"https:\/\/www.polarmatic.com\/?page_id=9771"},"modified":"2024-04-22T10:06:13","modified_gmt":"2024-04-22T07:06:13","slug":"solutions-de-refroidissement-coolmatic","status":"publish","type":"page","link":"https:\/\/www.polarmatic.com\/fr\/solutions\/solutions-de-refroidissement-coolmatic\/","title":{"rendered":"Solutions de refroidissement COOLMATIC"},"content":{"rendered":"\n<div class=\"row\"  id=\"row-1497764863\">\n\n\n\t<div id=\"col-489775144\" class=\"col small-12 large-12\"  >\n\t\t\t\t<div class=\"col-inner\"  >\n\t\t\t\n\t\t\t\n\n\t\t<div class=\"pm-breadcrumbs\">\n\t\t\t\t\n\n<span><span><a href=\"https:\/\/www.polarmatic.com\/fr\/\">Home<\/a><\/span><\/span>\n\t\t<\/div>\n\t\n\n\t\t<\/div>\n\t\t\t\t\t<\/div>\n\n\t\n\n<\/div>\n<div class=\"row\"  id=\"row-1296230383\">\n\n\n\t<div id=\"col-2094733640\" class=\"col small-12 large-12\"  >\n\t\t\t\t<div class=\"col-inner text-center dark\" style=\"background-color:#82ab4e;\" >\n\t\t\t\n\t\t\t\n\n\t<div id=\"text-471926600\" class=\"text\">\n\t\t\n\n<p>\u00a0<\/p>\n<h1><span lang=\"FR\">Solutions de refroidissement COOLMATIC<\/span><\/h1>\n<p><span style=\"font-size: 130%;\">Refroidissement \u00e9conome en \u00e9nergie pour centrales \u00e0 b\u00e9ton<\/span><\/p>\n\t\t\n<style>\n#text-471926600 {\n  line-height: 1.5;\n}\n<\/style>\n\t<\/div>\n\t\n\n\t\t<\/div>\n\t\t\t\t\n<style>\n#col-2094733640 > .col-inner {\n  padding: 30px 30px 30px 30px;\n}\n<\/style>\n\t<\/div>\n\n\t\n\n<\/div>\n\n  <div class=\"banner has-hover\" id=\"banner-607567568\">\n          <div class=\"banner-inner fill\">\n        <div class=\"banner-bg fill\" >\n            <img loading=\"lazy\" decoding=\"async\" width=\"2048\" height=\"1536\" src=\"https:\/\/www.polarmatic.com\/wp-content\/uploads\/2023\/04\/IMG_20171013_142906-2048x1536.jpg\" class=\"bg attachment-2048x2048 size-2048x2048\" alt=\"Polarmatic COOLMATIC LIN-cooling system at Lasselsberger site in Austria.\" \/>                                    \n                    <\/div>\n\t\t\n        <div class=\"banner-layers container\">\n            <div class=\"fill banner-link\"><\/div>            \n\n\n        <\/div>\n      <\/div>\n\n            \n<style>\n#banner-607567568 {\n  padding-top: 600px;\n}\n#banner-607567568 .banner-bg img {\n  object-position: 12% 84%;\n}\n<\/style>\n  <\/div>\n\n\n<div class=\"row align-center\"  id=\"row-176130911\">\n\n\n\t<div id=\"col-107995208\" class=\"col medium-8 small-12 large-8\"  >\n\t\t\t\t<div class=\"col-inner text-center\"  >\n\t\t\t\n\t\t\t\n\n\t<div id=\"text-1403952764\" class=\"text\">\n\t\t\n\n<h2>Conception sp\u00e9cifi\u00e9e par le client pour une efficacit\u00e9 optimale<\/h2>\n<p>Les unit\u00e9s de refroidissement COOLMATIC sont disponibles en diff\u00e9rents mod\u00e8les et configurations, r\u00e9pondant toujours aux diff\u00e9rentes exigences du client et aux conditions climatiques, de la mani\u00e8re la plus optimale et la plus \u00e9conomique.<br \/>La large gamme de capacit\u00e9s et les diff\u00e9rentes configurations offertes garantissent la meilleure solution possible pour chaque centrale \u00e0 b\u00e9ton.<\/p>\n\t\t\n<style>\n#text-1403952764 {\n  line-height: 1.5;\n  text-align: center;\n}\n<\/style>\n\t<\/div>\n\t\n\n\t\t<\/div>\n\t\t\t\t\n<style>\n#col-107995208 > .col-inner {\n  margin: 30px 0px 0px 0px;\n}\n<\/style>\n\t<\/div>\n\n\t\n\n<\/div>\n<div class=\"is-divider divider clearfix\" style=\"max-width:100%;height:1px;\"><\/div>\n\n<div class=\"row align-center\"  id=\"row-1014867744\">\n\n\n\t<div id=\"col-1101762913\" class=\"col medium-5 small-12 large-5\"  >\n\t\t\t\t<div class=\"col-inner text-center\"  >\n\t\t\t\n\t\t\t\n\n\t<div id=\"text-2610853295\" class=\"text\">\n\t\t\n\n<h2>Refroidissement efficace pour<\/h2>\n<h2>la production de b\u00e9ton<\/h2>\n<p>\u00a0<\/p>\n<div>Le syst\u00e8me de refroidissement COOLMATIC est sp\u00e9cialement con\u00e7u pour r\u00e9pondre \u00e0 tous les besoins de refroidissement des centrales \u00e0 b\u00e9ton de la mani\u00e8re la plus efficace et, surtout, pour maintenir<\/div>\n<div>une qualit\u00e9 de b\u00e9ton optimale dans toutes les conditions.<\/div>\n<div>\u00a0<\/div>\n<div>Les unit\u00e9s d&rsquo;eau froide COOLMATIC fournissent une solution de refroidissement compl\u00e8te comprenant tous les \u00e9quipements n\u00e9cessaires \u00e0 la production, au stockage et au dosage de l&rsquo;eau froide.<\/div>\n<div>\u00a0<\/div>\n<h3><span style=\"font-size: 100%; color: #3a5dae;\">Conditions de production<\/span><\/h3>\n<ul>\n<li style=\"text-align: left;\">Temp\u00e9rature maximale de l&rsquo;air: ~30 \u00baC (85\u00b0F)<\/li>\n<li style=\"text-align: left;\">Temp\u00e9rature de l&rsquo;eau, arriv\u00e9e: ~15 \u00baC (60\u00b0F)<\/li>\n<li style=\"text-align: left;\">Temp\u00e9rature de l&rsquo;eau de dosage: ~1-5\u00b0C (40\u00b0F)<\/li>\n<li style=\"text-align: left;\">Quantit\u00e9 d&rsquo;eau: ~160 l\/m\u00b3 -b\u00e9ton (35 gal \/ yd\u00b3 -b\u00e9ton)<\/li>\n<\/ul>\n\t\t\n<style>\n#text-2610853295 {\n  line-height: 1.5;\n  text-align: left;\n}\n<\/style>\n\t<\/div>\n\t\n\n\t\t<\/div>\n\t\t\t\t\n<style>\n#col-1101762913 > .col-inner {\n  margin: 30px 0px 0px 0px;\n}\n<\/style>\n\t<\/div>\n\n\t\n\n\t<div id=\"col-1555329400\" class=\"col medium-1 small-12 large-1\"  >\n\t\t\t\t<div class=\"col-inner\"  >\n\t\t\t\n\t\t\t\n\n\n\t\t<\/div>\n\t\t\t\t\t<\/div>\n\n\t\n\n\t<div id=\"col-210604908\" class=\"col medium-5 small-12 large-5\"  >\n\t\t\t\t<div class=\"col-inner\"  >\n\t\t\t\n\t\t\t\n\n\t<div id=\"text-2733063570\" class=\"text\">\n\t\t\n\n<h2>Les syst\u00e8mes de refroidissement COOLMATIC offrent de nombreux avantages<\/h2>\n<p>\u00a0<\/p>\n<ul>\n<li>Refroidissement de l\u2019eau \u00e9conome en \u00e9nergie et de haute qualit\u00e9<\/li>\n<li>Solution \u00e9cologique<\/li>\n<li>Syst\u00e8me d&rsquo;eau froide compact pour la production, le stockage et l&rsquo;approvisionnement en eau froide n\u00e9cessaire au processus de fabrication du b\u00e9ton<\/li>\n<li>Peut \u00eatre ais\u00e9ment int\u00e9gr\u00e9 \u00e0 nos syst\u00e8mes de chauffage sur le site de la centrale \u00e0 b\u00e9ton (COOLMATIC+TURBOMATIC)<\/li>\n<li>S\u00fbr et fiable<\/li>\n<li>Enti\u00e8rement automatis\u00e9 et command\u00e9 par PC<\/li>\n<li>Faibles frais d&rsquo;exploitation et d\u2019entretien<\/li>\n<\/ul>\n\t\t\n<style>\n#text-2733063570 {\n  line-height: 1.5;\n}\n<\/style>\n\t<\/div>\n\t\n\n\t\t<\/div>\n\t\t\t\t\n<style>\n#col-210604908 > .col-inner {\n  padding: 30px 0px 0px 0px;\n}\n<\/style>\n\t<\/div>\n\n\t\n\n<\/div>\n<div class=\"is-divider divider clearfix\" style=\"max-width:100%;height:1px;\"><\/div>\n\n<div class=\"row align-middle\"  id=\"row-1131245968\">\n\n\n\t<div id=\"col-347598776\" class=\"col medium-6 small-12 large-6\"  >\n\t\t\t\t<div class=\"col-inner\"  >\n\t\t\t\n\t\t\t\n\n\t<div class=\"img has-hover x md-x lg-x y md-y lg-y\" id=\"image_1112064425\">\n\t\t\t\t\t\t\t\t<div class=\"img-inner image-cover dark\" style=\"padding-top:56.25%;\">\n\t\t\t<img loading=\"lazy\" decoding=\"async\" width=\"2048\" height=\"1381\" src=\"https:\/\/www.polarmatic.com\/wp-content\/uploads\/2023\/04\/CHILLER-Kontti-02-2048x1381.png\" class=\"attachment-2048x2048 size-2048x2048\" alt=\"Combined Heating and Cooling unit by Polarmatic\" srcset=\"https:\/\/www.polarmatic.com\/wp-content\/uploads\/2023\/04\/CHILLER-Kontti-02-2048x1381.png 2048w, https:\/\/www.polarmatic.com\/wp-content\/uploads\/2023\/04\/CHILLER-Kontti-02-300x202.png 300w, https:\/\/www.polarmatic.com\/wp-content\/uploads\/2023\/04\/CHILLER-Kontti-02-1024x691.png 1024w, https:\/\/www.polarmatic.com\/wp-content\/uploads\/2023\/04\/CHILLER-Kontti-02-768x518.png 768w, https:\/\/www.polarmatic.com\/wp-content\/uploads\/2023\/04\/CHILLER-Kontti-02-1536x1036.png 1536w\" sizes=\"auto, (max-width: 2048px) 100vw, 2048px\" \/>\t\t\t\t\t\t\n\t\t\t\t\t<\/div>\n\t\t\t\t\t\t\t\t\n<style>\n#image_1112064425 {\n  width: 80%;\n}\n<\/style>\n\t<\/div>\n\t\n\n\n\t\t<\/div>\n\t\t\t\t\t<\/div>\n\n\t\n\n\t<div id=\"col-1218552678\" class=\"col medium-6 small-12 large-6\"  >\n\t\t\t\t<div class=\"col-inner\"  >\n\t\t\t\n\t\t\t\n\n\t<div id=\"text-1906484211\" class=\"text\">\n\t\t\n\n<h2>COOLMATIC Refroidissement de l\u2019eau froide<\/h2>\n<p><br \/>Solution de refroidissement d&rsquo;eau compacte et \u00e9conome en \u00e9nergie pour la production, le stockage et l&rsquo;approvisionnement en eau froide.<\/p>\n<p><br \/>Lorsque l&rsquo;utilisation d&rsquo;eau froide est suffisante pour produire le b\u00e9ton \u00e0 la temp\u00e9rature requise, l&rsquo;option de refroidissement du refroidisseur Polarmatic peut \u00eatre une bonne solution pour votre production de b\u00e9ton.<\/p>\n\t\t\n<style>\n#text-1906484211 {\n  line-height: 1.5;\n}\n<\/style>\n\t<\/div>\n\t\n<a href=\"https:\/\/www.polarmatic.com\/fr\/?page_id=9789&#038;preview=true\" class=\"button primary lowercase\" >\n\t\t<span>En savoir plus<\/span>\n\t<\/a>\n\n\n\n\t\t<\/div>\n\t\t\t\t\t<\/div>\n\n\t\n\n\n<style>\n#row-1131245968 > .col > .col-inner {\n  padding: 30px 0px 0px 0px;\n}\n<\/style>\n<\/div>\n<div class=\"is-divider divider clearfix\" style=\"max-width:100%;height:1px;\"><\/div>\n\n<div class=\"row align-middle\"  id=\"row-593865347\">\n\n\n\t<div id=\"col-372207451\" class=\"col medium-6 small-12 large-6\"  >\n\t\t\t\t<div class=\"col-inner\"  >\n\t\t\t\n\t\t\t\n\n\t<div id=\"text-2747606140\" class=\"text\">\n\t\t\n\n<h2>COOLMATIC Refroidissement des granulats et de l\u2019eau<\/h2>\n<p>Solution de refroidissement \u00e0 l&rsquo;azote liquide (LIN) pour les sites de production de b\u00e9ton ayant des besoins de refroidissement \u00e9lev\u00e9s.<\/p>\n<p>De tous les ingr\u00e9dients du b\u00e9ton, les granulats ont la plus importante masse thermique, par cons\u00e9quent le refroidissement des granulats est le moyen le plus efficace de faire baisser la temp\u00e9rature du b\u00e9ton dans une centrale \u00e0 b\u00e9ton.<\/p>\n<p>Le refroidissement LIN est la solution la plus efficace pour refroidir les granulats. Le refroidissement des agr\u00e9gats LIN peut \u00eatre combin\u00e9 avec le refroidissement de l&rsquo;eau en recourant soit \u00e0 LIN soit \u00e0 un refroidisseur, selon la meilleure option pour l&rsquo;application concern\u00e9e.<\/p>\n\t\t\n<style>\n#text-2747606140 {\n  line-height: 1.5;\n}\n<\/style>\n\t<\/div>\n\t\n<a href=\"https:\/\/www.polarmatic.com\/fr\/?page_id=9795&#038;preview=true\" class=\"button primary lowercase\" >\n\t\t<span>En savoir plus<\/span>\n\t<\/a>\n\n\n\n\t\t<\/div>\n\t\t\t\t\t<\/div>\n\n\t\n\n\t<div id=\"col-849258893\" class=\"col medium-6 small-12 large-6 small-col-first\"  >\n\t\t\t\t<div class=\"col-inner\"  >\n\t\t\t\n\t\t\t\n\n\t<div class=\"img has-hover x md-x lg-x y md-y lg-y\" id=\"image_1870580129\">\n\t\t\t\t\t\t\t\t<div class=\"img-inner image-cover dark\" style=\"padding-top:56.25%;\">\n\t\t\t<img loading=\"lazy\" decoding=\"async\" width=\"1024\" height=\"768\" src=\"https:\/\/www.polarmatic.com\/wp-content\/uploads\/2023\/04\/BAUMA2022_9_.png\" class=\"attachment-2048x2048 size-2048x2048\" alt=\"Concrete batching plant with LIN Cooling\" srcset=\"https:\/\/www.polarmatic.com\/wp-content\/uploads\/2023\/04\/BAUMA2022_9_.png 1024w, https:\/\/www.polarmatic.com\/wp-content\/uploads\/2023\/04\/BAUMA2022_9_-300x225.png 300w, https:\/\/www.polarmatic.com\/wp-content\/uploads\/2023\/04\/BAUMA2022_9_-768x576.png 768w\" sizes=\"auto, (max-width: 1024px) 100vw, 1024px\" \/>\t\t\t\t\t\t\n\t\t\t\t\t<\/div>\n\t\t\t\t\t\t\t\t\n<style>\n#image_1870580129 {\n  width: 80%;\n}\n<\/style>\n\t<\/div>\n\t\n\n\n\t\t<\/div>\n\t\t\t\t\t<\/div>\n\n\t\n\n\n<style>\n#row-593865347 > .col > .col-inner {\n  padding: 30px 0px 0px 0px;\n}\n<\/style>\n<\/div>\n<div class=\"is-divider divider clearfix\" style=\"max-width:100%;height:1px;\"><\/div>\n\n<div class=\"row align-middle\"  id=\"row-906068372\">\n\n\n\t<div id=\"col-37584931\" class=\"col medium-6 small-12 large-6\"  >\n\t\t\t\t<div class=\"col-inner\"  >\n\t\t\t\n\t\t\t\n\n\t<div class=\"img has-hover x md-x lg-x y md-y lg-y\" id=\"image_1262951109\">\n\t\t\t\t\t\t\t\t<div class=\"img-inner image-cover dark\" style=\"padding-top:56.25%;\">\n\t\t\t<img loading=\"lazy\" decoding=\"async\" width=\"1772\" height=\"1181\" src=\"https:\/\/www.polarmatic.com\/wp-content\/uploads\/2023\/04\/Batching-plant-with-cooling.png\" class=\"attachment-2048x2048 size-2048x2048\" alt=\"Batching plant with COOLMATIC cooling\" srcset=\"https:\/\/www.polarmatic.com\/wp-content\/uploads\/2023\/04\/Batching-plant-with-cooling.png 1772w, https:\/\/www.polarmatic.com\/wp-content\/uploads\/2023\/04\/Batching-plant-with-cooling-300x200.png 300w, https:\/\/www.polarmatic.com\/wp-content\/uploads\/2023\/04\/Batching-plant-with-cooling-1024x682.png 1024w, https:\/\/www.polarmatic.com\/wp-content\/uploads\/2023\/04\/Batching-plant-with-cooling-768x512.png 768w, https:\/\/www.polarmatic.com\/wp-content\/uploads\/2023\/04\/Batching-plant-with-cooling-1536x1024.png 1536w\" sizes=\"auto, (max-width: 1772px) 100vw, 1772px\" \/>\t\t\t\t\t\t\n\t\t\t\t\t<\/div>\n\t\t\t\t\t\t\t\t\n<style>\n#image_1262951109 {\n  width: 80%;\n}\n<\/style>\n\t<\/div>\n\t\n\n\n\t\t<\/div>\n\t\t\t\t\t<\/div>\n\n\t\n\n\t<div id=\"col-953306613\" class=\"col medium-6 small-12 large-6\"  >\n\t\t\t\t<div class=\"col-inner\"  >\n\t\t\t\n\t\t\t\n\n\t<div id=\"text-471278081\" class=\"text\">\n\t\t\n\n<h2><span lang=\"FR\">Solution combin\u00e9e de chauffage et de refroidissement<\/span><\/h2>\n<p><span lang=\"FR\">Combinez votre unit\u00e9 d&rsquo;eau froide COOLMATIC avec une unit\u00e9 d\u2019\u00e9nergie thermique TURBOMATIC et produisez du b\u00e9ton \u00e0 des temp\u00e9ratures parfaites toute l&rsquo;ann\u00e9e.<\/span><\/p>\n\t\t\n<style>\n#text-471278081 {\n  line-height: 1.5;\n}\n<\/style>\n\t<\/div>\n\t\n<a href=\"https:\/\/www.polarmatic.com\/fr\/?page_id=9801&#038;preview=true\" class=\"button primary lowercase\" >\n\t\t<span>En savoir plus<\/span>\n\t<\/a>\n\n\n\n\t\t<\/div>\n\t\t\t\t\t<\/div>\n\n\t\n\n\n<style>\n#row-906068372 > .col > .col-inner {\n  padding: 30px 0px 0px 0px;\n}\n<\/style>\n<\/div>\n<div class=\"is-divider divider clearfix\" style=\"max-width:100%;height:1px;\"><\/div>\n\n<div class=\"row align-middle\"  id=\"row-1164633028\">\n\n\n\t<div id=\"col-860706701\" class=\"col medium-6 small-12 large-6\"  >\n\t\t\t\t<div class=\"col-inner\"  >\n\t\t\t\n\t\t\t\n\n\t<div id=\"text-2646418480\" class=\"text\">\n\t\t\n\n<h2><span lang=\"FR\">Mise \u00e0 niveau des syst\u00e8mes de refroidissement<\/span><\/h2>\n<p><span lang=\"FR\">Si votre installation de production de b\u00e9ton est d\u00e9j\u00e0 \u00e9quip\u00e9e d&rsquo;un syst\u00e8me de chauffage Polarmatic, vous pouvez facilement ajouter une fonction de refroidissement \u00e0 votre unit\u00e9 existante. La r\u00e9utilisation des pi\u00e8ces de votre syst\u00e8me de chauffage pour la fonction de refroidissement rendra aussi cette mise \u00e0 niveau plus durable et \u00e9conomique.<\/span><\/p>\n\t\t\n<style>\n#text-2646418480 {\n  line-height: 1.5;\n}\n<\/style>\n\t<\/div>\n\t\n<a href=\"https:\/\/www.polarmatic.com\/fr\/?page_id=9809&#038;preview=true\" class=\"button primary lowercase\" >\n\t\t<span>En savoir plus<\/span>\n\t<\/a>\n\n\n\n\t\t<\/div>\n\t\t\t\t\t<\/div>\n\n\t\n\n\t<div id=\"col-508546343\" class=\"col medium-6 small-12 large-6 small-col-first\"  >\n\t\t\t\t<div class=\"col-inner\"  >\n\t\t\t\n\t\t\t\n\n\t<div class=\"img has-hover x md-x lg-x y md-y lg-y\" id=\"image_1166052553\">\n\t\t\t\t\t\t\t\t<div class=\"img-inner image-cover dark\" style=\"padding-top:56.25%;\">\n\t\t\t<img loading=\"lazy\" decoding=\"async\" width=\"1536\" height=\"2048\" src=\"https:\/\/www.polarmatic.com\/wp-content\/uploads\/2023\/04\/IMG_7470-1536x2048.jpg\" class=\"attachment-2048x2048 size-2048x2048\" alt=\"COOLMATIC LIN cooling solutions by Polarmatic.\" srcset=\"https:\/\/www.polarmatic.com\/wp-content\/uploads\/2023\/04\/IMG_7470-1536x2048.jpg 1536w, https:\/\/www.polarmatic.com\/wp-content\/uploads\/2023\/04\/IMG_7470-225x300.jpg 225w, https:\/\/www.polarmatic.com\/wp-content\/uploads\/2023\/04\/IMG_7470-768x1024.jpg 768w, https:\/\/www.polarmatic.com\/wp-content\/uploads\/2023\/04\/IMG_7470-1152x1536.jpg 1152w, https:\/\/www.polarmatic.com\/wp-content\/uploads\/2023\/04\/IMG_7470-scaled.jpg 1920w\" sizes=\"auto, (max-width: 1536px) 100vw, 1536px\" \/>\t\t\t\t\t\t\n\t\t\t\t\t<\/div>\n\t\t\t\t\t\t\t\t\n<style>\n#image_1166052553 {\n  width: 80%;\n}\n<\/style>\n\t<\/div>\n\t\n\n\n\t\t<\/div>\n\t\t\t\t\t<\/div>\n\n\t\n\n\n<style>\n#row-1164633028 > .col > .col-inner {\n  padding: 30px 0px 0px 0px;\n}\n<\/style>\n<\/div>\n<div class=\"is-divider divider clearfix\" style=\"max-width:100%;height:1px;\"><\/div>\n\n<div class=\"row align-middle\"  id=\"row-991920250\">\n\n\n\t<div id=\"col-551771682\" class=\"col medium-2 small-12 large-2\"  >\n\t\t\t\t<div class=\"col-inner\"  >\n\t\t\t\n\t\t\t\n\n\t<div class=\"img has-hover x md-x lg-x y md-y lg-y\" id=\"image_1304271031\">\n\t\t\t\t\t\t\t\t<div class=\"img-inner image-cover dark\" style=\"padding-top:100%;\">\n\t\t\t<img loading=\"lazy\" decoding=\"async\" width=\"200\" height=\"200\" src=\"https:\/\/www.polarmatic.com\/wp-content\/uploads\/2023\/04\/Download-icon.png\" class=\"attachment-2048x2048 size-2048x2048\" alt=\"\" srcset=\"https:\/\/www.polarmatic.com\/wp-content\/uploads\/2023\/04\/Download-icon.png 200w, https:\/\/www.polarmatic.com\/wp-content\/uploads\/2023\/04\/Download-icon-150x150.png 150w\" sizes=\"auto, (max-width: 200px) 100vw, 200px\" \/>\t\t\t\t\t\t\n\t\t\t\t\t<\/div>\n\t\t\t\t\t\t\t\t\n<style>\n#image_1304271031 {\n  width: 80%;\n}\n<\/style>\n\t<\/div>\n\t\n\n\n\t\t<\/div>\n\t\t\t\t\t<\/div>\n\n\t\n\n\t<div id=\"col-1926459763\" class=\"col medium-6 small-12 large-6\"  >\n\t\t\t\t<div class=\"col-inner\"  >\n\t\t\t\n\t\t\t\n\n\t<div id=\"text-2503811998\" class=\"text\">\n\t\t\n\n<h2>Brochure de produits COOLMATIC<\/h2>\n<p>Cliquez sur le bouton ci-dessous pour recevoir la brochure du produit par e-mail.<\/p>\n\t\t\n<style>\n#text-2503811998 {\n  line-height: 1.5;\n}\n<\/style>\n\t<\/div>\n\t\n<a href=\"https:\/\/www.polarmatic.com\/fr\/?page_id=10017&#038;preview=true\" class=\"button primary lowercase\" >\n\t\t<span>Obtenir la brochure<\/span>\n\t<\/a>\n\n\n\n\t\t<\/div>\n\t\t\t\t\t<\/div>\n\n\t\n\n\n<style>\n#row-991920250 > .col > .col-inner {\n  padding: 60px 0px 0px 0px;\n}\n<\/style>\n<\/div>\n\n","protected":false},"excerpt":{"rendered":"","protected":false},"author":5,"featured_media":0,"parent":8861,"menu_order":2,"comment_status":"closed","ping_status":"closed","template":"","meta":{"_acf_changed":false,"footnotes":""},"class_list":["post-9771","page","type-page","status-publish","hentry"],"acf":[],"_links":{"self":[{"href":"https:\/\/www.polarmatic.com\/fr\/wp-json\/wp\/v2\/pages\/9771","targetHints":{"allow":["GET"]}}],"collection":[{"href":"https:\/\/www.polarmatic.com\/fr\/wp-json\/wp\/v2\/pages"}],"about":[{"href":"https:\/\/www.polarmatic.com\/fr\/wp-json\/wp\/v2\/types\/page"}],"author":[{"embeddable":true,"href":"https:\/\/www.polarmatic.com\/fr\/wp-json\/wp\/v2\/users\/5"}],"replies":[{"embeddable":true,"href":"https:\/\/www.polarmatic.com\/fr\/wp-json\/wp\/v2\/comments?post=9771"}],"version-history":[{"count":10,"href":"https:\/\/www.polarmatic.com\/fr\/wp-json\/wp\/v2\/pages\/9771\/revisions"}],"predecessor-version":[{"id":10131,"href":"https:\/\/www.polarmatic.com\/fr\/wp-json\/wp\/v2\/pages\/9771\/revisions\/10131"}],"up":[{"embeddable":true,"href":"https:\/\/www.polarmatic.com\/fr\/wp-json\/wp\/v2\/pages\/8861"}],"wp:attachment":[{"href":"https:\/\/www.polarmatic.com\/fr\/wp-json\/wp\/v2\/media?parent=9771"}],"curies":[{"name":"wp","href":"https:\/\/api.w.org\/{rel}","templated":true}]}}