{"id":9789,"date":"2023-02-20T12:14:23","date_gmt":"2023-02-20T10:14:23","guid":{"rendered":"https:\/\/www.polarmatic.com\/?page_id=9789"},"modified":"2024-04-22T10:06:36","modified_gmt":"2024-04-22T07:06:36","slug":"coolmatic-refroidissement-de-leau-froide","status":"publish","type":"page","link":"https:\/\/www.polarmatic.com\/fr\/solutions\/solutions-de-refroidissement-coolmatic\/coolmatic-refroidissement-de-leau-froide\/","title":{"rendered":"COOLMATIC Refroidissement de l\u2019eau froide"},"content":{"rendered":"\n<div class=\"row\"  id=\"row-449130994\">\n\n\n\t<div id=\"col-2068251307\" class=\"col small-12 large-12\"  >\n\t\t\t\t<div class=\"col-inner\"  >\n\t\t\t\n\t\t\t\n\n\t\t<div class=\"pm-breadcrumbs\">\n\t\t\t\t\n\n<span><span><a href=\"https:\/\/www.polarmatic.com\/fr\/\">Home<\/a><\/span><\/span>\n\t\t<\/div>\n\t\n\n\t\t<\/div>\n\t\t\t\t\t<\/div>\n\n\t\n\n<\/div>\n<div class=\"row\"  id=\"row-257144478\">\n\n\n\t<div id=\"col-1135359841\" class=\"col medium-6 small-12 large-6\"  >\n\t\t\t\t<div class=\"col-inner\"  >\n\t\t\t\n\t\t\t\n\n\t<div id=\"text-317503760\" class=\"text\">\n\t\t\n\n<h1>COOLMATIC Refroidissement de l\u2019eau froide<\/h1>\n<p>Pour refroidir l\u2019eau utilis\u00e9e dans la production du b\u00e9ton, et quand il est n\u00e9cessaire de refroidir les granulats, il est judicieux d\u2019utiliser un refroidisseur.<\/p>\n<p>Le dimensionnement du refroidisseur se fait toujours en collaboration avec le client en se basant sur les besoins de la centrale afin de s&rsquo;assurer que le nouvel \u00e9quipement r\u00e9pond aux besoins de refroidissement du site de production de b\u00e9ton, tout en s\u2019assurant \u00e9galement toujours qu&rsquo;il ne sera pas surdimensionn\u00e9.<\/p>\n<p>L&rsquo;eau refroidie peut \u00e9galement \u00eatre utilis\u00e9e pour refroidir le b\u00e2timent afin d&rsquo;offrir des conditions de travail agr\u00e9ables au personnel.<\/p>\n<p>\u00a0<\/p>\n<h2><span style=\"font-size: 75%; color: #3a5dae;\">Avantages du refroidissement de l\u2019eau avec un refroidisseur COOLMATIC<\/span><\/h2>\n<ul>\n<li>Eau froide disponible pour la production<\/li>\n<li>Nombreuses options de taille<\/li>\n<li>Fonctionne \u00e0 l&rsquo;\u00e9lectricit\u00e9<\/li>\n<li>Refroidissement des locaux en option suppl\u00e9mentaire<\/li>\n<li>Possibilit\u00e9 d&rsquo;int\u00e9gration dans les syst\u00e8mes de chauffage Polarmatic, \u00e9galement en tant que mise \u00e0 niveau<\/li>\n<\/ul>\n\t\t\n<style>\n#text-317503760 {\n  line-height: 1.5;\n}\n<\/style>\n\t<\/div>\n\t\n\n\t\t<\/div>\n\t\t\t\t\t<\/div>\n\n\t\n\n\t<div id=\"col-273812333\" class=\"col medium-6 small-12 large-6\"  >\n\t\t\t\t<div class=\"col-inner\"  >\n\t\t\t\n\t\t\t\n\n\n  \n    <div id=\"gallery-1021758116\" class=\"slider slider-auto-height row-collapse slider-nav-circle\" data-flickity-options='{&quot;imagesLoaded&quot;: true, &quot;dragThreshold&quot; : 5, &quot;cellAlign&quot;: &quot;left&quot;,&quot;wrapAround&quot;: true,&quot;prevNextButtons&quot;: true,&quot;percentPosition&quot;: true,&quot;pageDots&quot;: true, &quot;rightToLeft&quot;: false, &quot;autoPlay&quot; : 6000}'>\n\n  <div class=\"gallery-col col\" >\n          <div class=\"col-inner\">\n            <a class=\"image-lightbox lightbox-gallery\" href=\"https:\/\/www.polarmatic.com\/wp-content\/uploads\/2023\/04\/PME-STD-Chiller-2048x1536.png\" title=\"COOLMATIC Refroidissement de l\u2019eau froide\">            <div class=\"box has-hover gallery-box box-normal\">\n              <div class=\"box-image\" >\n                <img loading=\"lazy\" decoding=\"async\" width=\"2048\" height=\"1536\" src=\"https:\/\/www.polarmatic.com\/wp-content\/uploads\/2023\/04\/PME-STD-Chiller-2048x1536.png\" class=\"attachment-2048x2048 size-2048x2048\" alt=\"COOLMATIC Cold Water Cooling\" ids=\"5436\" style=\"normal\" lightbox_image_size=\"2048x2048\" type=\"slider-full\" slider_nav_style=\"circle\" slider_bullets=\"true\" auto_slide=\"6000\" image_size=\"2048x2048\" text_align=\"right\" srcset=\"https:\/\/www.polarmatic.com\/wp-content\/uploads\/2023\/04\/PME-STD-Chiller-2048x1536.png 2048w, https:\/\/www.polarmatic.com\/wp-content\/uploads\/2023\/04\/PME-STD-Chiller-300x225.png 300w, https:\/\/www.polarmatic.com\/wp-content\/uploads\/2023\/04\/PME-STD-Chiller-1024x768.png 1024w, https:\/\/www.polarmatic.com\/wp-content\/uploads\/2023\/04\/PME-STD-Chiller-768x576.png 768w, https:\/\/www.polarmatic.com\/wp-content\/uploads\/2023\/04\/PME-STD-Chiller-1536x1152.png 1536w\" sizes=\"auto, (max-width: 2048px) 100vw, 2048px\" \/>                                                              <\/div>\n              <div class=\"box-text text-right\" >\n                 <p>COOLMATIC Refroidissement de l\u2019eau froide<\/p>\n              <\/div>\n            <\/div>\n            <\/a>          <\/div>\n         <\/div><\/div>\n\n\n\t\t<\/div>\n\t\t\t\t\t<\/div>\n\n\t\n\n<\/div>\n\n","protected":false},"excerpt":{"rendered":"","protected":false},"author":5,"featured_media":0,"parent":9771,"menu_order":1,"comment_status":"closed","ping_status":"closed","template":"","meta":{"_acf_changed":false,"footnotes":""},"class_list":["post-9789","page","type-page","status-publish","hentry"],"acf":[],"_links":{"self":[{"href":"https:\/\/www.polarmatic.com\/fr\/wp-json\/wp\/v2\/pages\/9789","targetHints":{"allow":["GET"]}}],"collection":[{"href":"https:\/\/www.polarmatic.com\/fr\/wp-json\/wp\/v2\/pages"}],"about":[{"href":"https:\/\/www.polarmatic.com\/fr\/wp-json\/wp\/v2\/types\/page"}],"author":[{"embeddable":true,"href":"https:\/\/www.polarmatic.com\/fr\/wp-json\/wp\/v2\/users\/5"}],"replies":[{"embeddable":true,"href":"https:\/\/www.polarmatic.com\/fr\/wp-json\/wp\/v2\/comments?post=9789"}],"version-history":[{"count":2,"href":"https:\/\/www.polarmatic.com\/fr\/wp-json\/wp\/v2\/pages\/9789\/revisions"}],"predecessor-version":[{"id":9793,"href":"https:\/\/www.polarmatic.com\/fr\/wp-json\/wp\/v2\/pages\/9789\/revisions\/9793"}],"up":[{"embeddable":true,"href":"https:\/\/www.polarmatic.com\/fr\/wp-json\/wp\/v2\/pages\/9771"}],"wp:attachment":[{"href":"https:\/\/www.polarmatic.com\/fr\/wp-json\/wp\/v2\/media?parent=9789"}],"curies":[{"name":"wp","href":"https:\/\/api.w.org\/{rel}","templated":true}]}}