{"id":9801,"date":"2023-02-20T12:15:41","date_gmt":"2023-02-20T10:15:41","guid":{"rendered":"https:\/\/www.polarmatic.com\/?page_id=9801"},"modified":"2024-04-22T10:07:28","modified_gmt":"2024-04-22T07:07:28","slug":"solution-combinee-de-chauffage-et-de-refroidissement","status":"publish","type":"page","link":"https:\/\/www.polarmatic.com\/fr\/solutions\/solutions-de-refroidissement-coolmatic\/solution-combinee-de-chauffage-et-de-refroidissement\/","title":{"rendered":"Solution combin\u00e9e de chauffage et de refroidissement"},"content":{"rendered":"\n<div class=\"row\"  id=\"row-172142718\">\n\n\n\t<div id=\"col-1717974987\" class=\"col small-12 large-12\"  >\n\t\t\t\t<div class=\"col-inner\"  >\n\t\t\t\n\t\t\t\n\n\t\t<div class=\"pm-breadcrumbs\">\n\t\t\t\t\n\n<span><span><a href=\"https:\/\/www.polarmatic.com\/fr\/\">Home<\/a><\/span><\/span>\n\t\t<\/div>\n\t\n\n\t\t<\/div>\n\t\t\t\t\t<\/div>\n\n\t\n\n<\/div>\n<div class=\"row\"  id=\"row-546024664\">\n\n\n\t<div id=\"col-384970932\" class=\"col medium-6 small-12 large-6\"  >\n\t\t\t\t<div class=\"col-inner\"  >\n\t\t\t\n\t\t\t\n\n\t<div id=\"text-3096766362\" class=\"text\">\n\t\t\n\n<h1>Solution combin\u00e9e de chauffage et de refroidissement<\/h1>\n<p>Les unit\u00e9s d&rsquo;eau froide COOLMATIC peuvent \u00eatre combin\u00e9es avec une unit\u00e9 d&rsquo;\u00e9nergie thermique TURBOMATIC pour fournir une solution combin\u00e9e de refroidissement et de chauffage enti\u00e8rement int\u00e9gr\u00e9e pour la production du b\u00e9ton.<\/p>\n<p>L\u2019unit\u00e9 d\u2019\u00e9nergie thermique TURBOMATIC fournit de la chaleur pour d\u00e9givrer rapidement les granulats de b\u00e9ton gel\u00e9s, pr\u00e9chauffer et chauffer efficacement les granulats, ainsi que produire toute l&rsquo;eau chaude n\u00e9cessaire au processus de production, pour couvrir les besoins de chauffage de l&rsquo;usine et aux fins de l\u2019eau utilis\u00e9e dans l\u2019usine.\u00a0\u00a0<\/p>\n<p>Quand on combine le syst\u00e8me COOLMATIC avec une unit\u00e9 d\u2019\u00e9nergie thermique TURBOMATIC pour former une solution combin\u00e9e de chauffage et de refroidissement, le r\u00e9servoir d&rsquo;eau chaude de l\u2019unit\u00e9 TURBOMATIC est utilis\u00e9 pour stocker l&rsquo;eau froide, et le m\u00eame \u00e9quipement de dosage d&rsquo;eau qui est utilis\u00e9 pendant l\u2019exploitation pendant la saison froide pour fournir l&rsquo;eau de dosage chaude \u00e0 la bascule \u00e0 eau ou au compteur d&rsquo;eau est utilis\u00e9 pour fournir l&rsquo;eau froide pendant les mois les plus chauds.\u00a0<\/p>\n<p>\u00a0<\/p>\n\t\t\n<style>\n#text-3096766362 {\n  line-height: 1.5;\n}\n<\/style>\n\t<\/div>\n\t\n<a href=\"https:\/\/www.polarmatic.com\/fr\/?page_id=8867&#038;preview=true\" class=\"button primary lowercase\" style=\"padding:0px 58px 0px 17px;\">\n\t\t<span>Solutions de chauffage TURBOMATIC<\/span>\n\t<\/a>\n\n\n<a href=\"https:\/\/www.polarmatic.com\/fr\/?page_id=9771&#038;preview=true\" class=\"button primary lowercase\" >\n\t\t<span>Solutions de refroidissement COOLMATIC<\/span>\n\t<\/a>\n\n\n\n\t\t<\/div>\n\t\t\t\t\t<\/div>\n\n\t\n\n\t<div id=\"col-596712447\" class=\"col medium-6 small-12 large-6\"  >\n\t\t\t\t<div class=\"col-inner\"  >\n\t\t\t\n\t\t\t\n\n\t<div class=\"img has-hover x md-x lg-x y md-y lg-y\" id=\"image_10873528\">\n\t\t\t\t\t\t\t\t<div class=\"img-inner image-cover dark\" style=\"padding-top:56.25%;\">\n\t\t\t<img loading=\"lazy\" decoding=\"async\" width=\"2048\" height=\"2048\" src=\"https:\/\/www.polarmatic.com\/wp-content\/uploads\/2023\/04\/Coolmatic-tehdas-01-2048x2048.jpg\" class=\"attachment-2048x2048 size-2048x2048\" alt=\"Coolmatic Cooling Solutions\" srcset=\"https:\/\/www.polarmatic.com\/wp-content\/uploads\/2023\/04\/Coolmatic-tehdas-01-2048x2048.jpg 2048w, https:\/\/www.polarmatic.com\/wp-content\/uploads\/2023\/04\/Coolmatic-tehdas-01-300x300.jpg 300w, https:\/\/www.polarmatic.com\/wp-content\/uploads\/2023\/04\/Coolmatic-tehdas-01-1024x1024.jpg 1024w, https:\/\/www.polarmatic.com\/wp-content\/uploads\/2023\/04\/Coolmatic-tehdas-01-150x150.jpg 150w, https:\/\/www.polarmatic.com\/wp-content\/uploads\/2023\/04\/Coolmatic-tehdas-01-768x768.jpg 768w, https:\/\/www.polarmatic.com\/wp-content\/uploads\/2023\/04\/Coolmatic-tehdas-01-1536x1536.jpg 1536w\" sizes=\"auto, (max-width: 2048px) 100vw, 2048px\" \/>\t\t\t\t\t\t\n\t\t\t\t\t<\/div>\n\t\t\t\t\t\t\t\t\n<style>\n#image_10873528 {\n  width: 100%;\n}\n<\/style>\n\t<\/div>\n\t\n\n\n\t\t<\/div>\n\t\t\t\t\t<\/div>\n\n\t\n\n<\/div>\n\n","protected":false},"excerpt":{"rendered":"","protected":false},"author":5,"featured_media":0,"parent":9771,"menu_order":3,"comment_status":"closed","ping_status":"closed","template":"","meta":{"_acf_changed":false,"footnotes":""},"class_list":["post-9801","page","type-page","status-publish","hentry"],"acf":[],"_links":{"self":[{"href":"https:\/\/www.polarmatic.com\/fr\/wp-json\/wp\/v2\/pages\/9801","targetHints":{"allow":["GET"]}}],"collection":[{"href":"https:\/\/www.polarmatic.com\/fr\/wp-json\/wp\/v2\/pages"}],"about":[{"href":"https:\/\/www.polarmatic.com\/fr\/wp-json\/wp\/v2\/types\/page"}],"author":[{"embeddable":true,"href":"https:\/\/www.polarmatic.com\/fr\/wp-json\/wp\/v2\/users\/5"}],"replies":[{"embeddable":true,"href":"https:\/\/www.polarmatic.com\/fr\/wp-json\/wp\/v2\/comments?post=9801"}],"version-history":[{"count":5,"href":"https:\/\/www.polarmatic.com\/fr\/wp-json\/wp\/v2\/pages\/9801\/revisions"}],"predecessor-version":[{"id":10139,"href":"https:\/\/www.polarmatic.com\/fr\/wp-json\/wp\/v2\/pages\/9801\/revisions\/10139"}],"up":[{"embeddable":true,"href":"https:\/\/www.polarmatic.com\/fr\/wp-json\/wp\/v2\/pages\/9771"}],"wp:attachment":[{"href":"https:\/\/www.polarmatic.com\/fr\/wp-json\/wp\/v2\/media?parent=9801"}],"curies":[{"name":"wp","href":"https:\/\/api.w.org\/{rel}","templated":true}]}}