{"id":9809,"date":"2023-02-20T12:16:13","date_gmt":"2023-02-20T10:16:13","guid":{"rendered":"https:\/\/www.polarmatic.com\/?page_id=9809"},"modified":"2024-04-22T10:07:52","modified_gmt":"2024-04-22T07:07:52","slug":"coolmatic-mises-a-niveau","status":"publish","type":"page","link":"https:\/\/www.polarmatic.com\/fr\/solutions\/solutions-de-refroidissement-coolmatic\/coolmatic-mises-a-niveau\/","title":{"rendered":"COOLMATIC Mises \u00e0 niveau"},"content":{"rendered":"\n<div class=\"row\"  id=\"row-1278782056\">\n\n\n\t<div id=\"col-924568533\" class=\"col small-12 large-12\"  >\n\t\t\t\t<div class=\"col-inner\"  >\n\t\t\t\n\t\t\t\n\n\t\t<div class=\"pm-breadcrumbs\">\n\t\t\t\t\n\n<span><span><a href=\"https:\/\/www.polarmatic.com\/fr\/\">Home<\/a><\/span><\/span>\n\t\t<\/div>\n\t\n\n\t\t<\/div>\n\t\t\t\t\t<\/div>\n\n\t\n\n<\/div>\n<div class=\"row\"  id=\"row-424907576\">\n\n\n\t<div id=\"col-2009972375\" class=\"col medium-6 small-12 large-6\"  >\n\t\t\t\t<div class=\"col-inner\"  >\n\t\t\t\n\t\t\t\n\n\t<div id=\"text-2499922439\" class=\"text\">\n\t\t\n\n<h1>COOLMATIC Mises \u00e0 niveau<\/h1>\n<p>Lorsque la centrale \u00e0 b\u00e9ton est d\u00e9j\u00e0 \u00e9quip\u00e9e d\u2019un syst\u00e8me de chauffage Polarmatic et lorsque le besoin de refroidissement se fait sentir, l\u2019option Mise \u00e0 niveau COOLMATIC vaut la peine d\u2019\u00eatre \u00e9valu\u00e9e.<\/p>\n<p>En r\u00e8gle g\u00e9n\u00e9rale, le r\u00e9servoir d&rsquo;eau chaude peut \u00eatre utilis\u00e9 comme r\u00e9servoir d&rsquo;eau froide pendant l&rsquo;\u00e9t\u00e9, et cela s&rsquo;applique \u00e0 la fois pour les alternatives de refroidissement avec refroidisseur et LIN.<\/p>\n<p>De plus, d&rsquo;autres parties du syst\u00e8me, comme la tuyauterie TURBOgas, les commandes et le compresseur, peuvent \u00eatre utilis\u00e9es en fonction des besoins de refroidissement de la centrale \u00e0 b\u00e9ton et des caract\u00e9ristiques du syst\u00e8me de chauffage Turbomatic actuel.<\/p>\n<h2><span style=\"font-size: 75%; color: #3a5dae;\">Avantages de COOLMATIC Mises \u00e0 niveau<\/span><\/h2>\n<ul>\n<li>Utilisation du m\u00eame r\u00e9servoir d&rsquo;eau pour le chauffage et le refroidissement de l&rsquo;eau<\/li>\n<li>Les canalisations peuvent \u00eatre utilis\u00e9es pour le chauffage et le refroidissement des granulats de b\u00e9ton<\/li>\n<li>Installation plus rapide<\/li>\n<li>Solution durable<\/li>\n<li>Solution \u00e9conomique<\/li>\n<\/ul>\n\t\t\n<style>\n#text-2499922439 {\n  line-height: 1.5;\n}\n<\/style>\n\t<\/div>\n\t\n\n\t\t<\/div>\n\t\t\t\t\t<\/div>\n\n\t\n\n\t<div id=\"col-808871596\" class=\"col medium-6 small-12 large-6\"  >\n\t\t\t\t<div class=\"col-inner\"  >\n\t\t\t\n\t\t\t\n\n\n  \n    <div id=\"gallery-1693776872\" class=\"slider slider-auto-height row-collapse slider-nav-circle\" data-flickity-options='{&quot;imagesLoaded&quot;: true, &quot;dragThreshold&quot; : 5, &quot;cellAlign&quot;: &quot;left&quot;,&quot;wrapAround&quot;: true,&quot;prevNextButtons&quot;: true,&quot;percentPosition&quot;: true,&quot;pageDots&quot;: true, &quot;rightToLeft&quot;: false, &quot;autoPlay&quot; : 6000}'>\n\n  <div class=\"gallery-col col\" >\n          <div class=\"col-inner\">\n            <a class=\"image-lightbox lightbox-gallery\" href=\"https:\/\/www.polarmatic.com\/wp-content\/uploads\/2023\/04\/Bemo-Bad-Bergzabern-edited-2048x2044.jpg\" title=\"Retrofit COOLMATIC\">            <div class=\"box has-hover gallery-box box-normal\">\n              <div class=\"box-image\" >\n                <img loading=\"lazy\" decoding=\"async\" width=\"2048\" height=\"2044\" src=\"https:\/\/www.polarmatic.com\/wp-content\/uploads\/2023\/04\/Bemo-Bad-Bergzabern-edited-2048x2044.jpg\" class=\"attachment-2048x2048 size-2048x2048\" alt=\"\" ids=\"5494\" style=\"normal\" lightbox_image_size=\"2048x2048\" type=\"slider-full\" slider_nav_style=\"circle\" slider_bullets=\"true\" auto_slide=\"6000\" image_size=\"2048x2048\" text_align=\"right\" srcset=\"https:\/\/www.polarmatic.com\/wp-content\/uploads\/2023\/04\/Bemo-Bad-Bergzabern-edited-2048x2044.jpg 2048w, https:\/\/www.polarmatic.com\/wp-content\/uploads\/2023\/04\/Bemo-Bad-Bergzabern-edited-300x300.jpg 300w, https:\/\/www.polarmatic.com\/wp-content\/uploads\/2023\/04\/Bemo-Bad-Bergzabern-edited-1024x1022.jpg 1024w, https:\/\/www.polarmatic.com\/wp-content\/uploads\/2023\/04\/Bemo-Bad-Bergzabern-edited-150x150.jpg 150w, https:\/\/www.polarmatic.com\/wp-content\/uploads\/2023\/04\/Bemo-Bad-Bergzabern-edited-768x766.jpg 768w, https:\/\/www.polarmatic.com\/wp-content\/uploads\/2023\/04\/Bemo-Bad-Bergzabern-edited-1536x1533.jpg 1536w\" sizes=\"auto, (max-width: 2048px) 100vw, 2048px\" \/>                                                              <\/div>\n              <div class=\"box-text text-right\" >\n                 <p>Retrofit COOLMATIC<\/p>\n              <\/div>\n            <\/div>\n            <\/a>          <\/div>\n         <\/div><\/div>\n\n\n\t\t<\/div>\n\t\t\t\t\t<\/div>\n\n\t\n\n<\/div>\n\n","protected":false},"excerpt":{"rendered":"","protected":false},"author":5,"featured_media":0,"parent":9771,"menu_order":4,"comment_status":"closed","ping_status":"closed","template":"","meta":{"_acf_changed":false,"footnotes":""},"class_list":["post-9809","page","type-page","status-publish","hentry"],"acf":[],"_links":{"self":[{"href":"https:\/\/www.polarmatic.com\/fr\/wp-json\/wp\/v2\/pages\/9809","targetHints":{"allow":["GET"]}}],"collection":[{"href":"https:\/\/www.polarmatic.com\/fr\/wp-json\/wp\/v2\/pages"}],"about":[{"href":"https:\/\/www.polarmatic.com\/fr\/wp-json\/wp\/v2\/types\/page"}],"author":[{"embeddable":true,"href":"https:\/\/www.polarmatic.com\/fr\/wp-json\/wp\/v2\/users\/5"}],"replies":[{"embeddable":true,"href":"https:\/\/www.polarmatic.com\/fr\/wp-json\/wp\/v2\/comments?post=9809"}],"version-history":[{"count":2,"href":"https:\/\/www.polarmatic.com\/fr\/wp-json\/wp\/v2\/pages\/9809\/revisions"}],"predecessor-version":[{"id":9813,"href":"https:\/\/www.polarmatic.com\/fr\/wp-json\/wp\/v2\/pages\/9809\/revisions\/9813"}],"up":[{"embeddable":true,"href":"https:\/\/www.polarmatic.com\/fr\/wp-json\/wp\/v2\/pages\/9771"}],"wp:attachment":[{"href":"https:\/\/www.polarmatic.com\/fr\/wp-json\/wp\/v2\/media?parent=9809"}],"curies":[{"name":"wp","href":"https:\/\/api.w.org\/{rel}","templated":true}]}}