{"id":9835,"date":"2023-02-20T12:19:04","date_gmt":"2023-02-20T10:19:04","guid":{"rendered":"https:\/\/www.polarmatic.com\/?page_id=9835"},"modified":"2024-04-22T10:10:44","modified_gmt":"2024-04-22T07:10:44","slug":"solutions-de-cure-curematic","status":"publish","type":"page","link":"https:\/\/www.polarmatic.com\/fr\/solutions\/solutions-de-cure-curematic\/","title":{"rendered":"Solutions de cure CUREMATIC"},"content":{"rendered":"\n<div class=\"row\"  id=\"row-1886815492\">\n\n\n\t<div id=\"col-2116221659\" class=\"col small-12 large-12\"  >\n\t\t\t\t<div class=\"col-inner\"  >\n\t\t\t\n\t\t\t\n\n\t\t<div class=\"pm-breadcrumbs\">\n\t\t\t\t\n\n<span><span><a href=\"https:\/\/www.polarmatic.com\/fr\/\">Home<\/a><\/span><\/span>\n\t\t<\/div>\n\t\n\n\t\t<\/div>\n\t\t\t\t\t<\/div>\n\n\t\n\n<\/div>\n<div class=\"row\"  id=\"row-95663223\">\n\n\n\t<div id=\"col-1694312647\" class=\"col small-12 large-12\"  >\n\t\t\t\t<div class=\"col-inner text-center dark\" style=\"background-color:#82ab4e;\" >\n\t\t\t\n\t\t\t\n\n<h1>Solutions de cure CUREMATIC<\/h1>\n<p><span style=\"font-size: 130%;\">Excellente qualit\u00e9 de b\u00e9ton pr\u00e9fabriqu\u00e9 et productivit\u00e9 accrue<\/span><\/p>\n\n\t\t<\/div>\n\t\t\t\t\n<style>\n#col-1694312647 > .col-inner {\n  padding: 70px 30px 70px 30px;\n  margin: 30px 0px 0px 0px;\n}\n<\/style>\n\t<\/div>\n\n\t\n\n<\/div>\n\t<div class=\"img has-hover x md-x lg-x y md-y lg-y\" id=\"image_235943398\">\n\t\t\t\t\t\t\t\t<div class=\"img-inner image-cover dark\" style=\"padding-top:600px;\">\n\t\t\t<img loading=\"lazy\" decoding=\"async\" width=\"2048\" height=\"1365\" src=\"https:\/\/www.polarmatic.com\/wp-content\/uploads\/2023\/03\/iStock-469291894-Concrete-Elements-Curing-Solutions-2048x1365.jpg\" class=\"attachment-2048x2048 size-2048x2048\" alt=\"CUREMATIC Curing Solutions: Stack of reinforced concrete slabs in a house-building factory workshop\" srcset=\"https:\/\/www.polarmatic.com\/wp-content\/uploads\/2023\/03\/iStock-469291894-Concrete-Elements-Curing-Solutions-2048x1365.jpg 2048w, https:\/\/www.polarmatic.com\/wp-content\/uploads\/2023\/03\/iStock-469291894-Concrete-Elements-Curing-Solutions-300x200.jpg 300w, https:\/\/www.polarmatic.com\/wp-content\/uploads\/2023\/03\/iStock-469291894-Concrete-Elements-Curing-Solutions-1024x683.jpg 1024w, https:\/\/www.polarmatic.com\/wp-content\/uploads\/2023\/03\/iStock-469291894-Concrete-Elements-Curing-Solutions-768x512.jpg 768w, https:\/\/www.polarmatic.com\/wp-content\/uploads\/2023\/03\/iStock-469291894-Concrete-Elements-Curing-Solutions-1536x1024.jpg 1536w\" sizes=\"auto, (max-width: 2048px) 100vw, 2048px\" \/>\t\t\t\t\t\t\n\t\t\t\t\t<\/div>\n\t\t\t\t\t\t\t\t\n<style>\n#image_235943398 {\n  width: 100%;\n}\n<\/style>\n\t<\/div>\n\t\n\n<div class=\"row align-center\"  id=\"row-2022788889\">\n\n\n\t<div id=\"col-30637225\" class=\"col medium-8 small-12 large-8\"  >\n\t\t\t\t<div class=\"col-inner text-center\"  >\n\t\t\t\n\t\t\t\n\n\t<div id=\"text-2349049789\" class=\"text\">\n\t\t\n\n<h2>Performances optimales pour la production de b\u00e9ton pr\u00e9fabriqu\u00e9<\/h2>\n<p>Les solutions de cure CUREMATIC ont \u00e9t\u00e9 con\u00e7ues pour aider les producteurs de b\u00e9ton pr\u00e9fabriqu\u00e9 \u00e0 augmenter le rythme et le rendement de leur production annuelle et \u00e0 am\u00e9liorer la qualit\u00e9 de leurs produits en b\u00e9ton finaux. Les syst\u00e8mes CUREMATIC sont toujours adapt\u00e9s aux besoins sp\u00e9cifiques du client et aux produits \u00e0 fabriquer.<\/p>\n\t\t\n<style>\n#text-2349049789 {\n  line-height: 1.5;\n  text-align: center;\n}\n<\/style>\n\t<\/div>\n\t\n\n\t\t<\/div>\n\t\t\t\t\t<\/div>\n\n\t\n\n\n<style>\n#row-2022788889 > .col > .col-inner {\n  padding: 30px 0px 0px 0px;\n}\n<\/style>\n<\/div>\n<div class=\"is-divider divider clearfix\" style=\"max-width:100%;height:1px;\"><\/div>\n\n<div class=\"row align-center\"  id=\"row-1831155672\">\n\n\n\t<div id=\"col-1245455426\" class=\"col medium-5 small-12 large-5\"  >\n\t\t\t\t<div class=\"col-inner text-left\"  >\n\t\t\t\n\t\t\t\n\n\t<div id=\"text-2951351761\" class=\"text\">\n\t\t\n\n<h2><span style=\"font-size: 80%;\">Solucion de syst\u00e8me de cure total<\/span><\/h2>\n<p>\u00a0<\/p>\n\t\t\n<style>\n#text-2951351761 {\n  line-height: 0.85;\n}\n<\/style>\n\t<\/div>\n\t\n\t<div id=\"text-4045793707\" class=\"text\">\n\t\t\n\n<p>Le syst\u00e8me de cure CUREMATIC r\u00e9soudra tous les besoins de cure des usines de production de b\u00e9ton pr\u00e9fabriqu\u00e9, de tuyaux, de blocs et de pav\u00e9s, de la mani\u00e8re la plus efficace.<\/p>\n<p>Combin\u00e9 aux syst\u00e8mes de chauffage et de refroidissement de pointe de Polarmatic, le syst\u00e8me CUREMATIC permettra aux producteurs de b\u00e9ton d&rsquo;atteindre constamment les temp\u00e9ratures de b\u00e9ton vis\u00e9es. Cela aidera les producteurs de produits pr\u00e9fabriqu\u00e9s \u00e0 atteindre les temps de cure du b\u00e9ton pr\u00e9vus et \u00e0 produire efficacement des produits en b\u00e9ton de qualit\u00e9 sup\u00e9rieure tout au long de l\u2019ann\u00e9e.<\/p>\n<h3><span style=\"color: #3a5dae; font-size: 80%;\">Principales fonctions du syst\u00e8me CUREMATIC\u00a0:<\/span><\/h3>\n<ul>\n<li>Cure des \u00e9l\u00e9ments, tuyaux, blocs et pav\u00e9s en b\u00e9ton pr\u00e9fabriqu\u00e9<\/li>\n<li>Contr\u00f4le du processus de cure, par exemple sa maturit\u00e9 et sa qualit\u00e9<\/li>\n<li>Permet de produire du b\u00e9ton \u00e0 la bonne temp\u00e9rature de coul\u00e9e<\/li>\n<\/ul>\n\t\t\n<style>\n#text-4045793707 {\n  line-height: 1.5;\n}\n<\/style>\n\t<\/div>\n\t\n\n\t\t<\/div>\n\t\t\t\t\t<\/div>\n\n\t\n\n\t<div id=\"col-1859057500\" class=\"col medium-1 small-12 large-1\"  >\n\t\t\t\t<div class=\"col-inner\"  >\n\t\t\t\n\t\t\t\n\n\n\t\t<\/div>\n\t\t\t\t\t<\/div>\n\n\t\n\n\t<div id=\"col-728915410\" class=\"col medium-5 small-12 large-5\"  >\n\t\t\t\t<div class=\"col-inner text-left\"  >\n\t\t\t\n\t\t\t\n\n<h2><span style=\"font-size: 80%;\">Les syst\u00e8mes de cure CUREMATIC offrent de nombreux avantages<\/span><\/h2>\n\t<div id=\"text-292224566\" class=\"text\">\n\t\t\n\n<ul>\n<li>Un appareil conteneuris\u00e9 pour la cure, le chauffage et le refroidissement<\/li>\n<li>Contr\u00f4le pr\u00e9cis de l&rsquo;ensemble du processus de cure du b\u00e9ton<\/li>\n<li>Production annuelle accrue et cadence de production plus rapide rendues possibles par une puissance de chauffage sup\u00e9rieure<\/li>\n<li>Syst\u00e8me \u00e9conome en \u00e9nergie permettant des \u00e9conomies consid\u00e9rables<\/li>\n<li>R\u00e9duction de la quantit\u00e9 de ciment utilis\u00e9e pour atteindre la r\u00e9sistance du b\u00e9ton requise<\/li>\n<li>Faibles frais d&rsquo;exploitation et d\u2019entretien<\/li>\n<li>Solution \u00e9cologique<\/li>\n<li>Enti\u00e8rement automatique et command\u00e9 par ordinateur pour offrir un fonctionnement rapide, flexible et stable<\/li>\n<li style=\"list-style-type: none;\">\u00a0<\/li>\n<\/ul>\n<p>\u00a0<\/p>\n\t\t\n<style>\n#text-292224566 {\n  line-height: 1.5;\n}\n<\/style>\n\t<\/div>\n\t\n\n\t\t<\/div>\n\t\t\t\t\t<\/div>\n\n\t\n\n\n<style>\n#row-1831155672 > .col > .col-inner {\n  padding: 30px 0px 0px 0px;\n}\n<\/style>\n<\/div>\n<div class=\"is-divider divider clearfix\" style=\"max-width:100%;height:1px;\"><\/div>\n\n<div class=\"row align-middle\"  id=\"row-1693924889\">\n\n\n\t<div id=\"col-1531637253\" class=\"col medium-5 small-12 large-5\"  >\n\t\t\t\t<div class=\"col-inner text-left\"  >\n\t\t\t\n\t\t\t\n\n\n  <div class=\"banner has-hover\" id=\"banner-189726585\">\n          <div class=\"banner-inner fill\">\n        <div class=\"banner-bg fill\" >\n            <img loading=\"lazy\" decoding=\"async\" width=\"1600\" height=\"1200\" src=\"https:\/\/www.polarmatic.com\/wp-content\/uploads\/2023\/04\/Precast-products_4.jpg\" class=\"bg attachment-2048x2048 size-2048x2048\" alt=\"Polarmatic curing solutions for precast concrete production.\" \/>                                    \n                    <\/div>\n\t\t\n        <div class=\"banner-layers container\">\n            <div class=\"fill banner-link\"><\/div>            \n\n\n        <\/div>\n      <\/div>\n\n            \n<style>\n#banner-189726585 {\n  padding-top: 55%;\n}\n#banner-189726585 .banner-bg img {\n  object-position: 100% 100%;\n}\n<\/style>\n  <\/div>\n\n\n\n\t\t<\/div>\n\t\t\t\t\n<style>\n#col-1531637253 > .col-inner {\n  padding: 0px 100px 0px 0px;\n}\n<\/style>\n\t<\/div>\n\n\t\n\n\t<div id=\"col-1997121783\" class=\"col medium-1 small-12 large-1\"  >\n\t\t\t\t<div class=\"col-inner\"  >\n\t\t\t\n\t\t\t\n\n\n\t\t<\/div>\n\t\t\t\t\t<\/div>\n\n\t\n\n\t<div id=\"col-1992673560\" class=\"col medium-6 small-12 large-6\"  >\n\t\t\t\t<div class=\"col-inner\"  >\n\t\t\t\n\t\t\t\n\n\t<div id=\"text-353012822\" class=\"text\">\n\t\t\n\n<h2>CUREMATIC Cure \u00e0 l\u2019eau chaude<\/h2>\n<p>Solution id\u00e9ale pour la cure des produits en b\u00e9ton coul\u00e9s sur lits, moules ou tables.<\/p>\n<p>Produits typiques\u00a0: hourdis, poutres et \u00e9l\u00e9ments muraux<\/p>\n\t\t\n<style>\n#text-353012822 {\n  line-height: 1.5;\n}\n<\/style>\n\t<\/div>\n\t\n<a href=\"https:\/\/www.polarmatic.com\/fr\/?page_id=9853&#038;preview=true\" class=\"button primary lowercase\" >\n\t\t<span>En savoir plus<\/span>\n\t<\/a>\n\n\n\n\t\t<\/div>\n\t\t\t\t\t<\/div>\n\n\t\n\n\n<style>\n#row-1693924889 > .col > .col-inner {\n  padding: 30px 0px 0px 0px;\n}\n<\/style>\n<\/div>\n<div class=\"is-divider divider clearfix\" style=\"max-width:100%;height:1px;\"><\/div>\n\n<div class=\"row align-middle\"  id=\"row-209153642\">\n\n\n\t<div id=\"col-395181599\" class=\"col medium-6 small-12 large-6\"  >\n\t\t\t\t<div class=\"col-inner\"  >\n\t\t\t\n\t\t\t\n\n\t<div id=\"text-3747441628\" class=\"text\">\n\t\t\n\n<h2>CUREMATIC Cure avec TURBOsteam<\/h2>\n<p>Con\u00e7u pour le processus de cure en s\u00e9choirs ou en chambres.<\/p>\n<p>Produits typiques : tuyaux, trous d&rsquo;homme, blocs et pav\u00e9s en b\u00e9ton.<\/p>\n\t\t\n<style>\n#text-3747441628 {\n  line-height: 1.5;\n}\n<\/style>\n\t<\/div>\n\t\n<a href=\"https:\/\/www.polarmatic.com\/fr\/?page_id=9847&#038;preview=true\" class=\"button primary lowercase\" >\n\t\t<span>En savoir plus<\/span>\n\t<\/a>\n\n\n\n\t\t<\/div>\n\t\t\t\t\t<\/div>\n\n\t\n\n\t<div id=\"col-1301968409\" class=\"col medium-6 small-12 large-6 small-col-first\"  >\n\t\t\t\t<div class=\"col-inner\"  >\n\t\t\t\n\t\t\t\n\n\t<div class=\"img has-hover x md-x lg-x y md-y lg-y\" id=\"image_231432583\">\n\t\t\t\t\t\t\t\t<div class=\"img-inner image-cover dark\" style=\"padding-top:56.25%;\">\n\t\t\t<img loading=\"lazy\" decoding=\"async\" width=\"1020\" height=\"574\" src=\"https:\/\/www.polarmatic.com\/wp-content\/uploads\/2023\/02\/lakka_bl-305_citymuurikivi_dsc_7546-edited-1024x576.jpg\" class=\"attachment-large size-large\" alt=\"Lakan Betoni products\" srcset=\"https:\/\/www.polarmatic.com\/wp-content\/uploads\/2023\/02\/lakka_bl-305_citymuurikivi_dsc_7546-edited-1024x576.jpg 1024w, https:\/\/www.polarmatic.com\/wp-content\/uploads\/2023\/02\/lakka_bl-305_citymuurikivi_dsc_7546-edited-300x169.jpg 300w, https:\/\/www.polarmatic.com\/wp-content\/uploads\/2023\/02\/lakka_bl-305_citymuurikivi_dsc_7546-edited-768x432.jpg 768w, https:\/\/www.polarmatic.com\/wp-content\/uploads\/2023\/02\/lakka_bl-305_citymuurikivi_dsc_7546-edited-1536x864.jpg 1536w, https:\/\/www.polarmatic.com\/wp-content\/uploads\/2023\/02\/lakka_bl-305_citymuurikivi_dsc_7546-edited-2048x1152.jpg 2048w\" sizes=\"auto, (max-width: 1020px) 100vw, 1020px\" \/>\t\t\t\t\t\t\n\t\t\t\t\t<\/div>\n\t\t\t\t\t\t\t\t\n<style>\n#image_231432583 {\n  width: 80%;\n}\n<\/style>\n\t<\/div>\n\t\n\n\n\t\t<\/div>\n\t\t\t\t\t<\/div>\n\n\t\n\n\n<style>\n#row-209153642 > .col > .col-inner {\n  padding: 30px 0px 0px 0px;\n}\n<\/style>\n<\/div>\n<div class=\"is-divider divider clearfix\" style=\"max-width:100%;height:1px;\"><\/div>\n\n<div class=\"row align-middle\"  id=\"row-56652332\">\n\n\n\t<div id=\"col-1295703957\" class=\"col medium-6 small-12 large-6\"  >\n\t\t\t\t<div class=\"col-inner\"  >\n\t\t\t\n\t\t\t\n\n\t<div class=\"img has-hover x md-x lg-x y md-y lg-y\" id=\"image_1060660789\">\n\t\t\t\t\t\t\t\t<div class=\"img-inner image-cover dark\" style=\"padding-top:56.25%;\">\n\t\t\t<img loading=\"lazy\" decoding=\"async\" width=\"2048\" height=\"1536\" src=\"https:\/\/www.polarmatic.com\/wp-content\/uploads\/2023\/01\/IMG_3163-2048x1536.jpg\" class=\"attachment-2048x2048 size-2048x2048\" alt=\"Concrete tiles produced by Best Way Stone in Canada with help of TURBOMATIC heating unit.\" srcset=\"https:\/\/www.polarmatic.com\/wp-content\/uploads\/2023\/01\/IMG_3163-2048x1536.jpg 2048w, https:\/\/www.polarmatic.com\/wp-content\/uploads\/2023\/01\/IMG_3163-300x225.jpg 300w, https:\/\/www.polarmatic.com\/wp-content\/uploads\/2023\/01\/IMG_3163-1024x768.jpg 1024w, https:\/\/www.polarmatic.com\/wp-content\/uploads\/2023\/01\/IMG_3163-768x576.jpg 768w, https:\/\/www.polarmatic.com\/wp-content\/uploads\/2023\/01\/IMG_3163-1536x1152.jpg 1536w\" sizes=\"auto, (max-width: 2048px) 100vw, 2048px\" \/>\t\t\t\t\t\t\n\t\t\t\t\t<\/div>\n\t\t\t\t\t\t\t\t\n<style>\n#image_1060660789 {\n  width: 80%;\n}\n<\/style>\n\t<\/div>\n\t\n\n\n\t\t<\/div>\n\t\t\t\t\t<\/div>\n\n\t\n\n\t<div id=\"col-637560609\" class=\"col medium-6 small-12 large-6\"  >\n\t\t\t\t<div class=\"col-inner\"  >\n\t\t\t\n\t\t\t\n\n\t<div id=\"text-1488028495\" class=\"text\">\n\t\t\n\n<h2>CUREMATIC Cure \u00e0 l\u2019air chaud<\/h2>\n<p>Couramment utilis\u00e9 avec les syst\u00e8mes de cure en rack avec chambres rigides et une faible diversit\u00e9 de produits.<\/p>\n<p>Produits typiques\u00a0: blocs et pav\u00e9s en b\u00e9ton.<\/p>\n<p>\u00a0<\/p>\n\t\t\n<style>\n#text-1488028495 {\n  line-height: 1.5;\n}\n<\/style>\n\t<\/div>\n\t\n<a href=\"https:\/\/www.polarmatic.com\/fr\/?page_id=9861&#038;preview=true\" class=\"button primary lowercase\" >\n\t\t<span>En savoir plus<\/span>\n\t<\/a>\n\n\n\n\t\t<\/div>\n\t\t\t\t\t<\/div>\n\n\t\n\n\n<style>\n#row-56652332 > .col > .col-inner {\n  padding: 30px 0px 0px 0px;\n}\n<\/style>\n<\/div>\n<div class=\"is-divider divider clearfix\" style=\"max-width:100%;height:1px;\"><\/div>\n\n<div class=\"row align-middle\"  id=\"row-432841964\">\n\n\n\t<div id=\"col-698298345\" class=\"col medium-6 small-12 large-6\"  >\n\t\t\t\t<div class=\"col-inner\"  >\n\t\t\t\n\t\t\t\n\n\t<div id=\"text-3296622944\" class=\"text\">\n\t\t\n\n<h2>CUREMATIC Cure \u00e0 la vapeur<\/h2>\n<p>Sp\u00e9cialement pour les syst\u00e8mes de cure avec lignes de rotation o\u00f9 la cure de grandes quantit\u00e9s d\u2019un m\u00eame type de produits en b\u00e9ton continue 24\/7.<\/p>\n<p>Produits typiques\u00a0: \u00e9l\u00e9ments de tunnel et traverses de chemin de fer<\/p>\n<p>\u00a0<\/p>\n\t\t\n<style>\n#text-3296622944 {\n  line-height: 1.5;\n}\n<\/style>\n\t<\/div>\n\t\n<a href=\"https:\/\/www.polarmatic.com\/fr\/?page_id=9867&#038;preview=true\" class=\"button primary lowercase\" >\n\t\t<span>En savoir plus<\/span>\n\t<\/a>\n\n\n\n\t\t<\/div>\n\t\t\t\t\t<\/div>\n\n\t\n\n\t<div id=\"col-1717700091\" class=\"col medium-6 small-12 large-6 small-col-first\"  >\n\t\t\t\t<div class=\"col-inner\"  >\n\t\t\t\n\t\t\t\n\n\t<div class=\"img has-hover x md-x lg-x y md-y lg-y\" id=\"image_1953693388\">\n\t\t\t\t\t\t\t\t<div class=\"img-inner image-cover dark\" style=\"padding-top:56.25%;\">\n\t\t\t<img loading=\"lazy\" decoding=\"async\" width=\"2048\" height=\"1536\" src=\"https:\/\/www.polarmatic.com\/wp-content\/uploads\/2023\/04\/Tunnel-elements_3-2048x1536.jpg\" class=\"attachment-2048x2048 size-2048x2048\" alt=\"Polarmatic curing solutions for tunnel element curing.\" srcset=\"https:\/\/www.polarmatic.com\/wp-content\/uploads\/2023\/04\/Tunnel-elements_3-2048x1536.jpg 2048w, https:\/\/www.polarmatic.com\/wp-content\/uploads\/2023\/04\/Tunnel-elements_3-300x225.jpg 300w, https:\/\/www.polarmatic.com\/wp-content\/uploads\/2023\/04\/Tunnel-elements_3-1024x768.jpg 1024w, https:\/\/www.polarmatic.com\/wp-content\/uploads\/2023\/04\/Tunnel-elements_3-768x576.jpg 768w, https:\/\/www.polarmatic.com\/wp-content\/uploads\/2023\/04\/Tunnel-elements_3-1536x1152.jpg 1536w\" sizes=\"auto, (max-width: 2048px) 100vw, 2048px\" \/>\t\t\t\t\t\t\n\t\t\t\t\t<\/div>\n\t\t\t\t\t\t\t\t\n<style>\n#image_1953693388 {\n  width: 80%;\n}\n<\/style>\n\t<\/div>\n\t\n\n\n\t\t<\/div>\n\t\t\t\t\t<\/div>\n\n\t\n\n\n<style>\n#row-432841964 > .col > .col-inner {\n  padding: 30px 0px 0px 0px;\n}\n<\/style>\n<\/div>\n<div class=\"is-divider divider clearfix\" style=\"max-width:100%;height:1px;\"><\/div>\n\n<div class=\"row align-middle\"  id=\"row-926663629\">\n\n\n\t<div id=\"col-1515066901\" class=\"col medium-2 small-12 large-2\"  >\n\t\t\t\t<div class=\"col-inner\"  >\n\t\t\t\n\t\t\t\n\n\t<div class=\"img has-hover x md-x lg-x y md-y lg-y\" id=\"image_734223325\">\n\t\t\t\t\t\t\t\t<div class=\"img-inner image-cover dark\" style=\"padding-top:100%;\">\n\t\t\t<img loading=\"lazy\" decoding=\"async\" width=\"200\" height=\"200\" src=\"https:\/\/www.polarmatic.com\/wp-content\/uploads\/2023\/04\/Download-icon.png\" class=\"attachment-2048x2048 size-2048x2048\" alt=\"\" srcset=\"https:\/\/www.polarmatic.com\/wp-content\/uploads\/2023\/04\/Download-icon.png 200w, https:\/\/www.polarmatic.com\/wp-content\/uploads\/2023\/04\/Download-icon-150x150.png 150w\" sizes=\"auto, (max-width: 200px) 100vw, 200px\" \/>\t\t\t\t\t\t\n\t\t\t\t\t<\/div>\n\t\t\t\t\t\t\t\t\n<style>\n#image_734223325 {\n  width: 80%;\n}\n<\/style>\n\t<\/div>\n\t\n\n\n\t\t<\/div>\n\t\t\t\t\t<\/div>\n\n\t\n\n\t<div id=\"col-1778444433\" class=\"col medium-6 small-12 large-6\"  >\n\t\t\t\t<div class=\"col-inner\"  >\n\t\t\t\n\t\t\t\n\n\t<div id=\"text-4275545703\" class=\"text\">\n\t\t\n\n<h2>Brochure de produits CUREMATIC<\/h2>\n<p>Cliquez sur le bouton ci-dessous pour recevoir la brochure du produit par e-mail.<\/p>\n\t\t\n<style>\n#text-4275545703 {\n  line-height: 1.5;\n}\n<\/style>\n\t<\/div>\n\t\n<a href=\"https:\/\/www.polarmatic.com\/fr\/?page_id=10023&#038;preview=true\" class=\"button primary lowercase\" >\n\t\t<span>Obtenir la brochure<\/span>\n\t<\/a>\n\n\n\n\t\t<\/div>\n\t\t\t\t\t<\/div>\n\n\t\n\n\n<style>\n#row-926663629 > .col > .col-inner {\n  padding: 60px 0px 0px 0px;\n}\n<\/style>\n<\/div>\n\n","protected":false},"excerpt":{"rendered":"","protected":false},"author":5,"featured_media":0,"parent":8861,"menu_order":3,"comment_status":"closed","ping_status":"closed","template":"","meta":{"_acf_changed":false,"footnotes":""},"class_list":["post-9835","page","type-page","status-publish","hentry"],"acf":[],"_links":{"self":[{"href":"https:\/\/www.polarmatic.com\/fr\/wp-json\/wp\/v2\/pages\/9835","targetHints":{"allow":["GET"]}}],"collection":[{"href":"https:\/\/www.polarmatic.com\/fr\/wp-json\/wp\/v2\/pages"}],"about":[{"href":"https:\/\/www.polarmatic.com\/fr\/wp-json\/wp\/v2\/types\/page"}],"author":[{"embeddable":true,"href":"https:\/\/www.polarmatic.com\/fr\/wp-json\/wp\/v2\/users\/5"}],"replies":[{"embeddable":true,"href":"https:\/\/www.polarmatic.com\/fr\/wp-json\/wp\/v2\/comments?post=9835"}],"version-history":[{"count":6,"href":"https:\/\/www.polarmatic.com\/fr\/wp-json\/wp\/v2\/pages\/9835\/revisions"}],"predecessor-version":[{"id":10141,"href":"https:\/\/www.polarmatic.com\/fr\/wp-json\/wp\/v2\/pages\/9835\/revisions\/10141"}],"up":[{"embeddable":true,"href":"https:\/\/www.polarmatic.com\/fr\/wp-json\/wp\/v2\/pages\/8861"}],"wp:attachment":[{"href":"https:\/\/www.polarmatic.com\/fr\/wp-json\/wp\/v2\/media?parent=9835"}],"curies":[{"name":"wp","href":"https:\/\/api.w.org\/{rel}","templated":true}]}}