{"id":9847,"date":"2023-02-20T12:20:24","date_gmt":"2023-02-20T10:20:24","guid":{"rendered":"https:\/\/www.polarmatic.com\/?page_id=9847"},"modified":"2024-04-22T10:11:24","modified_gmt":"2024-04-22T07:11:24","slug":"curematic-cure-avec-turbosteam","status":"publish","type":"page","link":"https:\/\/www.polarmatic.com\/fr\/solutions\/solutions-de-cure-curematic\/curematic-cure-avec-turbosteam\/","title":{"rendered":"CUREMATIC Cure avec TURBOsteam"},"content":{"rendered":"\n<div class=\"row\"  id=\"row-151293648\">\n\n\n\t<div id=\"col-79972641\" class=\"col small-12 large-12\"  >\n\t\t\t\t<div class=\"col-inner\"  >\n\t\t\t\n\t\t\t\n\n\t\t<div class=\"pm-breadcrumbs\">\n\t\t\t\t\n\n<span><span><a href=\"https:\/\/www.polarmatic.com\/fr\/\">Home<\/a><\/span><\/span>\n\t\t<\/div>\n\t\n\n\t\t<\/div>\n\t\t\t\t\t<\/div>\n\n\t\n\n<\/div>\n<div class=\"row\"  id=\"row-1539386565\">\n\n\n\t<div id=\"col-1183754617\" class=\"col medium-6 small-12 large-6\"  >\n\t\t\t\t<div class=\"col-inner\"  >\n\t\t\t\n\t\t\t\n\n\t<div id=\"text-1783237208\" class=\"text\">\n\t\t\n\n<h2>CUREMATIC Cure avec TURBOsteam<\/h2>\n<p>La TURBOsteam riche en CO2 est achemin\u00e9e dans les s\u00e9choirs ou les tentes de cure \u00e0 une temp\u00e9rature de 250-300\u00a0\u00b0C (480-750\u00a0\u00b0F). La temp\u00e9rature de cure augmentera selon les r\u00e9glages tandis que le syst\u00e8me CUREMATIC assure le maintien d&rsquo;un taux d&rsquo;humidit\u00e9 optimal.<\/p>\n<h3><span style=\"color: #3a5dae;\">Produits de b\u00e9ton pr\u00e9fabriqu\u00e9 applicables<\/span><\/h3>\n<p>Produits durcis dans des fours ou des chambres de cure, p. ex. tuyaux, trous d&rsquo;homme, blocs, pav\u00e9s, etc.<\/p>\n<h3><span style=\"color: #3a5dae;\">Capacit\u00e9 de chauffage<\/span><\/h3>\n<p>En fonction des produits de b\u00e9ton \u00e0 durcir et des moules utilis\u00e9s, g\u00e9n\u00e9ralement 10-20\u00a0K\/h.<\/p>\n<h3><span style=\"color: #3a5dae;\">Offre de Polarmatic<\/span><\/h3>\n<ul>\n<li>\u00c9quipement de chauffage<\/li>\n<li>Soupapes de r\u00e9gulation<\/li>\n<li>Canalisations<\/li>\n<li>Capteurs de temp\u00e9rature<\/li>\n<li>Commandes et logiciels<\/li>\n<li>Rapports aux fins de la tra\u00e7abilit\u00e9<\/li>\n<li>Tentes de cure r\u00e9tractables<\/li>\n<\/ul>\n\t\t\n<style>\n#text-1783237208 {\n  line-height: 1.5;\n}\n<\/style>\n\t<\/div>\n\t\n\n\t\t<\/div>\n\t\t\t\t\t<\/div>\n\n\t\n\n\t<div id=\"col-509964558\" class=\"col medium-6 small-12 large-6\"  >\n\t\t\t\t<div class=\"col-inner\"  >\n\t\t\t\n\t\t\t\n\n\n  \n    <div id=\"gallery-787564939\" class=\"slider slider-auto-height row-collapse slider-nav-circle\" data-flickity-options='{&quot;imagesLoaded&quot;: true, &quot;dragThreshold&quot; : 5, &quot;cellAlign&quot;: &quot;left&quot;,&quot;wrapAround&quot;: true,&quot;prevNextButtons&quot;: true,&quot;percentPosition&quot;: true,&quot;pageDots&quot;: true, &quot;rightToLeft&quot;: false, &quot;autoPlay&quot; : 6000}'>\n\n  <div class=\"gallery-col col\" >\n          <div class=\"col-inner\">\n            <a class=\"image-lightbox lightbox-gallery\" href=\"https:\/\/www.polarmatic.com\/wp-content\/uploads\/2023\/03\/Curing-TURBOsteam_generator-EN-1024x791.jpg\" title=\"TURBOMATIC G\u00e9n\u00e9rateur TURBOsteam\">            <div class=\"box has-hover gallery-box box-normal\">\n              <div class=\"box-image\" >\n                <img loading=\"lazy\" decoding=\"async\" width=\"1500\" height=\"1159\" src=\"https:\/\/www.polarmatic.com\/wp-content\/uploads\/2023\/03\/Curing-TURBOsteam_generator-EN.jpg\" class=\"attachment-2048x2048 size-2048x2048\" alt=\"\" ids=\"9367,9371\" style=\"normal\" type=\"slider-full\" slider_nav_style=\"circle\" slider_bullets=\"true\" auto_slide=\"6000\" image_size=\"2048x2048\" text_align=\"right\" srcset=\"https:\/\/www.polarmatic.com\/wp-content\/uploads\/2023\/03\/Curing-TURBOsteam_generator-EN.jpg 1500w, https:\/\/www.polarmatic.com\/wp-content\/uploads\/2023\/03\/Curing-TURBOsteam_generator-EN-300x232.jpg 300w, https:\/\/www.polarmatic.com\/wp-content\/uploads\/2023\/03\/Curing-TURBOsteam_generator-EN-1024x791.jpg 1024w, https:\/\/www.polarmatic.com\/wp-content\/uploads\/2023\/03\/Curing-TURBOsteam_generator-EN-768x593.jpg 768w\" sizes=\"auto, (max-width: 1500px) 100vw, 1500px\" \/>                                                              <\/div>\n              <div class=\"box-text text-right\" >\n                 <p>TURBOMATIC G\u00e9n\u00e9rateur TURBOsteam<\/p>\n              <\/div>\n            <\/div>\n            <\/a>          <\/div>\n         <\/div><div class=\"gallery-col col\" >\n          <div class=\"col-inner\">\n            <a class=\"image-lightbox lightbox-gallery\" href=\"https:\/\/www.polarmatic.com\/wp-content\/uploads\/2023\/03\/Curing-maxTURBOMATIC-EN-1024x791.jpg\" title=\"maxTURBOMATIC pour la cure du b\u00e9ton\">            <div class=\"box has-hover gallery-box box-normal\">\n              <div class=\"box-image\" >\n                <img loading=\"lazy\" decoding=\"async\" width=\"1500\" height=\"1159\" src=\"https:\/\/www.polarmatic.com\/wp-content\/uploads\/2023\/03\/Curing-maxTURBOMATIC-EN.jpg\" class=\"attachment-2048x2048 size-2048x2048\" alt=\"\" ids=\"9367,9371\" style=\"normal\" type=\"slider-full\" slider_nav_style=\"circle\" slider_bullets=\"true\" auto_slide=\"6000\" image_size=\"2048x2048\" text_align=\"right\" srcset=\"https:\/\/www.polarmatic.com\/wp-content\/uploads\/2023\/03\/Curing-maxTURBOMATIC-EN.jpg 1500w, https:\/\/www.polarmatic.com\/wp-content\/uploads\/2023\/03\/Curing-maxTURBOMATIC-EN-300x232.jpg 300w, https:\/\/www.polarmatic.com\/wp-content\/uploads\/2023\/03\/Curing-maxTURBOMATIC-EN-1024x791.jpg 1024w, https:\/\/www.polarmatic.com\/wp-content\/uploads\/2023\/03\/Curing-maxTURBOMATIC-EN-768x593.jpg 768w\" sizes=\"auto, (max-width: 1500px) 100vw, 1500px\" \/>                                                              <\/div>\n              <div class=\"box-text text-right\" >\n                 <p>maxTURBOMATIC pour la cure du b\u00e9ton<\/p>\n              <\/div>\n            <\/div>\n            <\/a>          <\/div>\n         <\/div><\/div>\n\n\n\t\t<\/div>\n\t\t\t\t\t<\/div>\n\n\t\n\n<\/div>\n<div class=\"is-divider divider clearfix\" style=\"max-width:100%;height:1px;\"><\/div>\n\n<div class=\"row\"  id=\"row-2018184826\">\n\n\n\t<div id=\"col-954088645\" class=\"col medium-4 small-12 large-4\"  >\n\t\t\t\t<div class=\"col-inner\"  >\n\t\t\t\n\t\t\t\n\n\t<div class=\"img has-hover x md-x lg-x y md-y lg-y\" id=\"image_161209297\">\n\t\t\t\t\t\t\t\t<div class=\"img-inner dark\" >\n\t\t\t<img loading=\"lazy\" decoding=\"async\" width=\"1500\" height=\"786\" src=\"https:\/\/www.polarmatic.com\/wp-content\/uploads\/2023\/03\/TURBOsteam_generator-01-studio.jpg\" class=\"attachment-2048x2048 size-2048x2048\" alt=\"TURBOMATIC TURBOsteam Generator\" srcset=\"https:\/\/www.polarmatic.com\/wp-content\/uploads\/2023\/03\/TURBOsteam_generator-01-studio.jpg 1500w, https:\/\/www.polarmatic.com\/wp-content\/uploads\/2023\/03\/TURBOsteam_generator-01-studio-300x157.jpg 300w, https:\/\/www.polarmatic.com\/wp-content\/uploads\/2023\/03\/TURBOsteam_generator-01-studio-1024x537.jpg 1024w, https:\/\/www.polarmatic.com\/wp-content\/uploads\/2023\/03\/TURBOsteam_generator-01-studio-768x402.jpg 768w\" sizes=\"auto, (max-width: 1500px) 100vw, 1500px\" \/>\t\t\t\t\t\t\n\t\t\t\t\t<\/div>\n\t\t\t\t\t\t\t\t\n<style>\n#image_161209297 {\n  width: 100%;\n}\n<\/style>\n\t<\/div>\n\t\n\n\n\t\t<\/div>\n\t\t\t\t\t<\/div>\n\n\t\n\n\t<div id=\"col-1233579384\" class=\"col medium-8 small-12 large-8\"  >\n\t\t\t\t<div class=\"col-inner\"  >\n\t\t\t\n\t\t\t\n\n<h2><span lang=\"FR\">TURBOMATIC G\u00e9n\u00e9rateur TURBOsteam<\/span><\/h2>\n<p class=\"FirstParagraph\"><span lang=\"FR\">Le g\u00e9n\u00e9rateur TURBOSteam est la solution de chauffage pour les endroits o\u00f9 le chauffage des granulats et la cure avec TURBOSteam sont n\u00e9cessaires, mais o\u00f9 aucun chauffage de l&rsquo;eau n&rsquo;est n\u00e9cessaire.\u00a0<\/span><\/p>\n<a href=\"https:\/\/www.polarmatic.com\/fr\/?page_id=9725&#038;preview=true\" class=\"button primary lowercase\" >\n\t\t<span>En savoir plus<\/span>\n\t<\/a>\n\n\n\n\t\t<\/div>\n\t\t\t\t\t<\/div>\n\n\t\n\n\n<style>\n#row-2018184826 > .col > .col-inner {\n  padding: 30px 0px 0px 0px;\n}\n<\/style>\n<\/div>\n<div class=\"is-divider divider clearfix\" style=\"max-width:100%;height:1px;\"><\/div>\n\n<div class=\"row\"  id=\"row-1673614274\">\n\n\n\t<div id=\"col-83931706\" class=\"col medium-4 small-12 large-4\"  >\n\t\t\t\t<div class=\"col-inner\"  >\n\t\t\t\n\t\t\t\n\n\t<div class=\"img has-hover x md-x lg-x y md-y lg-y\" id=\"image_1190776704\">\n\t\t\t\t\t\t\t\t<div class=\"img-inner dark\" >\n\t\t\t<img loading=\"lazy\" decoding=\"async\" width=\"1920\" height=\"1080\" src=\"https:\/\/www.polarmatic.com\/wp-content\/uploads\/2023\/03\/TURBOMATIC-MAX-A12-container-1.png\" class=\"attachment-2048x2048 size-2048x2048\" alt=\"TURBOMATIC MAX A12 container\" srcset=\"https:\/\/www.polarmatic.com\/wp-content\/uploads\/2023\/03\/TURBOMATIC-MAX-A12-container-1.png 1920w, https:\/\/www.polarmatic.com\/wp-content\/uploads\/2023\/03\/TURBOMATIC-MAX-A12-container-1-300x169.png 300w, https:\/\/www.polarmatic.com\/wp-content\/uploads\/2023\/03\/TURBOMATIC-MAX-A12-container-1-1024x576.png 1024w, https:\/\/www.polarmatic.com\/wp-content\/uploads\/2023\/03\/TURBOMATIC-MAX-A12-container-1-768x432.png 768w, https:\/\/www.polarmatic.com\/wp-content\/uploads\/2023\/03\/TURBOMATIC-MAX-A12-container-1-1536x864.png 1536w\" sizes=\"auto, (max-width: 1920px) 100vw, 1920px\" \/>\t\t\t\t\t\t\n\t\t\t\t\t<\/div>\n\t\t\t\t\t\t\t\t\n<style>\n#image_1190776704 {\n  width: 100%;\n}\n<\/style>\n\t<\/div>\n\t\n\n\n\t\t<\/div>\n\t\t\t\t\t<\/div>\n\n\t\n\n\t<div id=\"col-1845483734\" class=\"col medium-8 small-12 large-8\"  >\n\t\t\t\t<div class=\"col-inner\"  >\n\t\t\t\n\t\t\t\n\n\t<div id=\"text-126756793\" class=\"text\">\n\t\t\n\n<h2><span lang=\"FR\">maxTURBOMATIC Unit\u00e9 d\u2019\u00e9nergie thermique<\/span><\/h2>\n<p><span lang=\"FR\">Solution de chauffage pour la production de b\u00e9ton \u00e0 grande \u00e9chelle et pour les applications o\u00f9 la cure est appliqu\u00e9e en plus de la production de b\u00e9ton chaud.<\/span><\/p>\n\t\t\n<style>\n#text-126756793 {\n  line-height: 1.5;\n}\n<\/style>\n\t<\/div>\n\t\n<a href=\"https:\/\/www.polarmatic.com\/fr\/?page_id=9707&#038;preview=true\" class=\"button primary lowercase\" >\n\t\t<span>En savoir plus<\/span>\n\t<\/a>\n\n\n\n\t\t<\/div>\n\t\t\t\t\t<\/div>\n\n\t\n\n\n<style>\n#row-1673614274 > .col > .col-inner {\n  padding: 30px 0px 0px 0px;\n}\n<\/style>\n<\/div>\n\n","protected":false},"excerpt":{"rendered":"","protected":false},"author":5,"featured_media":0,"parent":9835,"menu_order":2,"comment_status":"closed","ping_status":"closed","template":"","meta":{"_acf_changed":false,"footnotes":""},"class_list":["post-9847","page","type-page","status-publish","hentry"],"acf":[],"_links":{"self":[{"href":"https:\/\/www.polarmatic.com\/fr\/wp-json\/wp\/v2\/pages\/9847","targetHints":{"allow":["GET"]}}],"collection":[{"href":"https:\/\/www.polarmatic.com\/fr\/wp-json\/wp\/v2\/pages"}],"about":[{"href":"https:\/\/www.polarmatic.com\/fr\/wp-json\/wp\/v2\/types\/page"}],"author":[{"embeddable":true,"href":"https:\/\/www.polarmatic.com\/fr\/wp-json\/wp\/v2\/users\/5"}],"replies":[{"embeddable":true,"href":"https:\/\/www.polarmatic.com\/fr\/wp-json\/wp\/v2\/comments?post=9847"}],"version-history":[{"count":4,"href":"https:\/\/www.polarmatic.com\/fr\/wp-json\/wp\/v2\/pages\/9847\/revisions"}],"predecessor-version":[{"id":10149,"href":"https:\/\/www.polarmatic.com\/fr\/wp-json\/wp\/v2\/pages\/9847\/revisions\/10149"}],"up":[{"embeddable":true,"href":"https:\/\/www.polarmatic.com\/fr\/wp-json\/wp\/v2\/pages\/9835"}],"wp:attachment":[{"href":"https:\/\/www.polarmatic.com\/fr\/wp-json\/wp\/v2\/media?parent=9847"}],"curies":[{"name":"wp","href":"https:\/\/api.w.org\/{rel}","templated":true}]}}