{"id":9867,"date":"2023-02-20T12:21:19","date_gmt":"2023-02-20T10:21:19","guid":{"rendered":"https:\/\/www.polarmatic.com\/?page_id=9867"},"modified":"2024-04-22T10:12:05","modified_gmt":"2024-04-22T07:12:05","slug":"curematic-avec-cure-a-la-vapeur","status":"publish","type":"page","link":"https:\/\/www.polarmatic.com\/fr\/solutions\/solutions-de-cure-curematic\/curematic-avec-cure-a-la-vapeur\/","title":{"rendered":"CUREMATIC avec cure \u00e0 la vapeur"},"content":{"rendered":"\n<div class=\"row\"  id=\"row-710592888\">\n\n\n\t<div id=\"col-499255702\" class=\"col small-12 large-12\"  >\n\t\t\t\t<div class=\"col-inner\"  >\n\t\t\t\n\t\t\t\n\n\t\t<div class=\"pm-breadcrumbs\">\n\t\t\t\t\n\n<span><span><a href=\"https:\/\/www.polarmatic.com\/fr\/\">Home<\/a><\/span><\/span>\n\t\t<\/div>\n\t\n\n\t\t<\/div>\n\t\t\t\t\t<\/div>\n\n\t\n\n<\/div>\n<div class=\"row\"  id=\"row-1049991226\">\n\n\n\t<div id=\"col-103972154\" class=\"col medium-6 small-12 large-6\"  >\n\t\t\t\t<div class=\"col-inner\"  >\n\t\t\t\n\t\t\t\n\n\t<div id=\"text-2813497892\" class=\"text\">\n\t\t\n\n<h1>CUREMATIC avec cure \u00e0 la vapeur<\/h1>\n<p>La vapeur \u00e0 haute pression provenant du g\u00e9n\u00e9rateur de vapeur est envoy\u00e9e vers les tubes de rayonnement\/convection, apr\u00e8s quoi le condensat est renvoy\u00e9 au g\u00e9n\u00e9rateur de vapeur, cr\u00e9ant ainsi un syst\u00e8me en boucle ferm\u00e9e.<\/p>\n<h2><span style=\"font-size: 80%; color: #3a5dae;\">Produits de b\u00e9ton pr\u00e9fabriqu\u00e9 applicables<\/span><\/h2>\n<p>Convient particuli\u00e8rement aux lignes de rotation o\u00f9 la cure de grandes quantit\u00e9s du m\u00eame type de produits de b\u00e9ton a lieu 24\/7, g\u00e9n\u00e9ralement des \u00e9l\u00e9ments de tunnel et des traverses de chemin de fer.<\/p>\n<h2><span style=\"font-size: 80%; color: #3a5dae;\">Offre de Polarmatic<\/span><\/h2>\n<p>Services d\u2019ing\u00e9nierie de base et d\u00e9taill\u00e9e, s\u00e9lection du syst\u00e8me et des composants de chauffage, installation, supervision et mise en service.\u00a0<\/p>\n<p>\u00a0<\/p>\n\t\t\n<style>\n#text-2813497892 {\n  line-height: 1.5;\n}\n<\/style>\n\t<\/div>\n\t\n\n\t\t<\/div>\n\t\t\t\t\t<\/div>\n\n\t\n\n\t<div id=\"col-123790465\" class=\"col medium-6 small-12 large-6\"  >\n\t\t\t\t<div class=\"col-inner\"  >\n\t\t\t\n\t\t\t\n\n\n  \n    <div id=\"gallery-499210131\" class=\"slider slider-auto-height row-collapse slider-nav-circle\" data-flickity-options='{&quot;imagesLoaded&quot;: true, &quot;dragThreshold&quot; : 5, &quot;cellAlign&quot;: &quot;left&quot;,&quot;wrapAround&quot;: true,&quot;prevNextButtons&quot;: true,&quot;percentPosition&quot;: true,&quot;pageDots&quot;: true, &quot;rightToLeft&quot;: false, &quot;autoPlay&quot; : 6000}'>\n\n  <div class=\"gallery-col col\" >\n          <div class=\"col-inner\">\n            <a class=\"image-lightbox lightbox-gallery\" href=\"https:\/\/www.polarmatic.com\/wp-content\/uploads\/2023\/03\/TURBOMATIC-Warm-Water-Unit-C6.png\" title=\"TURBOMATIC Unit\u00e9 d\u2019eau chaude\">            <div class=\"box has-hover gallery-box box-normal\">\n              <div class=\"box-image\" >\n                <img loading=\"lazy\" decoding=\"async\" width=\"1920\" height=\"1080\" src=\"https:\/\/www.polarmatic.com\/wp-content\/uploads\/2023\/03\/TURBOMATIC-Warm-Water-Unit-C6.png\" class=\"attachment-2048x2048 size-2048x2048\" alt=\"\" ids=\"3630\" style=\"normal\" lightbox_image_size=\"2048x2048\" type=\"slider-full\" slider_nav_style=\"circle\" slider_bullets=\"true\" auto_slide=\"6000\" image_size=\"2048x2048\" text_align=\"right\" srcset=\"https:\/\/www.polarmatic.com\/wp-content\/uploads\/2023\/03\/TURBOMATIC-Warm-Water-Unit-C6.png 1920w, https:\/\/www.polarmatic.com\/wp-content\/uploads\/2023\/03\/TURBOMATIC-Warm-Water-Unit-C6-300x169.png 300w, https:\/\/www.polarmatic.com\/wp-content\/uploads\/2023\/03\/TURBOMATIC-Warm-Water-Unit-C6-1024x576.png 1024w, https:\/\/www.polarmatic.com\/wp-content\/uploads\/2023\/03\/TURBOMATIC-Warm-Water-Unit-C6-768x432.png 768w, https:\/\/www.polarmatic.com\/wp-content\/uploads\/2023\/03\/TURBOMATIC-Warm-Water-Unit-C6-1536x864.png 1536w\" sizes=\"auto, (max-width: 1920px) 100vw, 1920px\" \/>                                                              <\/div>\n              <div class=\"box-text text-right\" >\n                 <p>TURBOMATIC Unit\u00e9 d\u2019eau chaude<\/p>\n              <\/div>\n            <\/div>\n            <\/a>          <\/div>\n         <\/div><\/div>\n\n\n\t\t<\/div>\n\t\t\t\t\t<\/div>\n\n\t\n\n<\/div>\n\n","protected":false},"excerpt":{"rendered":"","protected":false},"author":5,"featured_media":0,"parent":9835,"menu_order":4,"comment_status":"closed","ping_status":"closed","template":"","meta":{"_acf_changed":false,"footnotes":""},"class_list":["post-9867","page","type-page","status-publish","hentry"],"acf":[],"_links":{"self":[{"href":"https:\/\/www.polarmatic.com\/fr\/wp-json\/wp\/v2\/pages\/9867","targetHints":{"allow":["GET"]}}],"collection":[{"href":"https:\/\/www.polarmatic.com\/fr\/wp-json\/wp\/v2\/pages"}],"about":[{"href":"https:\/\/www.polarmatic.com\/fr\/wp-json\/wp\/v2\/types\/page"}],"author":[{"embeddable":true,"href":"https:\/\/www.polarmatic.com\/fr\/wp-json\/wp\/v2\/users\/5"}],"replies":[{"embeddable":true,"href":"https:\/\/www.polarmatic.com\/fr\/wp-json\/wp\/v2\/comments?post=9867"}],"version-history":[{"count":2,"href":"https:\/\/www.polarmatic.com\/fr\/wp-json\/wp\/v2\/pages\/9867\/revisions"}],"predecessor-version":[{"id":9871,"href":"https:\/\/www.polarmatic.com\/fr\/wp-json\/wp\/v2\/pages\/9867\/revisions\/9871"}],"up":[{"embeddable":true,"href":"https:\/\/www.polarmatic.com\/fr\/wp-json\/wp\/v2\/pages\/9835"}],"wp:attachment":[{"href":"https:\/\/www.polarmatic.com\/fr\/wp-json\/wp\/v2\/media?parent=9867"}],"curies":[{"name":"wp","href":"https:\/\/api.w.org\/{rel}","templated":true}]}}