{"id":9873,"date":"2023-02-20T12:23:23","date_gmt":"2023-02-20T10:23:23","guid":{"rendered":"https:\/\/www.polarmatic.com\/?page_id=9873"},"modified":"2024-04-22T10:15:30","modified_gmt":"2024-04-22T07:15:30","slug":"solutions-dinformation","status":"publish","type":"page","link":"https:\/\/www.polarmatic.com\/fr\/solutions\/solutions-dinformation\/","title":{"rendered":"Solutions d&rsquo;INFORMATION"},"content":{"rendered":"\n<div class=\"row\"  id=\"row-559928256\">\n\n\n\t<div id=\"col-2075010025\" class=\"col small-12 large-12\"  >\n\t\t\t\t<div class=\"col-inner\"  >\n\t\t\t\n\t\t\t\n\n\t\t<div class=\"pm-breadcrumbs\">\n\t\t\t\t\n\n<span><span><a href=\"https:\/\/www.polarmatic.com\/fr\/\">Home<\/a><\/span><\/span>\n\t\t<\/div>\n\t\n\n\t\t<\/div>\n\t\t\t\t\t<\/div>\n\n\t\n\n<\/div>\n<div class=\"row\"  id=\"row-1437790371\">\n\n\n\t<div id=\"col-1142452269\" class=\"col small-12 large-12\"  >\n\t\t\t\t<div class=\"col-inner text-center dark\" style=\"background-color:#82ab4e;\" >\n\t\t\t\n\t\t\t\n\n\t<div id=\"text-2196133284\" class=\"text\">\n\t\t\n\n<h1><span lang=\"FR\">Solutions d&rsquo;INFORMATION<\/span><\/h1>\n<p><span lang=\"FR\" style=\"font-size: 130%;\">Am\u00e9lioration des performances gr\u00e2ce \u00e0 la connaissance des processus.<\/span><\/p>\n\t\t\n<style>\n#text-2196133284 {\n  line-height: 1.5;\n}\n<\/style>\n\t<\/div>\n\t\n\n\t\t<\/div>\n\t\t\t\t\n<style>\n#col-1142452269 > .col-inner {\n  padding: 70px 30px 70px 30px;\n}\n<\/style>\n\t<\/div>\n\n\t\n\n<\/div>\n\t<div class=\"img has-hover x md-x lg-x y md-y lg-y\" id=\"image_819800014\">\n\t\t\t\t\t\t\t\t<div class=\"img-inner image-cover dark\" style=\"padding-top:600px;\">\n\t\t\t<img loading=\"lazy\" decoding=\"async\" width=\"2048\" height=\"1182\" src=\"https:\/\/www.polarmatic.com\/wp-content\/uploads\/2023\/03\/iStock-1204732594-Information-Solutions-Header-Image-2048x1182.jpg\" class=\"attachment-2048x2048 size-2048x2048\" alt=\"Information Solutions\" srcset=\"https:\/\/www.polarmatic.com\/wp-content\/uploads\/2023\/03\/iStock-1204732594-Information-Solutions-Header-Image-2048x1182.jpg 2048w, https:\/\/www.polarmatic.com\/wp-content\/uploads\/2023\/03\/iStock-1204732594-Information-Solutions-Header-Image-300x173.jpg 300w, https:\/\/www.polarmatic.com\/wp-content\/uploads\/2023\/03\/iStock-1204732594-Information-Solutions-Header-Image-1024x591.jpg 1024w, https:\/\/www.polarmatic.com\/wp-content\/uploads\/2023\/03\/iStock-1204732594-Information-Solutions-Header-Image-768x443.jpg 768w, https:\/\/www.polarmatic.com\/wp-content\/uploads\/2023\/03\/iStock-1204732594-Information-Solutions-Header-Image-1536x886.jpg 1536w\" sizes=\"auto, (max-width: 2048px) 100vw, 2048px\" \/>\t\t\t\t\t\t\n\t\t\t\t\t<\/div>\n\t\t\t\t\t\t\t\t\n<style>\n#image_819800014 {\n  width: 100%;\n}\n<\/style>\n\t<\/div>\n\t\n\n<div class=\"row align-center\"  id=\"row-1133815179\">\n\n\n\t<div id=\"col-731236083\" class=\"col medium-8 small-12 large-8\"  >\n\t\t\t\t<div class=\"col-inner text-center\"  >\n\t\t\t\n\t\t\t\n\n\t<div id=\"text-2149898982\" class=\"text\">\n\t\t\n\n<h2>Am\u00e9liorez votre processus de production de b\u00e9ton<\/h2>\n<p>La connaissance des processus vous donne le pouvoir de contr\u00f4ler et de g\u00e9rer efficacement votre processus de production de b\u00e9ton. Les solutions d&rsquo;information Polarmatic vous fournissent des donn\u00e9es de votre processus en temps r\u00e9el pour vous donner tout ce dont vous avez besoin pour optimiser votre processus de production de b\u00e9ton \u2013 \u00e0 tout moment.<\/p>\n\t\t\n<style>\n#text-2149898982 {\n  line-height: 1.5;\n  text-align: center;\n}\n<\/style>\n\t<\/div>\n\t\n\n\t\t<\/div>\n\t\t\t\t\t<\/div>\n\n\t\n\n\n<style>\n#row-1133815179 > .col > .col-inner {\n  padding: 30px 0px 0px 0px;\n}\n<\/style>\n<\/div>\n<div class=\"is-divider divider clearfix\" style=\"max-width:100%;height:1px;\"><\/div>\n\n<div class=\"row align-middle\"  id=\"row-961218055\">\n\n\n\t<div id=\"col-72037582\" class=\"col medium-6 small-12 large-6\"  >\n\t\t\t\t<div class=\"col-inner\"  >\n\t\t\t\n\t\t\t\n\n\t<div class=\"img has-hover x md-x lg-x y md-y lg-y\" id=\"image_793620010\">\n\t\t\t\t\t\t\t\t<div class=\"img-inner image-cover dark\" style=\"padding-top:56.25%;\">\n\t\t\t<img loading=\"lazy\" decoding=\"async\" width=\"2048\" height=\"1365\" src=\"https:\/\/www.polarmatic.com\/wp-content\/uploads\/2023\/03\/iStock-490045280-Information-Solutions-Image-for-Polarmoist-2048x1365.jpg\" class=\"attachment-2048x2048 size-2048x2048\" alt=\"Polarmoist Moisture Measurement Sensor - Unique Usability for both fine and coarse aggregates\" srcset=\"https:\/\/www.polarmatic.com\/wp-content\/uploads\/2023\/03\/iStock-490045280-Information-Solutions-Image-for-Polarmoist-2048x1365.jpg 2048w, https:\/\/www.polarmatic.com\/wp-content\/uploads\/2023\/03\/iStock-490045280-Information-Solutions-Image-for-Polarmoist-300x200.jpg 300w, https:\/\/www.polarmatic.com\/wp-content\/uploads\/2023\/03\/iStock-490045280-Information-Solutions-Image-for-Polarmoist-1024x683.jpg 1024w, https:\/\/www.polarmatic.com\/wp-content\/uploads\/2023\/03\/iStock-490045280-Information-Solutions-Image-for-Polarmoist-768x512.jpg 768w, https:\/\/www.polarmatic.com\/wp-content\/uploads\/2023\/03\/iStock-490045280-Information-Solutions-Image-for-Polarmoist-1536x1024.jpg 1536w\" sizes=\"auto, (max-width: 2048px) 100vw, 2048px\" \/>\t\t\t\t\t\t\n\t\t\t\t\t<\/div>\n\t\t\t\t\t\t\t\t\n<style>\n#image_793620010 {\n  width: 80%;\n}\n<\/style>\n\t<\/div>\n\t\n\n\n\t\t<\/div>\n\t\t\t\t\t<\/div>\n\n\t\n\n\t<div id=\"col-1227341662\" class=\"col medium-6 small-12 large-6\"  >\n\t\t\t\t<div class=\"col-inner\"  >\n\t\t\t\n\t\t\t\n\n\t<div id=\"text-391762703\" class=\"text\">\n\t\t\n\n<h2><span lang=\"FR\">POLARMOIST<\/span><\/h2>\n<p><span lang=\"FR\">Capteur de mesure d&rsquo;humidit\u00e9 pr\u00e9cis et exact pour granulats de b\u00e9ton fins et grossiers.<\/span><\/p>\n<p>\u00a0<\/p>\n\t\t\n<style>\n#text-391762703 {\n  line-height: 1.5;\n}\n<\/style>\n\t<\/div>\n\t\n<a href=\"https:\/\/www.polarmatic.com\/fr\/?page_id=8795&#038;preview=true\" class=\"button primary lowercase\" >\n\t\t<span>En savoir plus<\/span>\n\t<\/a>\n\n\n\n\t\t<\/div>\n\t\t\t\t\t<\/div>\n\n\t\n\n\n<style>\n#row-961218055 > .col > .col-inner {\n  padding: 30px 0px 0px 0px;\n}\n<\/style>\n<\/div>\n<div class=\"is-divider divider clearfix\" style=\"max-width:100%;height:1px;\"><\/div>\n\n<div class=\"row align-middle\"  id=\"row-1911252978\">\n\n\n\t<div id=\"col-2125459134\" class=\"col medium-6 small-12 large-6\"  >\n\t\t\t\t<div class=\"col-inner\"  >\n\t\t\t\n\t\t\t\n\n\t<div id=\"text-1345959671\" class=\"text\">\n\t\t\n\n<h2><span lang=\"FR\">TEMPMATIC<\/span><\/h2>\n<p><span lang=\"FR\">Syst\u00e8mes de mesure de la temp\u00e9rature uniques servant \u00e0 mesurer la temp\u00e9rature des granulats, du b\u00e9ton et des produits de b\u00e9ton.<\/span><\/p>\n<p>\u00a0<\/p>\n\t\t\n<style>\n#text-1345959671 {\n  line-height: 1.5;\n}\n<\/style>\n\t<\/div>\n\t\n<a href=\"https:\/\/www.polarmatic.com\/fr\/?page_id=9879&#038;preview=true\" class=\"button primary lowercase\" >\n\t\t<span>En savoir plus<\/span>\n\t<\/a>\n\n\n\n\t\t<\/div>\n\t\t\t\t\t<\/div>\n\n\t\n\n\t<div id=\"col-1559760166\" class=\"col medium-6 small-12 large-6 small-col-first\"  >\n\t\t\t\t<div class=\"col-inner\"  >\n\t\t\t\n\t\t\t\n\n\t<div class=\"img has-hover x md-x lg-x y md-y lg-y\" id=\"image_443857342\">\n\t\t\t\t\t\t\t\t<div class=\"img-inner image-cover dark\" style=\"padding-top:56.25%;\">\n\t\t\t<img loading=\"lazy\" decoding=\"async\" width=\"2048\" height=\"1365\" src=\"https:\/\/www.polarmatic.com\/wp-content\/uploads\/2023\/03\/iStock-1196104239-Information-Solutions-Image-for-Tempmatic-2048x1365.jpg\" class=\"attachment-2048x2048 size-2048x2048\" alt=\"TEMPMATIC temperature measurement solutions for concrete mixers\" srcset=\"https:\/\/www.polarmatic.com\/wp-content\/uploads\/2023\/03\/iStock-1196104239-Information-Solutions-Image-for-Tempmatic-2048x1365.jpg 2048w, https:\/\/www.polarmatic.com\/wp-content\/uploads\/2023\/03\/iStock-1196104239-Information-Solutions-Image-for-Tempmatic-300x200.jpg 300w, https:\/\/www.polarmatic.com\/wp-content\/uploads\/2023\/03\/iStock-1196104239-Information-Solutions-Image-for-Tempmatic-1024x683.jpg 1024w, https:\/\/www.polarmatic.com\/wp-content\/uploads\/2023\/03\/iStock-1196104239-Information-Solutions-Image-for-Tempmatic-768x512.jpg 768w, https:\/\/www.polarmatic.com\/wp-content\/uploads\/2023\/03\/iStock-1196104239-Information-Solutions-Image-for-Tempmatic-1536x1024.jpg 1536w\" sizes=\"auto, (max-width: 2048px) 100vw, 2048px\" \/>\t\t\t\t\t\t\n\t\t\t\t\t<\/div>\n\t\t\t\t\t\t\t\t\n<style>\n#image_443857342 {\n  width: 80%;\n}\n<\/style>\n\t<\/div>\n\t\n\n\n\t\t<\/div>\n\t\t\t\t\t<\/div>\n\n\t\n\n\n<style>\n#row-1911252978 > .col > .col-inner {\n  padding: 30px 0px 0px 0px;\n}\n<\/style>\n<\/div>\n<div class=\"is-divider divider clearfix\" style=\"max-width:100%;height:1px;\"><\/div>\n\n<div class=\"row align-middle\"  id=\"row-1201785660\">\n\n\n\t<div id=\"col-1479570462\" class=\"col medium-6 small-12 large-6\"  >\n\t\t\t\t<div class=\"col-inner\"  >\n\t\t\t\n\t\t\t\n\n\t<div class=\"img has-hover x md-x lg-x y md-y lg-y\" id=\"image_43296112\">\n\t\t\t\t\t\t\t\t<div class=\"img-inner image-cover dark\" style=\"padding-top:56.25%;\">\n\t\t\t<img loading=\"lazy\" decoding=\"async\" width=\"2048\" height=\"1152\" src=\"https:\/\/www.polarmatic.com\/wp-content\/uploads\/2023\/03\/iStock-1355657113-Information-Solutions-Image-for-Polarama-2048x1152.jpg\" class=\"attachment-2048x2048 size-2048x2048\" alt=\"POLARAMA surveillance system for concrete batching plants\" srcset=\"https:\/\/www.polarmatic.com\/wp-content\/uploads\/2023\/03\/iStock-1355657113-Information-Solutions-Image-for-Polarama-2048x1152.jpg 2048w, https:\/\/www.polarmatic.com\/wp-content\/uploads\/2023\/03\/iStock-1355657113-Information-Solutions-Image-for-Polarama-300x169.jpg 300w, https:\/\/www.polarmatic.com\/wp-content\/uploads\/2023\/03\/iStock-1355657113-Information-Solutions-Image-for-Polarama-1024x576.jpg 1024w, https:\/\/www.polarmatic.com\/wp-content\/uploads\/2023\/03\/iStock-1355657113-Information-Solutions-Image-for-Polarama-768x432.jpg 768w, https:\/\/www.polarmatic.com\/wp-content\/uploads\/2023\/03\/iStock-1355657113-Information-Solutions-Image-for-Polarama-1536x864.jpg 1536w\" sizes=\"auto, (max-width: 2048px) 100vw, 2048px\" \/>\t\t\t\t\t\t\n\t\t\t\t\t<\/div>\n\t\t\t\t\t\t\t\t\n<style>\n#image_43296112 {\n  width: 80%;\n}\n<\/style>\n\t<\/div>\n\t\n\n\n\t\t<\/div>\n\t\t\t\t\t<\/div>\n\n\t\n\n\t<div id=\"col-1661707914\" class=\"col medium-6 small-12 large-6\"  >\n\t\t\t\t<div class=\"col-inner\"  >\n\t\t\t\n\t\t\t\n\n\t<div id=\"text-1571589500\" class=\"text\">\n\t\t\n\n<h2>POLARAMA<\/h2>\n<p>Syst\u00e8me de vid\u00e9osurveillance pour centrales \u00e0 b\u00e9ton offrant une qualit\u00e9 vid\u00e9o sup\u00e9rieure.<\/p>\n\t\t\n<style>\n#text-1571589500 {\n  line-height: 1.5;\n}\n<\/style>\n\t<\/div>\n\t\n<a href=\"https:\/\/www.polarmatic.com\/fr\/?page_id=9885&#038;preview=true\" class=\"button primary lowercase\" >\n\t\t<span>En savoir plus<\/span>\n\t<\/a>\n\n\n\n\t\t<\/div>\n\t\t\t\t\t<\/div>\n\n\t\n\n\n<style>\n#row-1201785660 > .col > .col-inner {\n  padding: 30px 0px 0px 0px;\n}\n<\/style>\n<\/div>\n\n","protected":false},"excerpt":{"rendered":"","protected":false},"author":5,"featured_media":0,"parent":8861,"menu_order":4,"comment_status":"closed","ping_status":"closed","template":"","meta":{"_acf_changed":false,"footnotes":""},"class_list":["post-9873","page","type-page","status-publish","hentry"],"acf":[],"_links":{"self":[{"href":"https:\/\/www.polarmatic.com\/fr\/wp-json\/wp\/v2\/pages\/9873","targetHints":{"allow":["GET"]}}],"collection":[{"href":"https:\/\/www.polarmatic.com\/fr\/wp-json\/wp\/v2\/pages"}],"about":[{"href":"https:\/\/www.polarmatic.com\/fr\/wp-json\/wp\/v2\/types\/page"}],"author":[{"embeddable":true,"href":"https:\/\/www.polarmatic.com\/fr\/wp-json\/wp\/v2\/users\/5"}],"replies":[{"embeddable":true,"href":"https:\/\/www.polarmatic.com\/fr\/wp-json\/wp\/v2\/comments?post=9873"}],"version-history":[{"count":3,"href":"https:\/\/www.polarmatic.com\/fr\/wp-json\/wp\/v2\/pages\/9873\/revisions"}],"predecessor-version":[{"id":10153,"href":"https:\/\/www.polarmatic.com\/fr\/wp-json\/wp\/v2\/pages\/9873\/revisions\/10153"}],"up":[{"embeddable":true,"href":"https:\/\/www.polarmatic.com\/fr\/wp-json\/wp\/v2\/pages\/8861"}],"wp:attachment":[{"href":"https:\/\/www.polarmatic.com\/fr\/wp-json\/wp\/v2\/media?parent=9873"}],"curies":[{"name":"wp","href":"https:\/\/api.w.org\/{rel}","templated":true}]}}