{"id":9891,"date":"2023-02-21T13:54:58","date_gmt":"2023-02-21T11:54:58","guid":{"rendered":"https:\/\/www.polarmatic.com\/?page_id=9891"},"modified":"2024-04-22T09:50:18","modified_gmt":"2024-04-22T06:50:18","slug":"service","status":"publish","type":"page","link":"https:\/\/www.polarmatic.com\/fr\/service\/","title":{"rendered":"Service"},"content":{"rendered":"\n<div class=\"row\"  id=\"row-215106669\">\n\n\n\t<div id=\"col-593850737\" class=\"col small-12 large-12\"  >\n\t\t\t\t<div class=\"col-inner\"  >\n\t\t\t\n\t\t\t\n\n\t\t<div class=\"pm-breadcrumbs\">\n\t\t\t\t\n\n<span><span><a href=\"https:\/\/www.polarmatic.com\/fr\/\">Home<\/a><\/span><\/span>\n\t\t<\/div>\n\t\n\n\t\t<\/div>\n\t\t\t\t\t<\/div>\n\n\t\n\n<\/div>\n<div class=\"row\"  id=\"row-2138139333\">\n\n\n\t<div id=\"col-1453749083\" class=\"col small-12 large-12\"  >\n\t\t\t\t<div class=\"col-inner text-center dark\" style=\"background-color:#82ab4e;\" >\n\t\t\t\n\t\t\t\n\n\t<div id=\"text-4185380818\" class=\"text\">\n\t\t\n\n<h1><span lang=\"FR\">Service apr\u00e8s-vente<\/span><\/h1>\n<p><span lang=\"FR\" style=\"font-size: 120%;\">La maintenance pr\u00e9ventive annuelle et les pi\u00e8ces de rechange d&rsquo;origine garantissent un fonctionnement sans faille de tous les syst\u00e8mes Polarmatic.<\/span><\/p>\n\t\t\n<style>\n#text-4185380818 {\n  line-height: 1.5;\n}\n<\/style>\n\t<\/div>\n\t\n\n\t\t<\/div>\n\t\t\t\t\n<style>\n#col-1453749083 > .col-inner {\n  padding: 75px 200px 75px 200px;\n}\n<\/style>\n\t<\/div>\n\n\t\n\n<\/div>\n\t<div class=\"img has-hover x md-x lg-x y md-y lg-y\" id=\"image_508167694\">\n\t\t\t\t\t\t\t\t<div class=\"img-inner image-cover dark\" style=\"padding-top:600px;\">\n\t\t\t<img loading=\"lazy\" decoding=\"async\" width=\"2048\" height=\"1244\" src=\"https:\/\/www.polarmatic.com\/wp-content\/uploads\/2023\/03\/Service-Solutions-Level-1-2048x1244.jpg\" class=\"attachment-2048x2048 size-2048x2048\" alt=\"Polarmatic Annual Maintenance\" srcset=\"https:\/\/www.polarmatic.com\/wp-content\/uploads\/2023\/03\/Service-Solutions-Level-1-2048x1244.jpg 2048w, https:\/\/www.polarmatic.com\/wp-content\/uploads\/2023\/03\/Service-Solutions-Level-1-300x182.jpg 300w, https:\/\/www.polarmatic.com\/wp-content\/uploads\/2023\/03\/Service-Solutions-Level-1-1024x622.jpg 1024w, https:\/\/www.polarmatic.com\/wp-content\/uploads\/2023\/03\/Service-Solutions-Level-1-768x466.jpg 768w, https:\/\/www.polarmatic.com\/wp-content\/uploads\/2023\/03\/Service-Solutions-Level-1-1536x933.jpg 1536w\" sizes=\"auto, (max-width: 2048px) 100vw, 2048px\" \/>\t\t\t\t\t\t\n\t\t\t\t\t<\/div>\n\t\t\t\t\t\t\t\t\n<style>\n#image_508167694 {\n  width: 100%;\n}\n<\/style>\n\t<\/div>\n\t\n\n<div class=\"row align-center\"  id=\"row-1287993236\">\n\n\n\t<div id=\"col-1489752706\" class=\"col medium-10 small-12 large-10\"  >\n\t\t\t\t<div class=\"col-inner text-center\"  >\n\t\t\t\n\t\t\t\n\n\t<div id=\"text-2274789075\" class=\"text\">\n\t\t\n\n<h2>\u00c0 votre service<\/h2>\n<p>Polarmatic propose un ensemble de services pour tous ses produits ainsi que des servies de consultation professionnels et des conseils pour trouver la solution optimale pour chaque usine de production de b\u00e9ton.<\/p>\n<p>Nous fournissons les installations cl\u00e9s en main et la mise en service pour les \u00e9quipements que nous livrons. Chaque syst\u00e8me est test\u00e9 dans notre usine de Tampere, Finlande, avant d\u2019\u00eatre exp\u00e9di\u00e9, tous les \u00e9quipements de s\u00e9curit\u00e9 sont contr\u00f4l\u00e9s et le r\u00e9glage des unit\u00e9s de contr\u00f4le est effectu\u00e9.<\/p>\n<p>Le d\u00e9marrage et la mise en service des syst\u00e8mes Polarmatic sont toujours effectu\u00e9s par le personnel Polarmatic ou par nos partenaires de service certifi\u00e9s et form\u00e9s. Pendant le d\u00e9marrage et la mise en service, les unit\u00e9s de commande des syst\u00e8mes sont ajust\u00e9es avec pr\u00e9cision pour les conditions r\u00e9elles du site. La formation du personnel d\u2019exploitation sera effectu\u00e9e dans notre usine ou \u00e0 l\u2019usine de production de b\u00e9ton lors du d\u00e9marrage et de la mise en service.<\/p>\n\t\t\n<style>\n#text-2274789075 {\n  line-height: 1.5;\n  text-align: center;\n}\n<\/style>\n\t<\/div>\n\t\n\n\t\t<\/div>\n\t\t\t\t\n<style>\n#col-1489752706 > .col-inner {\n  margin: 30px 0px 0px 0px;\n}\n<\/style>\n\t<\/div>\n\n\t\n\n\n<style>\n#row-1287993236 > .col > .col-inner {\n  padding: 30px 0px 0px 0px;\n}\n<\/style>\n<\/div>\n<div class=\"is-divider divider clearfix\" style=\"max-width:100%;height:1px;\"><\/div>\n\n<div class=\"row align-middle\"  id=\"row-887988681\">\n\n\n\t<div id=\"col-435349985\" class=\"col medium-6 small-12 large-6\"  >\n\t\t\t\t<div class=\"col-inner\"  >\n\t\t\t\n\t\t\t\n\n\t<div id=\"text-3520573386\" class=\"text\">\n\t\t\n\n<h2><span lang=\"FR\">Contrats de service<\/span><\/h2>\n<p><span lang=\"FR\">Polarmatic propose des contrats de maintenance qui sont personnalisables pour r\u00e9pondre aux besoins sp\u00e9cifiques des clients. Si vous souhaitez recevoir une proposition de services de maintenance, veuillez contacter notre \u00e9quipe commerciale pour plus d&rsquo;informations.<\/span><\/p>\n\t\t\n<style>\n#text-3520573386 {\n  line-height: 1.5;\n}\n<\/style>\n\t<\/div>\n\t\n<a href=\"https:\/\/www.polarmatic.com\/fr\/?page_id=8811&#038;preview=true\" class=\"button primary lowercase\" >\n\t\t<span>Contactez le service commercial<\/span>\n\t<\/a>\n\n\n\n\t\t<\/div>\n\t\t\t\t\t<\/div>\n\n\t\n\n\t<div id=\"col-439682292\" class=\"col medium-6 small-12 large-6 small-col-first\"  >\n\t\t\t\t<div class=\"col-inner text-right\"  >\n\t\t\t\n\t\t\t\n\n\t<div class=\"img has-hover x md-x lg-x y md-y lg-y\" id=\"image_88754628\">\n\t\t\t\t\t\t\t\t<div class=\"img-inner image-cover dark\" style=\"padding-top:56.25%;\">\n\t\t\t<img loading=\"lazy\" decoding=\"async\" width=\"2048\" height=\"951\" src=\"https:\/\/www.polarmatic.com\/wp-content\/uploads\/2023\/03\/iStock-1096393188-Service-Solutions-Image-for-Maintenance-Contract-2048x951.jpg\" class=\"attachment-2048x2048 size-2048x2048\" alt=\"Polarmatic Service Contracts for annual maintenance\" srcset=\"https:\/\/www.polarmatic.com\/wp-content\/uploads\/2023\/03\/iStock-1096393188-Service-Solutions-Image-for-Maintenance-Contract-2048x951.jpg 2048w, https:\/\/www.polarmatic.com\/wp-content\/uploads\/2023\/03\/iStock-1096393188-Service-Solutions-Image-for-Maintenance-Contract-300x139.jpg 300w, https:\/\/www.polarmatic.com\/wp-content\/uploads\/2023\/03\/iStock-1096393188-Service-Solutions-Image-for-Maintenance-Contract-1024x476.jpg 1024w, https:\/\/www.polarmatic.com\/wp-content\/uploads\/2023\/03\/iStock-1096393188-Service-Solutions-Image-for-Maintenance-Contract-768x357.jpg 768w, https:\/\/www.polarmatic.com\/wp-content\/uploads\/2023\/03\/iStock-1096393188-Service-Solutions-Image-for-Maintenance-Contract-1536x714.jpg 1536w\" sizes=\"auto, (max-width: 2048px) 100vw, 2048px\" \/>\t\t\t\t\t\t\n\t\t\t\t\t<\/div>\n\t\t\t\t\t\t\t\t\n<style>\n#image_88754628 {\n  width: 80%;\n}\n<\/style>\n\t<\/div>\n\t\n\n\n\t\t<\/div>\n\t\t\t\t\t<\/div>\n\n\t\n\n\n<style>\n#row-887988681 > .col > .col-inner {\n  padding: 30px 0px 0px 0px;\n}\n<\/style>\n<\/div>\n<div class=\"is-divider divider clearfix\" style=\"max-width:100%;height:1px;\"><\/div>\n\n<div class=\"row align-middle\"  id=\"row-1242270251\">\n\n\n\t<div id=\"col-3459473\" class=\"col medium-5 small-12 large-5\"  >\n\t\t\t\t<div class=\"col-inner text-left\"  >\n\t\t\t\n\t\t\t\n\n\n  <div class=\"banner has-hover\" id=\"banner-1805650685\">\n          <div class=\"banner-inner fill\">\n        <div class=\"banner-bg fill\" >\n            <img loading=\"lazy\" decoding=\"async\" width=\"1365\" height=\"2048\" src=\"https:\/\/www.polarmatic.com\/wp-content\/uploads\/2023\/03\/10986_15-1365x2048.jpg\" class=\"bg attachment-2048x2048 size-2048x2048\" alt=\"Polarmatic Annual Maintenance\" \/>                                    \n                    <\/div>\n\t\t\n        <div class=\"banner-layers container\">\n            <div class=\"fill banner-link\"><\/div>            \n\n\n        <\/div>\n      <\/div>\n\n            \n<style>\n#banner-1805650685 {\n  padding-top: 55%;\n}\n#banner-1805650685 .banner-bg img {\n  object-position: 50% 42%;\n}\n<\/style>\n  <\/div>\n\n\n\n\t\t<\/div>\n\t\t\t\t\n<style>\n#col-3459473 > .col-inner {\n  max-width: 590px;\n}\n<\/style>\n\t<\/div>\n\n\t\n\n\t<div id=\"col-1905991883\" class=\"col medium-1 small-12 large-1\"  >\n\t\t\t\t<div class=\"col-inner\"  >\n\t\t\t\n\t\t\t\n\n\n\t\t<\/div>\n\t\t\t\t\t<\/div>\n\n\t\n\n\t<div id=\"col-1472007432\" class=\"col medium-6 small-12 large-6\"  >\n\t\t\t\t<div class=\"col-inner\"  >\n\t\t\t\n\t\t\t\n\n\t<div id=\"text-2224167406\" class=\"text\">\n\t\t\n\n<h2><span lang=\"FR\">Maintenance annuelle<\/span><\/h2>\n<p><span lang=\"FR\">Nos \u00e9quipes de terrain et partenaires exp\u00e9riment\u00e9s visitent les sites de nos clients avant la saison de chauffage pour s\u2019assurer que le syst\u00e8me de chauffage fonctionne bien lorsque cela est n\u00e9cessaire.<\/span><\/p>\n\t\t\n<style>\n#text-2224167406 {\n  line-height: 1.5;\n}\n<\/style>\n\t<\/div>\n\t\n<a href=\"https:\/\/www.polarmatic.com\/fr\/?page_id=9897&#038;preview=true\" class=\"button primary lowercase\" >\n\t\t<span>Demande de service<\/span>\n\t<\/a>\n\n\n\n\t\t<\/div>\n\t\t\t\t\n<style>\n#col-1472007432 > .col-inner {\n  padding: 0px 0px 0px 0px;\n}\n<\/style>\n\t<\/div>\n\n\t\n\n\n<style>\n#row-1242270251 > .col > .col-inner {\n  padding: 30px 0px 0px 0px;\n}\n<\/style>\n<\/div>\n<div class=\"is-divider divider clearfix\" style=\"max-width:100%;height:1px;\"><\/div>\n\n<div class=\"row align-middle\"  id=\"row-1588390274\">\n\n\n\t<div id=\"col-1247397840\" class=\"col medium-6 small-12 large-6\"  >\n\t\t\t\t<div class=\"col-inner\"  >\n\t\t\t\n\t\t\t\n\n\t<div id=\"text-3589337146\" class=\"text\">\n\t\t\n\n<h2><span lang=\"FR\">D\u00e9pannage en ligne<\/span><\/h2>\n<p><span lang=\"FR\">Si le syst\u00e8me de contr\u00f4le de votre \u00e9quipement Polarmatic est connect\u00e9 \u00e0 Internet, nos techniciens de maintenance sont en mesure de diagnostiquer rapidement l&rsquo;erreur en utilisant la connexion de surveillance \u00e0 distance.<\/span><\/p>\n\t\t\n<style>\n#text-3589337146 {\n  line-height: 1.5;\n}\n<\/style>\n\t<\/div>\n\t\n<a href=\"https:\/\/www.polarmatic.com\/fr\/?page_id=8811&#038;preview=true\" class=\"button primary lowercase\" >\n\t\t<span>Contactez service<\/span>\n\t<\/a>\n\n\n\n\t\t<\/div>\n\t\t\t\t\t<\/div>\n\n\t\n\n\t<div id=\"col-892539496\" class=\"col medium-6 small-12 large-6 small-col-first\"  >\n\t\t\t\t<div class=\"col-inner text-right\"  >\n\t\t\t\n\t\t\t\n\n\t<div class=\"img has-hover x md-x lg-x y md-y lg-y\" id=\"image_1321025145\">\n\t\t\t\t\t\t\t\t<div class=\"img-inner image-cover dark\" style=\"padding-top:56.25%;\">\n\t\t\t<img loading=\"lazy\" decoding=\"async\" width=\"2048\" height=\"1266\" src=\"https:\/\/www.polarmatic.com\/wp-content\/uploads\/2023\/03\/iStock-1419894922-Service-Solutions-Image-for-Online-Troubleshooting-2048x1266.jpg\" class=\"attachment-2048x2048 size-2048x2048\" alt=\"Electronic maintenance service, Polarmatic online trouble shooting\" srcset=\"https:\/\/www.polarmatic.com\/wp-content\/uploads\/2023\/03\/iStock-1419894922-Service-Solutions-Image-for-Online-Troubleshooting-2048x1266.jpg 2048w, https:\/\/www.polarmatic.com\/wp-content\/uploads\/2023\/03\/iStock-1419894922-Service-Solutions-Image-for-Online-Troubleshooting-300x185.jpg 300w, https:\/\/www.polarmatic.com\/wp-content\/uploads\/2023\/03\/iStock-1419894922-Service-Solutions-Image-for-Online-Troubleshooting-1024x633.jpg 1024w, https:\/\/www.polarmatic.com\/wp-content\/uploads\/2023\/03\/iStock-1419894922-Service-Solutions-Image-for-Online-Troubleshooting-768x475.jpg 768w, https:\/\/www.polarmatic.com\/wp-content\/uploads\/2023\/03\/iStock-1419894922-Service-Solutions-Image-for-Online-Troubleshooting-1536x949.jpg 1536w\" sizes=\"auto, (max-width: 2048px) 100vw, 2048px\" \/>\t\t\t\t\t\t\n\t\t\t\t\t<\/div>\n\t\t\t\t\t\t\t\t\n<style>\n#image_1321025145 {\n  width: 80%;\n}\n<\/style>\n\t<\/div>\n\t\n\n\n\t\t<\/div>\n\t\t\t\t\t<\/div>\n\n\t\n\n\n<style>\n#row-1588390274 > .col > .col-inner {\n  padding: 30px 0px 0px 0px;\n}\n<\/style>\n<\/div>\n<div class=\"is-divider divider clearfix\" style=\"max-width:100%;height:1px;\"><\/div>\n\n<div class=\"row align-middle\"  id=\"row-1353723639\">\n\n\n\t<div id=\"col-1388752025\" class=\"col medium-6 small-12 large-6\"  >\n\t\t\t\t<div class=\"col-inner text-left\"  >\n\t\t\t\n\t\t\t\n\n\t<div class=\"img has-hover x md-x lg-x y md-y lg-y\" id=\"image_1780965389\">\n\t\t\t\t\t\t\t\t<div class=\"img-inner image-cover dark\" style=\"padding-top:56.25%;\">\n\t\t\t<img loading=\"lazy\" decoding=\"async\" width=\"2048\" height=\"1366\" src=\"https:\/\/www.polarmatic.com\/wp-content\/uploads\/2023\/03\/iStock-1204099658-Service-Solutions-Image-for-Webshop-2048x1366.jpg\" class=\"attachment-2048x2048 size-2048x2048\" alt=\"Polarmatic webshop for spare parts and aggregate moisture measurement sensor\" srcset=\"https:\/\/www.polarmatic.com\/wp-content\/uploads\/2023\/03\/iStock-1204099658-Service-Solutions-Image-for-Webshop-2048x1366.jpg 2048w, https:\/\/www.polarmatic.com\/wp-content\/uploads\/2023\/03\/iStock-1204099658-Service-Solutions-Image-for-Webshop-300x200.jpg 300w, https:\/\/www.polarmatic.com\/wp-content\/uploads\/2023\/03\/iStock-1204099658-Service-Solutions-Image-for-Webshop-1024x683.jpg 1024w, https:\/\/www.polarmatic.com\/wp-content\/uploads\/2023\/03\/iStock-1204099658-Service-Solutions-Image-for-Webshop-768x512.jpg 768w, https:\/\/www.polarmatic.com\/wp-content\/uploads\/2023\/03\/iStock-1204099658-Service-Solutions-Image-for-Webshop-1536x1024.jpg 1536w\" sizes=\"auto, (max-width: 2048px) 100vw, 2048px\" \/>\t\t\t\t\t\t\n\t\t\t\t\t<\/div>\n\t\t\t\t\t\t\t\t\n<style>\n#image_1780965389 {\n  width: 80%;\n}\n<\/style>\n\t<\/div>\n\t\n\n\n\t\t<\/div>\n\t\t\t\t\t<\/div>\n\n\t\n\n\t<div id=\"col-1503157899\" class=\"col medium-6 small-12 large-6\"  >\n\t\t\t\t<div class=\"col-inner\"  >\n\t\t\t\n\t\t\t\n\n\t<div id=\"text-2128389094\" class=\"text\">\n\t\t\n\n<h2><span lang=\"FR\">La boutique en ligne de pi\u00e8ces de rechange<\/span><\/h2>\n<p><span lang=\"FR\">Les solutions Polarmatic sont fabriqu\u00e9es uniquement \u00e0 partir de mat\u00e9riaux et de composants de la plus haute qualit\u00e9 afin de minimiser le besoin de remplacement ou de r\u00e9paration. Cependant, des pi\u00e8ces de rechange sont parfois n\u00e9cessaires et vous pouvez facilement acheter les pi\u00e8ces de rechange Polarmatic d&rsquo;origine dans la boutique en ligne de Polarmatic.<\/span><\/p>\n\t\t\n<style>\n#text-2128389094 {\n  line-height: 1.5;\n}\n<\/style>\n\t<\/div>\n\t\n<a href=\"https:\/\/parts.polarmatic.com\/customer\/account\/login\" target=\"_blank\" class=\"button primary lowercase\" rel=\"noopener\" >\n\t\t<span>Boutique PI\u00c8CES DE RECHANGE<\/span>\n\t<\/a>\n\n\n\n\t\t<\/div>\n\t\t\t\t\t<\/div>\n\n\t\n\n\n<style>\n#row-1353723639 > .col > .col-inner {\n  padding: 30px 0px 0px 0px;\n}\n<\/style>\n<\/div>\n<div class=\"is-divider divider clearfix\" style=\"max-width:100%;height:1px;\"><\/div>\n\n<div class=\"row align-middle\"  id=\"row-173739290\">\n\n\n\t<div id=\"col-601405181\" class=\"col medium-6 small-12 large-6\"  >\n\t\t\t\t<div class=\"col-inner\"  >\n\t\t\t\n\t\t\t\n\n\t<div id=\"text-2173199274\" class=\"text\">\n\t\t\n\n<h2><span lang=\"FR\">Partenaires de service<\/span><\/h2>\n<p><span lang=\"FR\">Nos partenaires de service form\u00e9s et certifi\u00e9s fournissent une assistance pour les installations de syst\u00e8mes, les services de d\u00e9marrage et de mise en service ainsi que la maintenance et la r\u00e9paration.<\/span><\/p>\n\t\t\n<style>\n#text-2173199274 {\n  line-height: 1.5;\n}\n<\/style>\n\t<\/div>\n\t\n<a href=\"https:\/\/www.polarmatic.com\/fr\/?page_id=9923&#038;preview=true\" class=\"button primary lowercase\" >\n\t\t<span>Partenaires de service<\/span>\n\t<\/a>\n\n\n\n\t\t<\/div>\n\t\t\t\t\t<\/div>\n\n\t\n\n\t<div id=\"col-849148405\" class=\"col medium-6 small-12 large-6\"  >\n\t\t\t\t<div class=\"col-inner text-right\"  >\n\t\t\t\n\t\t\t\n\n\t<div class=\"img has-hover x md-x lg-x y md-y lg-y\" id=\"image_1345547239\">\n\t\t\t\t\t\t\t\t<div class=\"img-inner image-cover dark\" style=\"padding-top:56.25%;\">\n\t\t\t<img loading=\"lazy\" decoding=\"async\" width=\"2048\" height=\"1365\" src=\"https:\/\/www.polarmatic.com\/wp-content\/uploads\/2023\/03\/iStock-1321891103-Service-Solutions-Image-for-Service-Partners-2048x1365.jpg\" class=\"attachment-2048x2048 size-2048x2048\" alt=\"Polarmatic service is supported by certified partners\" srcset=\"https:\/\/www.polarmatic.com\/wp-content\/uploads\/2023\/03\/iStock-1321891103-Service-Solutions-Image-for-Service-Partners-2048x1365.jpg 2048w, https:\/\/www.polarmatic.com\/wp-content\/uploads\/2023\/03\/iStock-1321891103-Service-Solutions-Image-for-Service-Partners-300x200.jpg 300w, https:\/\/www.polarmatic.com\/wp-content\/uploads\/2023\/03\/iStock-1321891103-Service-Solutions-Image-for-Service-Partners-1024x683.jpg 1024w, https:\/\/www.polarmatic.com\/wp-content\/uploads\/2023\/03\/iStock-1321891103-Service-Solutions-Image-for-Service-Partners-768x512.jpg 768w, https:\/\/www.polarmatic.com\/wp-content\/uploads\/2023\/03\/iStock-1321891103-Service-Solutions-Image-for-Service-Partners-1536x1024.jpg 1536w\" sizes=\"auto, (max-width: 2048px) 100vw, 2048px\" \/>\t\t\t\t\t\t\n\t\t\t\t\t<\/div>\n\t\t\t\t\t\t\t\t\n<style>\n#image_1345547239 {\n  width: 80%;\n}\n<\/style>\n\t<\/div>\n\t\n\n\n\t\t<\/div>\n\t\t\t\t\t<\/div>\n\n\t\n\n\n<style>\n#row-173739290 > .col > .col-inner {\n  padding: 30px 0px 0px 0px;\n}\n<\/style>\n<\/div>\n\n","protected":false},"excerpt":{"rendered":"","protected":false},"author":5,"featured_media":0,"parent":0,"menu_order":6,"comment_status":"closed","ping_status":"closed","template":"","meta":{"_acf_changed":false,"footnotes":""},"class_list":["post-9891","page","type-page","status-publish","hentry"],"acf":[],"_links":{"self":[{"href":"https:\/\/www.polarmatic.com\/fr\/wp-json\/wp\/v2\/pages\/9891","targetHints":{"allow":["GET"]}}],"collection":[{"href":"https:\/\/www.polarmatic.com\/fr\/wp-json\/wp\/v2\/pages"}],"about":[{"href":"https:\/\/www.polarmatic.com\/fr\/wp-json\/wp\/v2\/types\/page"}],"author":[{"embeddable":true,"href":"https:\/\/www.polarmatic.com\/fr\/wp-json\/wp\/v2\/users\/5"}],"replies":[{"embeddable":true,"href":"https:\/\/www.polarmatic.com\/fr\/wp-json\/wp\/v2\/comments?post=9891"}],"version-history":[{"count":3,"href":"https:\/\/www.polarmatic.com\/fr\/wp-json\/wp\/v2\/pages\/9891\/revisions"}],"predecessor-version":[{"id":10163,"href":"https:\/\/www.polarmatic.com\/fr\/wp-json\/wp\/v2\/pages\/9891\/revisions\/10163"}],"wp:attachment":[{"href":"https:\/\/www.polarmatic.com\/fr\/wp-json\/wp\/v2\/media?parent=9891"}],"curies":[{"name":"wp","href":"https:\/\/api.w.org\/{rel}","templated":true}]}}