{"id":9923,"date":"2023-02-28T11:35:17","date_gmt":"2023-02-28T09:35:17","guid":{"rendered":"https:\/\/www.polarmatic.com\/?page_id=9923"},"modified":"2024-04-22T10:21:41","modified_gmt":"2024-04-22T07:21:41","slug":"partenaires-de-service","status":"publish","type":"page","link":"https:\/\/www.polarmatic.com\/fr\/service\/partenaires-de-service\/","title":{"rendered":"Partenaires de service"},"content":{"rendered":"\n<div class=\"row\"  id=\"row-1147363511\">\n\n\n\t<div id=\"col-646609662\" class=\"col small-12 large-12\"  >\n\t\t\t\t<div class=\"col-inner\"  >\n\t\t\t\n\t\t\t\n\n\t\t<div class=\"pm-breadcrumbs\">\n\t\t\t\t\n\n<span><span><a href=\"https:\/\/www.polarmatic.com\/fr\/\">Home<\/a><\/span><\/span>\n\t\t<\/div>\n\t\n\n\t\t<\/div>\n\t\t\t\t\t<\/div>\n\n\t\n\n<\/div>\n\n\t<section class=\"section dark\" id=\"section_1153090522\">\n\t\t<div class=\"section-bg fill\" >\n\t\t\t\t\t\t\t\t\t\n\t\t\t\n\n\t\t<\/div>\n\n\t\t\n\n\t\t<div class=\"section-content relative\">\n\t\t\t\n\n<div class=\"row align-center\"  id=\"row-2010262932\">\n\n\n\t<div id=\"col-1869650013\" class=\"col medium-10 small-12 large-10\"  >\n\t\t\t\t<div class=\"col-inner text-center\"  >\n\t\t\t\n\t\t\t\n\n<h1><span lang=\"FR\">Partenaires de service<\/span><\/h1>\n<p><span lang=\"FR\" style=\"font-size: 130%;\">Nos partenaires de service form\u00e9s et certifi\u00e9s fournissent une assistance locale pour les installations, les d\u00e9marrages et les mises en ainsi que la maintenance et les r\u00e9parations.<\/span><\/p>\n\n\t\t<\/div>\n\t\t\t\t\t<\/div>\n\n\t\n\n<\/div>\n\n\t\t<\/div>\n\n\t\t\n<style>\n#section_1153090522 {\n  padding-top: 30px;\n  padding-bottom: 30px;\n  background-color: #82ab4e;\n}\n<\/style>\n\t<\/section>\n\t\n<div class=\"row align-center\"  id=\"row-1994479009\">\n\n\n\t<div id=\"col-486583348\" class=\"col medium-8 small-12 large-8\"  >\n\t\t\t\t<div class=\"col-inner\"  >\n\t\t\t\n\t\t\t\n\n\t<div id=\"text-3539701181\" class=\"text\">\n\t\t\n\n<h2>Masor Works Oy<\/h2>\n<p>Masor Works Oy est notre partenaire de service agr\u00e9\u00e9 et certifi\u00e9 \u00e0 qui nous confions la maintenance annuelle des unit\u00e9s Polarmatic dans le monde entier, en coop\u00e9ration avec nos \u00e9quipes de service internes.\u00a0<\/p>\n<p>Veuillez contacter service@polarmatic.com pour obtenir de l&rsquo;aide.<\/p>\n<p>\u00a0<\/p>\n<p><img loading=\"lazy\" decoding=\"async\" class=\"alignnone  wp-image-4466\" src=\"https:\/\/www.polarmatic.com\/wp-content\/uploads\/2023\/03\/masor-works_ACSP-leima-300x300.jpg\" alt=\"Masor Works - authorized and certified Polarmatic service partner.\" width=\"138\" height=\"138\" srcset=\"https:\/\/www.polarmatic.com\/wp-content\/uploads\/2023\/03\/masor-works_ACSP-leima-300x300.jpg 300w, https:\/\/www.polarmatic.com\/wp-content\/uploads\/2023\/03\/masor-works_ACSP-leima-150x150.jpg 150w, https:\/\/www.polarmatic.com\/wp-content\/uploads\/2023\/03\/masor-works_ACSP-leima.jpg 655w\" sizes=\"auto, (max-width: 138px) 100vw, 138px\" \/><\/p>\n<p>\u00a0<\/p>\n<h2>\u00a0<\/h2>\n<h3>\u00a0<\/h3>\n\t\t\n<style>\n#text-3539701181 {\n  line-height: 1.5;\n}\n<\/style>\n\t<\/div>\n\t\n\n\t\t<\/div>\n\t\t\t\t\t<\/div>\n\n\t\n\n<\/div>\n\n","protected":false},"excerpt":{"rendered":"","protected":false},"author":5,"featured_media":0,"parent":9891,"menu_order":1,"comment_status":"closed","ping_status":"closed","template":"","meta":{"_acf_changed":false,"footnotes":""},"class_list":["post-9923","page","type-page","status-publish","hentry"],"acf":[],"_links":{"self":[{"href":"https:\/\/www.polarmatic.com\/fr\/wp-json\/wp\/v2\/pages\/9923","targetHints":{"allow":["GET"]}}],"collection":[{"href":"https:\/\/www.polarmatic.com\/fr\/wp-json\/wp\/v2\/pages"}],"about":[{"href":"https:\/\/www.polarmatic.com\/fr\/wp-json\/wp\/v2\/types\/page"}],"author":[{"embeddable":true,"href":"https:\/\/www.polarmatic.com\/fr\/wp-json\/wp\/v2\/users\/5"}],"replies":[{"embeddable":true,"href":"https:\/\/www.polarmatic.com\/fr\/wp-json\/wp\/v2\/comments?post=9923"}],"version-history":[{"count":2,"href":"https:\/\/www.polarmatic.com\/fr\/wp-json\/wp\/v2\/pages\/9923\/revisions"}],"predecessor-version":[{"id":9927,"href":"https:\/\/www.polarmatic.com\/fr\/wp-json\/wp\/v2\/pages\/9923\/revisions\/9927"}],"up":[{"embeddable":true,"href":"https:\/\/www.polarmatic.com\/fr\/wp-json\/wp\/v2\/pages\/9891"}],"wp:attachment":[{"href":"https:\/\/www.polarmatic.com\/fr\/wp-json\/wp\/v2\/media?parent=9923"}],"curies":[{"name":"wp","href":"https:\/\/api.w.org\/{rel}","templated":true}]}}